{"id":13931,"date":"2019-04-09T19:20:01","date_gmt":"2019-04-09T17:20:01","guid":{"rendered":"http:\/\/md-online.pl\/?page_id=13931"},"modified":"2025-01-23T12:24:04","modified_gmt":"2025-01-23T11:24:04","slug":"kontakt","status":"publish","type":"page","link":"https:\/\/md-online.pl\/pl\/kontakt\/","title":{"rendered":"Kontakt"},"content":{"rendered":"[vc_row full_width=&#8221;stretch_row&#8221; parallax=&#8221;content-moving&#8221; parallax_speed_bg=&#8221;1.7&#8243; css=&#8221;.vc_custom_1550004165625{margin-top: -30px !important;padding-top: 50px !important;padding-bottom: 50px !important;background-image: url(http:\/\/ecorrector.com\/wp-content\/uploads\/2019\/01\/background-why-us-v4.jpg?id=12548) !important;background-position: center;background-repeat: no-repeat;background-size: cover !important;}&#8221;][vc_column][vc_row_inner][vc_column_inner width=&#8221;1\/3&#8243;][vc_column_text css_animation=&#8221;zoomIn&#8221;]<div class=\"custom\" style=\"background:-moz-linear-gradient(center top , #FFFFFF, #EEEEEE) repeat scroll 0 0 transparent;\r\n\t\t\t\t\t\t   background: -webkit-gradient(linear, center top, center bottom, from(#FFFFFF), to(#EEEEEE));\r\n\t\t\t\t\t\t   background: -o-linear-gradient(top, #FFFFFF 0%,#EEEEEE 99%); \/* Opera 11.10+ *\/\r\n\t\t\t\t\t\t   background: -ms-linear-gradient(top, #FFFFFF 0%,#EEEEEE 99%); \/* IE10+ *\/\r\n\t\t\t\t\t\t   margin-left:0 !important;\r\n\t\t\t\t\t\t   margin-right:0 !important;\r\n\t\t\t\t\t\t   border:1px solid #FFFFFF;\r\n\t\t\t\t\t\t   background-color: #EEEEEE;\r\n\t\t\t\t\t\t   width:100%;\r\n\t\t\t\t\t\t   color:#888888;\"><div class=\"inner-padding\">\n<div style=\"padding-bottom: 18px;\">\n<div style=\"text-align: center; margin-bottom: 20px;\">\n<h4 style=\"margin-bottom: 20px;\"><span style=\"font-size: 30px; color: #e20602;\">MD Online sp. z o.o.<\/span><\/h4>\n<h5 style=\"margin-bottom: 20px;\"><span style=\"font-size: 22px; color: #444444;\"><img decoding=\"async\" class=\"alignnone\" src=\"http:\/\/ecorrector.com\/wp-content\/uploads\/2019\/02\/Poland-flag.png\" alt=\"\" width=\"32\" height=\"22\" \/> Warszawa, PL<\/span><\/h5>\n<\/div>\n<div style=\"text-align: center; margin-bottom: 20px;\">ul. K\u0142obucka 7<\/div>\n<div style=\"text-align: center; margin-bottom: 20px;\">02-699 Warszawa<\/div>\n<div style=\"text-align: center; margin-bottom: 20px;\"><i class=\"fa fa-volume-control-phone\" style=\"color:#1e8ffe;\"><\/i> +48 724 800 061<\/div>\n<div style=\"text-align: center; margin-bottom: 10px;\"><i class=\"fa fa-weixin\" style=\"color:#1e8ffe;\"><\/i> <a href=\"mailto:info@md-online.pl\">info@md-online.pl<\/a><\/div>\n<\/div>\n<\/div><\/div>[\/vc_column_text][\/vc_column_inner][vc_column_inner width=&#8221;1\/3&#8243;][vc_column_text css_animation=&#8221;zoomIn&#8221;]<div class=\"custom\" style=\"background:-moz-linear-gradient(center top , #FFFFFF, #EEEEEE) repeat scroll 0 0 transparent;\r\n\t\t\t\t\t\t   background: -webkit-gradient(linear, center top, center bottom, from(#FFFFFF), to(#EEEEEE));\r\n\t\t\t\t\t\t   background: -o-linear-gradient(top, #FFFFFF 0%,#EEEEEE 99%); \/* Opera 11.10+ *\/\r\n\t\t\t\t\t\t   background: -ms-linear-gradient(top, #FFFFFF 0%,#EEEEEE 99%); \/* IE10+ *\/\r\n\t\t\t\t\t\t   margin-left:0 !important;\r\n\t\t\t\t\t\t   margin-right:0 !important;\r\n\t\t\t\t\t\t   border:1px solid #FFFFFF;\r\n\t\t\t\t\t\t   background-color: #EEEEEE;\r\n\t\t\t\t\t\t   width:100%;\r\n\t\t\t\t\t\t   color:#888888;\"><div class=\"inner-padding\">\n<div style=\"text-align: center; padding-top: 2px; margin-bottom: 0px;\"><img decoding=\"async\" class=\"aligncenter\" src=\"http:\/\/md-online.pl\/wp-content\/uploads\/sites\/2\/2019\/03\/warsaw-md-online.jpg\" alt=\"\" \/><\/div>\n<\/div><\/div>[\/vc_column_text][\/vc_column_inner][vc_column_inner width=&#8221;1\/3&#8243;][vc_column_text css_animation=&#8221;zoomIn&#8221;]<div class=\"custom\" style=\"background:-moz-linear-gradient(center top , #FFFFFF, #EEEEEE) repeat scroll 0 0 transparent;\r\n\t\t\t\t\t\t   background: -webkit-gradient(linear, center top, center bottom, from(#FFFFFF), to(#EEEEEE));\r\n\t\t\t\t\t\t   background: -o-linear-gradient(top, #FFFFFF 0%,#EEEEEE 99%); \/* Opera 11.10+ *\/\r\n\t\t\t\t\t\t   background: -ms-linear-gradient(top, #FFFFFF 0%,#EEEEEE 99%); \/* IE10+ *\/\r\n\t\t\t\t\t\t   margin-left:0 !important;\r\n\t\t\t\t\t\t   margin-right:0 !important;\r\n\t\t\t\t\t\t   border:1px solid #FFFFFF;\r\n\t\t\t\t\t\t   background-color: #EEEEEE;\r\n\t\t\t\t\t\t   width:100%;\r\n\t\t\t\t\t\t   color:#888888;\"><div class=\"inner-padding\"><iframe loading=\"lazy\" style=\"border: 0;\" src=\"https:\/\/www.google.com\/maps\/embed?pb=!1m18!1m12!1m3!1d2447.5511258856413!2d20.98971561579409!3d52.1606724797478!2m3!1f0!2f0!3f0!3m2!1i1024!2i768!4f13.1!3m3!1m2!1s0x471933bbf8bde8ef%3A0xbe1874d6529c4562!2sMD+Online!5e0!3m2!1spl!2spl!4v1555005736616!5m2!1spl!2spl\" width=\"332\" height=\"333\" frameborder=\"0\" allowfullscreen=\"allowfullscreen\"><\/iframe><\/div><\/div>[\/vc_column_text][\/vc_column_inner][\/vc_row_inner][\/vc_column][\/vc_row][vc_row full_width=&#8221;stretch_row&#8221; css=&#8221;.vc_custom_1549963909310{margin-top: -40px !important;margin-bottom: 30px !important;}&#8221;][vc_column]\t\t<style type=\"text\/css\">\r\n\t\t    #content-block-background-1132 { background-image: url(); background-position: center top; background-repeat: no-repeat; background-color: #E20602; background-attachment: fixed; background-size: auto; }\r\n\t\t    #content-block-body-1132 { padding: 40px 0; color: #ffffff; }\r\n\t\t    .content-block-body { margin-left: auto; margin-right: auto; position: relative; }\r\n\t\t<\/style>\r\n\t\t\t\t\t<style type=\"text\/css\">\r\n\t\t\t\t#wrapper-1 { overflow-x: hidden; }\r\n\t\t\t\t#content-block-background-1132 { margin: 0 -10000px; padding: 0 10000px; }\r\n\t\t\t<\/style>\r\n\t\t\r\n\t\t\r\n\t\t<div class=\"clear\"><\/div>\r\n\t\t<div id=\"content-block-background-1132\" class=\"content-block-background \">\r\n\t\t\t<div id=\"content-block-body-1132\" class=\"content-block-body\">\r\n\t\t\t\t<div class=\"clear\"><\/div>\r\n\t\t\t\t\n<h3 style=\"float: left; margin: 10px 0; font-size: 20px !important; color: #fff;\">Prze\u015blij sw\u00f3j tekst do darmowej wyceny<\/h3>\n<a class=\"flat-custom-button align-btn-right\" href=\"http:\/\/md-online.pl\/pl\/wyslij-tekst-do-darmowej-wyceny\/\" title=\"send text\" target=\"_blank\"><span style=\"padding:15px 20px; background-color:transparent; border:2px solid #FFFFFF; color:#FFFFFF; font-size:14px;\">wy\u015blij tekst do darmowej wyceny<\/span><\/a>\t\t\t\t<div class=\"clear\"><\/div>\r\n\t\t\t<\/div>\r\n\t\t<\/div>\r\n\t\t<div class=\"clear\"><\/div>\r\n\t[\/vc_column][\/vc_row][vc_row full_width=&#8221;stretch_row&#8221; css=&#8221;.vc_custom_1518746253078{margin-top: -40px !important;}&#8221;][vc_column]\t\t<style type=\"text\/css\">\r\n\t\t    #content-block-background-1125 { background-image: url(https:\/\/md-online.pl\/wp-content\/uploads\/sites\/2\/2019\/02\/page-1_slide01.jpg); background-position: center center; background-repeat: repeat-x; background-color: #293037; background-attachment: fixed; background-size: auto; }\r\n\t\t    #content-block-body-1125 { padding: 100px 0; color: #ffffff; }\r\n\t\t    .content-block-body { margin-left: auto; margin-right: auto; position: relative; }\r\n\t\t<\/style>\r\n\t\t\t\t\t<style type=\"text\/css\">\r\n\t\t\t\t#wrapper-1 { overflow-x: hidden; }\r\n\t\t\t\t#content-block-background-1125 { margin: 0 -10000px; padding: 0 10000px; }\r\n\t\t\t<\/style>\r\n\t\t\r\n\t\t\r\n\t\t<div class=\"clear\"><\/div>\r\n\t\t<div id=\"content-block-background-1125\" class=\"content-block-background \">\r\n\t\t\t<div id=\"content-block-body-1125\" class=\"content-block-body\">\r\n\t\t\t\t<div class=\"clear\"><\/div>\r\n\t\t\t\t\n<div style=\"text-align: center;\">\n<h4 style=\"margin-bottom: 25px;\"><span style=\"font-size: 32px; color: #fff;\">Sprawd\u017a,\u00a0<span style=\"color: #e20602;\">jak mo\u017cemy <\/span> Ci pom\u00f3c<\/span><\/h4>\n<h5 style=\"margin-bottom: 20px; color: #fff; font-size: 16px;\">Je\u015bli masz pytania dotycz\u0105ce naszych us\u0142ug lub chcia\u0142by\u015b zosta\u0107 t\u0142umaczem w MD Online, skorzystaj z poni\u017cszego formularza kontaktowego. Nasz zesp\u00f3\u0142 ch\u0119tnie wyja\u015bni wszelkie kwestie od poniedzia\u0142ku do pi\u0105tku mi\u0119dzy 8.00 a 18.00. Staramy si\u0119 udzieli\u0107 wyczerpuj\u0105cej odpowiedzi w ci\u0105gu godziny.<\/h5>\n<div><strong><a title=\"Napisz do nas\" href=\"mailto:info@ecorrector.com\"><span style=\"font-size: 16px; font-style: italic;\">Napisz do nas<\/span><\/a><\/strong><\/div>\n<\/div>\n\t\t\t\t<div class=\"clear\"><\/div>\r\n\t\t\t<\/div>\r\n\t\t<\/div>\r\n\t\t<div class=\"clear\"><\/div>\r\n\t[\/vc_column][\/vc_row][vc_row css=&#8221;.vc_custom_1518746702234{padding-top: 40px !important;padding-bottom: 40px !important;}&#8221;][vc_column][vc_row_inner][vc_column_inner width=&#8221;2\/3&#8243;][vc_column_text css=&#8221;.vc_custom_1552232101767{margin-bottom: 10px !important;}&#8221;]\n<h4>Expert Translation Support<\/h4>\n[\/vc_column_text][vc_column_text css=&#8221;.vc_custom_1673966274998{padding-top: 20px !important;}&#8221;]\n<p style=\"text-align: justify;\">Expert Translation Support to podstawa oferty MD Online, pracujemy z ekspertami, kt\u00f3rzy dopracuj\u0105 t\u0142umaczenie do perfekcji i b\u0119d\u0105 wsparciem w rozwoju twojej firmy. W ramach \u015bwiadczonych us\u0142ug wsp\u00f3\u0142pracujemy z wykwalifikowanymi native speakerami, kt\u00f3ry profesjonalnie przet\u0142umacz\u0105 i zweryfikuj\u0119 teksty z niemal wszystkich dziedzin. T\u0142umaczymy g\u0142\u00f3wnie teksty angielskie i niemieckie na wszystkie j\u0119zyki europejskie oraz wiele innych spoza naszego kontynentu. Z przyjemno\u015bci\u0105 pomo\u017cemy w rzadszych konfiguracjach j\u0119zykowych. Dzi\u0119ki naszemu wieloletniemu do\u015bwiadczeniu, uda\u0142o nam si\u0119 zbudowa\u0107 pr\u0119\u017cnie dzia\u0142aj\u0105cy zesp\u00f3\u0142 t\u0142umaczy o zr\u00f3\u017cnicowanych profilach. Nieustannie rozwijamy nasze umiej\u0119tno\u015bci w obs\u0142udze projekt\u00f3w w programach CAT oraz mniej popularnych formatach plik\u00f3w.<\/p>\n<p style=\"text-align: justify;\">Opr\u00f3cz t\u0142umacze\u0144, nasza oferta obejmuje wysokiej jako\u015bci korekty. S\u0105 one wykonywane wy\u0142\u0105cznie przez native speaker\u00f3w j\u0119zyka docelowego, co gwarantuje zgodno\u015b\u0107 tekstu z zasadami gramatyki, p\u0142ynno\u015b\u0107 stylistyczn\u0105 oraz odpowiedni\u0105 lokalizacj\u0119 tre\u015bci. Nasi korektorzy specjalizuj\u0105 si\u0119 w r\u00f3\u017cnych dyscyplinach. Je\u015bli tekst jest przeznaczony do publikacji w mi\u0119dzynarodowym czasopi\u015bmie recenzowanym, polecamy skorzystanie z us\u0142ugi korekty specjalistycznej przed przes\u0142aniem tekstu do wydawcy. Nasza siostrzana firma, <span style=\"color: #e20602;\"><a style=\"color: #e20602;\" href=\"http:\/\/www.ecorrector.com\" target=\"_blank\" rel=\"noopener\">eCORRECTOR Ltd<\/a><\/span>, ma w tym obszarze ogromne do\u015bwiadczenie i sukcesy.<\/p>\n<p style=\"text-align: justify;\">Je\u015bli masz pytania dotycz\u0105ce naszych us\u0142ug lub chcia\u0142by\u015b zosta\u0107 t\u0142umaczem w MD Online, <a href=\"mailto:info@md-online.pl\">skontaktuj si\u0119 z nami<\/a>.<\/p>\n[\/vc_column_text][\/vc_column_inner][vc_column_inner width=&#8221;1\/3&#8243;][vc_column_text]\n<h4>Poszukujemy<\/h4>\n[\/vc_column_text][vc_column_text]<div class=\"clear\"><\/div><div class=\"accordion-wrapper\"><h3 class=\"accordion-toggle\"><a href=\"#\">T\u0142umacz<\/a><\/h3><div class=\"accordion-container\">  <div class=\"content-block\">Prze\u015blij swoje CV <a href=\"mailto:info@md-online.pl\">tutaj<\/a><br \/><\/div><\/div><!-- end accordion-container --><h3 class=\"accordion-toggle\"><a href=\"#\">Korektor<\/a><\/h3><div class=\"accordion-container\">  <div class=\"content-block\">Prze\u015blij swoje CV <a href=\"mailto:info@md-online.pl\">tutaj<\/a><br \/><\/div><\/div><!-- end accordion-container --><h3 class=\"accordion-toggle\"><a href=\"#\">Inne<\/a><\/h3><div class=\"accordion-container\">  <div class=\"content-block\">Prze\u015blij swoje CV <a href=\"mailto:info@md-online.pl\">tutaj<\/a><br \/><\/div><\/div><!-- end accordion-container --><\/div><!-- end accordion-wrapper --><div class=\"clear\"><\/div>[\/vc_column_text][\/vc_column_inner][\/vc_row_inner][\/vc_column][\/vc_row]\n","protected":false},"excerpt":{"rendered":"<p>[vc_row full_width=&#8221;stretch_row&#8221; parallax=&#8221;content-moving&#8221; parallax_speed_bg=&#8221;1.7&#8243; css=&#8221;.vc_custom_1550004165625{margin-top: -30px !important;padding-top: 50px !important;padding-bottom: 50px !important;background-image: url(http:\/\/ecorrector.com\/wp-content\/uploads\/2019\/01\/background-why-us-v4.jpg?id=12548) !important;background-position: center;background-repeat: no-repeat;background-size: cover !important;}&#8221;][vc_column][vc_row_inner][vc_column_inner width=&#8221;1\/3&#8243;][vc_column_text css_animation=&#8221;zoomIn&#8221;][\/vc_column_text][\/vc_column_inner][vc_column_inner width=&#8221;1\/3&#8243;][vc_column_text css_animation=&#8221;zoomIn&#8221;][\/vc_column_text][\/vc_column_inner][vc_column_inner width=&#8221;1\/3&#8243;][vc_column_text css_animation=&#8221;zoomIn&#8221;][\/vc_column_text][\/vc_column_inner][\/vc_row_inner][\/vc_column][\/vc_row][vc_row full_width=&#8221;stretch_row&#8221; css=&#8221;.vc_custom_1549963909310{margin-top: -40px !important;margin-bottom: 30px !important;}&#8221;][vc_column][\/vc_column][\/vc_row][vc_row full_width=&#8221;stretch_row&#8221; css=&#8221;.vc_custom_1518746253078{margin-top: -40px !important;}&#8221;][vc_column][\/vc_column][\/vc_row][vc_row css=&#8221;.vc_custom_1518746702234{padding-top: 40px !important;padding-bottom: 40px !important;}&#8221;][vc_column][vc_row_inner][vc_column_inner width=&#8221;2\/3&#8243;][vc_column_text css=&#8221;.vc_custom_1552232101767{margin-bottom: 10px !important;}&#8221;] Expert Translation Support [\/vc_column_text][vc_column_text css=&#8221;.vc_custom_1673966274998{padding-top: 20px !important;}&#8221;] Expert Translation Support to podstawa oferty MD Online, pracujemy z ekspertami, kt\u00f3rzy dopracuj\u0105 t\u0142umaczenie do perfekcji i b\u0119d\u0105 wsparciem w rozwoju twojej firmy. W ramach \u015bwiadczonych us\u0142ug wsp\u00f3\u0142pracujemy z wykwalifikowanymi native speakerami, kt\u00f3ry profesjonalnie przet\u0142umacz\u0105 i zweryfikuj\u0119 teksty z niemal wszystkich dziedzin. T\u0142umaczymy g\u0142\u00f3wnie teksty angielskie i niemieckie na wszystkie j\u0119zyki europejskie oraz wiele innych spoza naszego kontynentu. Z przyjemno\u015bci\u0105 pomo\u017cemy w rzadszych konfiguracjach j\u0119zykowych. Dzi\u0119ki naszemu wieloletniemu do\u015bwiadczeniu, uda\u0142o nam si\u0119 zbudowa\u0107 pr\u0119\u017cnie dzia\u0142aj\u0105cy zesp\u00f3\u0142 t\u0142umaczy o zr\u00f3\u017cnicowanych profilach. Nieustannie rozwijamy nasze umiej\u0119tno\u015bci w obs\u0142udze projekt\u00f3w w programach CAT oraz mniej popularnych formatach plik\u00f3w. Opr\u00f3cz t\u0142umacze\u0144, nasza oferta obejmuje wysokiej<\/p>\n","protected":false},"author":1,"featured_media":0,"parent":0,"menu_order":0,"comment_status":"closed","ping_status":"closed","template":"page-FullWidth.php","meta":{"_monsterinsights_skip_tracking":false,"_monsterinsights_sitenote_active":false,"_monsterinsights_sitenote_note":"","_monsterinsights_sitenote_category":0,"footnotes":""},"class_list":["post-13931","page","type-page","status-publish","hentry"],"yoast_head":"<!-- This site is optimized with the Yoast SEO plugin v21.0 - https:\/\/yoast.com\/wordpress\/plugins\/seo\/ -->\n<title>Kontakt - MD Online<\/title>\n<meta name=\"robots\" content=\"index, follow, max-snippet:-1, max-image-preview:large, max-video-preview:-1\" \/>\n<link rel=\"canonical\" href=\"https:\/\/md-online.pl\/pl\/kontakt\/\" \/>\n<meta property=\"og:locale\" content=\"pl_PL\" \/>\n<meta property=\"og:type\" content=\"article\" \/>\n<meta property=\"og:title\" content=\"Kontakt - MD Online\" \/>\n<meta property=\"og:description\" content=\"[vc_row full_width=&#8221;stretch_row&#8221; parallax=&#8221;content-moving&#8221; parallax_speed_bg=&#8221;1.7&#8243; css=&#8221;.vc_custom_1550004165625{margin-top: -30px !important;padding-top: 50px !important;padding-bottom: 50px !important;background-image: url(http:\/\/ecorrector.com\/wp-content\/uploads\/2019\/01\/background-why-us-v4.jpg?id=12548) !important;background-position: center;background-repeat: no-repeat;background-size: cover !important;}&#8221;][vc_column][vc_row_inner][vc_column_inner width=&#8221;1\/3&#8243;][vc_column_text css_animation=&#8221;zoomIn&#8221;][\/vc_column_text][\/vc_column_inner][vc_column_inner width=&#8221;1\/3&#8243;][vc_column_text css_animation=&#8221;zoomIn&#8221;][\/vc_column_text][\/vc_column_inner][vc_column_inner width=&#8221;1\/3&#8243;][vc_column_text css_animation=&#8221;zoomIn&#8221;][\/vc_column_text][\/vc_column_inner][\/vc_row_inner][\/vc_column][\/vc_row][vc_row full_width=&#8221;stretch_row&#8221; css=&#8221;.vc_custom_1549963909310{margin-top: -40px !important;margin-bottom: 30px !important;}&#8221;][vc_column][\/vc_column][\/vc_row][vc_row full_width=&#8221;stretch_row&#8221; css=&#8221;.vc_custom_1518746253078{margin-top: -40px !important;}&#8221;][vc_column][\/vc_column][\/vc_row][vc_row css=&#8221;.vc_custom_1518746702234{padding-top: 40px !important;padding-bottom: 40px !important;}&#8221;][vc_column][vc_row_inner][vc_column_inner width=&#8221;2\/3&#8243;][vc_column_text css=&#8221;.vc_custom_1552232101767{margin-bottom: 10px !important;}&#8221;] Expert Translation Support [\/vc_column_text][vc_column_text css=&#8221;.vc_custom_1673966274998{padding-top: 20px !important;}&#8221;] Expert Translation Support to podstawa oferty MD Online, pracujemy z ekspertami, kt\u00f3rzy dopracuj\u0105 t\u0142umaczenie do perfekcji i b\u0119d\u0105 wsparciem w rozwoju twojej firmy. W ramach \u015bwiadczonych us\u0142ug wsp\u00f3\u0142pracujemy z wykwalifikowanymi native speakerami, kt\u00f3ry profesjonalnie przet\u0142umacz\u0105 i zweryfikuj\u0119 teksty z niemal wszystkich dziedzin. T\u0142umaczymy g\u0142\u00f3wnie teksty angielskie i niemieckie na wszystkie j\u0119zyki europejskie oraz wiele innych spoza naszego kontynentu. Z przyjemno\u015bci\u0105 pomo\u017cemy w rzadszych konfiguracjach j\u0119zykowych. Dzi\u0119ki naszemu wieloletniemu do\u015bwiadczeniu, uda\u0142o nam si\u0119 zbudowa\u0107 pr\u0119\u017cnie dzia\u0142aj\u0105cy zesp\u00f3\u0142 t\u0142umaczy o zr\u00f3\u017cnicowanych profilach. Nieustannie rozwijamy nasze umiej\u0119tno\u015bci w obs\u0142udze projekt\u00f3w w programach CAT oraz mniej popularnych formatach plik\u00f3w. Opr\u00f3cz t\u0142umacze\u0144, nasza oferta obejmuje wysokiej\" \/>\n<meta property=\"og:url\" content=\"https:\/\/md-online.pl\/pl\/kontakt\/\" \/>\n<meta property=\"og:site_name\" content=\"MD Online\" \/>\n<meta property=\"article:modified_time\" content=\"2025-01-23T11:24:04+00:00\" \/>\n<meta property=\"og:image\" content=\"http:\/\/ecorrector.com\/wp-content\/uploads\/2019\/02\/Poland-flag.png\" \/>\n<meta name=\"twitter:card\" content=\"summary_large_image\" \/>\n<meta name=\"twitter:label1\" content=\"Szacowany czas czytania\" \/>\n\t<meta name=\"twitter:data1\" content=\"3 minuty\" \/>\n<script type=\"application\/ld+json\" class=\"yoast-schema-graph\">{\"@context\":\"https:\/\/schema.org\",\"@graph\":[{\"@type\":\"WebPage\",\"@id\":\"https:\/\/md-online.pl\/pl\/kontakt\/\",\"url\":\"https:\/\/md-online.pl\/pl\/kontakt\/\",\"name\":\"Kontakt - MD Online\",\"isPartOf\":{\"@id\":\"https:\/\/md-online.pl\/en\/#website\"},\"datePublished\":\"2019-04-09T17:20:01+00:00\",\"dateModified\":\"2025-01-23T11:24:04+00:00\",\"breadcrumb\":{\"@id\":\"https:\/\/md-online.pl\/pl\/kontakt\/#breadcrumb\"},\"inLanguage\":\"pl-PL\",\"potentialAction\":[{\"@type\":\"ReadAction\",\"target\":[\"https:\/\/md-online.pl\/pl\/kontakt\/\"]}]},{\"@type\":\"BreadcrumbList\",\"@id\":\"https:\/\/md-online.pl\/pl\/kontakt\/#breadcrumb\",\"itemListElement\":[{\"@type\":\"ListItem\",\"position\":1,\"name\":\"Strona g\u0142\u00f3wna\",\"item\":\"https:\/\/md-online.pl\/pl\/\"},{\"@type\":\"ListItem\",\"position\":2,\"name\":\"Kontakt\"}]},{\"@type\":\"WebSite\",\"@id\":\"https:\/\/md-online.pl\/en\/#website\",\"url\":\"https:\/\/md-online.pl\/en\/\",\"name\":\"MD Online\",\"description\":\"Expert Communication Support\",\"potentialAction\":[{\"@type\":\"SearchAction\",\"target\":{\"@type\":\"EntryPoint\",\"urlTemplate\":\"https:\/\/md-online.pl\/en\/?s={search_term_string}\"},\"query-input\":\"required name=search_term_string\"}],\"inLanguage\":\"pl-PL\"}]}<\/script>\n<!-- \/ Yoast SEO plugin. -->","yoast_head_json":{"title":"Kontakt - MD Online","robots":{"index":"index","follow":"follow","max-snippet":"max-snippet:-1","max-image-preview":"max-image-preview:large","max-video-preview":"max-video-preview:-1"},"canonical":"https:\/\/md-online.pl\/pl\/kontakt\/","og_locale":"pl_PL","og_type":"article","og_title":"Kontakt - MD Online","og_description":"[vc_row full_width=&#8221;stretch_row&#8221; parallax=&#8221;content-moving&#8221; parallax_speed_bg=&#8221;1.7&#8243; css=&#8221;.vc_custom_1550004165625{margin-top: -30px !important;padding-top: 50px !important;padding-bottom: 50px !important;background-image: url(http:\/\/ecorrector.com\/wp-content\/uploads\/2019\/01\/background-why-us-v4.jpg?id=12548) !important;background-position: center;background-repeat: no-repeat;background-size: cover !important;}&#8221;][vc_column][vc_row_inner][vc_column_inner width=&#8221;1\/3&#8243;][vc_column_text css_animation=&#8221;zoomIn&#8221;][\/vc_column_text][\/vc_column_inner][vc_column_inner width=&#8221;1\/3&#8243;][vc_column_text css_animation=&#8221;zoomIn&#8221;][\/vc_column_text][\/vc_column_inner][vc_column_inner width=&#8221;1\/3&#8243;][vc_column_text css_animation=&#8221;zoomIn&#8221;][\/vc_column_text][\/vc_column_inner][\/vc_row_inner][\/vc_column][\/vc_row][vc_row full_width=&#8221;stretch_row&#8221; css=&#8221;.vc_custom_1549963909310{margin-top: -40px !important;margin-bottom: 30px !important;}&#8221;][vc_column][\/vc_column][\/vc_row][vc_row full_width=&#8221;stretch_row&#8221; css=&#8221;.vc_custom_1518746253078{margin-top: -40px !important;}&#8221;][vc_column][\/vc_column][\/vc_row][vc_row css=&#8221;.vc_custom_1518746702234{padding-top: 40px !important;padding-bottom: 40px !important;}&#8221;][vc_column][vc_row_inner][vc_column_inner width=&#8221;2\/3&#8243;][vc_column_text css=&#8221;.vc_custom_1552232101767{margin-bottom: 10px !important;}&#8221;] Expert Translation Support [\/vc_column_text][vc_column_text css=&#8221;.vc_custom_1673966274998{padding-top: 20px !important;}&#8221;] Expert Translation Support to podstawa oferty MD Online, pracujemy z ekspertami, kt\u00f3rzy dopracuj\u0105 t\u0142umaczenie do perfekcji i b\u0119d\u0105 wsparciem w rozwoju twojej firmy. W ramach \u015bwiadczonych us\u0142ug wsp\u00f3\u0142pracujemy z wykwalifikowanymi native speakerami, kt\u00f3ry profesjonalnie przet\u0142umacz\u0105 i zweryfikuj\u0119 teksty z niemal wszystkich dziedzin. T\u0142umaczymy g\u0142\u00f3wnie teksty angielskie i niemieckie na wszystkie j\u0119zyki europejskie oraz wiele innych spoza naszego kontynentu. Z przyjemno\u015bci\u0105 pomo\u017cemy w rzadszych konfiguracjach j\u0119zykowych. Dzi\u0119ki naszemu wieloletniemu do\u015bwiadczeniu, uda\u0142o nam si\u0119 zbudowa\u0107 pr\u0119\u017cnie dzia\u0142aj\u0105cy zesp\u00f3\u0142 t\u0142umaczy o zr\u00f3\u017cnicowanych profilach. Nieustannie rozwijamy nasze umiej\u0119tno\u015bci w obs\u0142udze projekt\u00f3w w programach CAT oraz mniej popularnych formatach plik\u00f3w. Opr\u00f3cz t\u0142umacze\u0144, nasza oferta obejmuje wysokiej","og_url":"https:\/\/md-online.pl\/pl\/kontakt\/","og_site_name":"MD Online","article_modified_time":"2025-01-23T11:24:04+00:00","og_image":[{"url":"http:\/\/ecorrector.com\/wp-content\/uploads\/2019\/02\/Poland-flag.png"}],"twitter_card":"summary_large_image","twitter_misc":{"Szacowany czas czytania":"3 minuty"},"schema":{"@context":"https:\/\/schema.org","@graph":[{"@type":"WebPage","@id":"https:\/\/md-online.pl\/pl\/kontakt\/","url":"https:\/\/md-online.pl\/pl\/kontakt\/","name":"Kontakt - MD Online","isPartOf":{"@id":"https:\/\/md-online.pl\/en\/#website"},"datePublished":"2019-04-09T17:20:01+00:00","dateModified":"2025-01-23T11:24:04+00:00","breadcrumb":{"@id":"https:\/\/md-online.pl\/pl\/kontakt\/#breadcrumb"},"inLanguage":"pl-PL","potentialAction":[{"@type":"ReadAction","target":["https:\/\/md-online.pl\/pl\/kontakt\/"]}]},{"@type":"BreadcrumbList","@id":"https:\/\/md-online.pl\/pl\/kontakt\/#breadcrumb","itemListElement":[{"@type":"ListItem","position":1,"name":"Strona g\u0142\u00f3wna","item":"https:\/\/md-online.pl\/pl\/"},{"@type":"ListItem","position":2,"name":"Kontakt"}]},{"@type":"WebSite","@id":"https:\/\/md-online.pl\/en\/#website","url":"https:\/\/md-online.pl\/en\/","name":"MD Online","description":"Expert Communication Support","potentialAction":[{"@type":"SearchAction","target":{"@type":"EntryPoint","urlTemplate":"https:\/\/md-online.pl\/en\/?s={search_term_string}"},"query-input":"required name=search_term_string"}],"inLanguage":"pl-PL"}]}},"_links":{"self":[{"href":"https:\/\/md-online.pl\/pl\/wp-json\/wp\/v2\/pages\/13931","targetHints":{"allow":["GET"]}}],"collection":[{"href":"https:\/\/md-online.pl\/pl\/wp-json\/wp\/v2\/pages"}],"about":[{"href":"https:\/\/md-online.pl\/pl\/wp-json\/wp\/v2\/types\/page"}],"author":[{"embeddable":true,"href":"https:\/\/md-online.pl\/pl\/wp-json\/wp\/v2\/users\/1"}],"replies":[{"embeddable":true,"href":"https:\/\/md-online.pl\/pl\/wp-json\/wp\/v2\/comments?post=13931"}],"version-history":[{"count":1,"href":"https:\/\/md-online.pl\/pl\/wp-json\/wp\/v2\/pages\/13931\/revisions"}],"predecessor-version":[{"id":16406,"href":"https:\/\/md-online.pl\/pl\/wp-json\/wp\/v2\/pages\/13931\/revisions\/16406"}],"wp:attachment":[{"href":"https:\/\/md-online.pl\/pl\/wp-json\/wp\/v2\/media?parent=13931"}],"curies":[{"name":"wp","href":"https:\/\/api.w.org\/{rel}","templated":true}]}}