{"id":13925,"date":"2019-04-09T19:09:09","date_gmt":"2019-04-09T17:09:09","guid":{"rendered":"http:\/\/md-online.pl\/?page_id=13925"},"modified":"2020-01-06T21:05:39","modified_gmt":"2020-01-06T20:05:39","slug":"jestesmy-idealnym-partnerem-dla-twojego-lsp","status":"publish","type":"page","link":"https:\/\/md-online.pl\/pl\/jestesmy-idealnym-partnerem-dla-twojego-lsp\/","title":{"rendered":"Jeste\u015bmy idealnym partnerem dla Twojego LSP!"},"content":{"rendered":"[vc_row full_width=&#8221;stretch_row&#8221; css=&#8221;.vc_custom_1554829849565{margin-top: -30px !important;background-image: url(http:\/\/md-online.pl\/wp-content\/uploads\/sites\/2\/2019\/02\/page-1_slide01.jpg?id=5533) !important;}&#8221;][vc_column][vc_column_text css=&#8221;.vc_custom_1555002533499{margin-top: -20px !important;}&#8221;]\n<h3 style=\"margin-bottom: 5px; font-size: 26px; color: #ffffff; line-height: 1.7; text-align: center;\">Jeste\u015bmy idealnym partnerem dla Twojego biura t\u0142umacze\u0144!<\/h3>\n<h4 style=\"margin-bottom: 24px; font-size: 16px; color: #ffffff; line-height: 1.7; text-align: center;\">Baza t\u0142umaczy i korektor\u00f3w MD Online, kt\u00f3rzy s\u0105 wykwalifikowanymi native speakerami j\u0119zyk\u00f3w docelowych, doskonale uzupe\u0142ni Twoj\u0105 list\u0119 kontakt\u00f3w. Zapewniamy:<\/h4>\n[\/vc_column_text][vc_row_inner gap=&#8221;20&#8243;][vc_column_inner width=&#8221;1\/3&#8243;][vc_column_text]\n<div style=\"text-align: center;\">\n<div style=\"text-align: center;\"><span style=\"color: #ffffff;\"><i class=\"fa fa-file-text circle-wrap\" style=\"font-size: 2em;\"><!-- icon --><\/i><\/span><\/div>\n<\/div>\n<div style=\"text-align: center;\">\n<h4><span style=\"color: #ffffff;\">Zasobne portfolio<br \/>\ntzw. blind CV<\/span><\/h4>\n<\/div>\n[\/vc_column_text][\/vc_column_inner][vc_column_inner width=&#8221;1\/3&#8243;][vc_column_text]\n<div style=\"text-align: center;\"><span style=\"color: #ffffff;\"><i class=\"fa fa-window-restore circle-wrap\" style=\"font-size: 2em;\"><!-- icon --><\/i><\/span><\/div>\n<div style=\"text-align: center;\">\n<h4><span style=\"color: #ffffff;\">Bogate do\u015bwiadczenie w pracy w panelach partnera<\/span><\/h4>\n<\/div>\n[\/vc_column_text][\/vc_column_inner][vc_column_inner width=&#8221;1\/3&#8243;][vc_column_text]\n<div style=\"text-align: center;\"><span style=\"color: #ffffff;\"><i class=\"fa fa-puzzle-piece circle-wrap\" style=\"font-size: 2em;\"><!-- icon --><\/i><\/span><\/div>\n<div style=\"text-align: center;\">\n<h4><span style=\"color: #ffffff;\"> Kompatybilno\u015b\u0107 z najpopularniejszymi narz\u0119dziami CAT<\/span><\/h4>\n<\/div>\n[\/vc_column_text][\/vc_column_inner][\/vc_row_inner][vc_separator color=&#8221;white&#8221; border_width=&#8221;3&#8243; el_width=&#8221;80&#8243;][vc_column_text]\n<div class=\"align-btn-center\"><a class=\"flat-custom-button\" href=\"http:\/\/md-online.pl\/pl\/kontakt\/\" title=\"zapytaj o ofert\u0119 wsp\u00f3\u0142pracy\"><span style=\"padding:15px 25px; background-color:#e20602; border:1px solid #e20602; color:#FFFFFF; font-size:16px;\">zapytaj o ofert\u0119 wsp\u00f3\u0142pracy<\/span><\/a><\/div>\n<div style=\"text-align: center; margin-top: 20px;\"><a href=\"#more-features\"><i class=\"fa fa-angle-down circle-wrap\" style=\"color: #aaaaaa; font-size: 1.5em;\"><!-- icon --><\/i><\/a><\/div>\n[\/vc_column_text][\/vc_column][\/vc_row][vc_row gap=&#8221;20&#8243; css=&#8221;.vc_custom_1551215824360{margin-bottom: 30px !important;padding-top: 0px !important;}&#8221;][vc_column][vc_column_text]\n<div id=\"more-features\"><\/div>\n<div style=\"text-align: center;\">\n<h4><span style=\"font-size: 26px; color: #444444;\">Wspieramy sektor LSP us\u0142ugami t\u0142umaczenia i korekty <\/span><\/h4>\n<h5 style=\"text-align: left;\"><i class=\"fa fa-check-square-o\" style=\"color: #e20602;\">\u00a0<\/i><span style=\"color: #444444; font-size: 15px;\">MD Online wspiera dostawc\u00f3w us\u0142ug j\u0119zykowych od 2013 r. <\/span><\/h5>\n<h5 style=\"text-align: left;\"><i class=\"fa fa-check-square-o\" style=\"color: #e20602;\"><!-- icon --><\/i> <span style=\"color: #444444; font-size: 15px;\">Pomagamy naszym partnerom w rozwoju ich dzia\u0142alno\u015bci przez zapewnianie wysokiej jako\u015bci t\u0142umacze\u0144 native speaker\u00f3w na wszystkie j\u0119zyki europejskie oraz liczne pozaeuropejskie. <\/span><\/h5>\n<h5 style=\"text-align: left;\"><i class=\"fa fa-check-square-o\" style=\"color: #e20602;\"><!-- icon --><\/i> <span style=\"color: #444444; font-size: 15px;\">Nasza stale rosn\u0105ca sie\u0107 native speaker\u00f3w obejmuje lingwist\u00f3w, kt\u00f3rzy t\u0142umacz\u0105 z niemieckiego lub angielskiego na j\u0119zyki europejskie, skandynawskie i wiele innych. <\/span><\/h5>\n<\/div>\n[\/vc_column_text][\/vc_column][\/vc_row][vc_row full_width=&#8221;stretch_row&#8221; css=&#8221;.vc_custom_1551215922500{background-image: url(http:\/\/md-online.pl\/wp-content\/uploads\/sites\/2\/2019\/02\/page-1_slide03.jpg?id=5535) !important;}&#8221;][vc_column][vc_row_inner][vc_column_inner width=&#8221;1\/2&#8243;][vc_column_text]\n<h4 style=\"margin-bottom: 25px;\"><span style=\"font-size: 26px; color: #ffffff; line-height: 1.1; font-weight: bold;\">Wsp\u00f3\u0142pracujemy z t\u0142umaczami przysi\u0119g\u0142ymi oraz ekspertami (SME) w przypadkach, gdy konieczna jest g\u0142\u0119boka lokalizacja tekstu lub wgl\u0105d specjalisty.<\/span><\/h4>\n<p style=\"font-size: 14px;\"><span style=\"color: #ffffff;\">Dysponujemy szerok\u0105 sieci\u0105 kontakt\u00f3w do t\u0142umaczy przysi\u0119g\u0142ych i ekspert\u00f3w, kt\u00f3rzy s\u0105 w stanie sprawdzi\u0107 techniczny tekst i po\u015bwiadczy\u0107 t\u0142umaczenie za zgodno\u015b\u0107 z orygina\u0142em. Aby dowiedzie\u0107 si\u0119 wi\u0119cej o tej us\u0142udze, zach\u0119camy do kontaktu z naszym zespo\u0142em. <\/span><\/p>\n[\/vc_column_text][\/vc_column_inner][vc_column_inner width=&#8221;1\/2&#8243;][vc_empty_space height=&#8221;90px&#8221;][vc_column_text css=&#8221;.vc_custom_1555002664506{margin-top: px !important;}&#8221;]\n<div class=\"align-btn-center\"><a class=\"flat-custom-button\" href=\"http:\/\/md-online.pl\/pl\/wyslij-tekst-do-darmowej-wyceny\/\" title=\"wy\u015blij tekst do darmowej wyceny\"><span style=\"padding:15px 25px; background-color:#e20602; border:1px solid #e20602; color:#FFFFFF; font-size:13px;\">wy\u015blij tekst do darmowej wyceny<\/span><\/a><\/div>\n[\/vc_column_text][\/vc_column_inner][\/vc_row_inner][\/vc_column][\/vc_row][vc_row full_width=&#8221;stretch_row&#8221;][vc_column][vc_row_inner][vc_column_inner width=&#8221;1\/2&#8243;][vc_empty_space height=&#8221;70px&#8221;][vc_single_image image=&#8221;5928&#8243; img_size=&#8221;full&#8221; onclick=&#8221;custom_link&#8221; css=&#8221;.vc_custom_1553862483168{margin-top: -50px !important;margin-bottom: -50px !important;}&#8221; link=&#8221;http:\/\/ecorrector.com&#8221;][\/vc_column_inner][vc_column_inner width=&#8221;1\/2&#8243;][vc_column_text]\n<h4 style=\"margin-bottom: 25px;\"><span style=\"font-size: 26px; color: #171d2d; line-height: 1.1; font-weight: bold;\">Korekty doktor\u00f3w nauk i specjalist\u00f3w<\/span><\/h4>\n<p style=\"font-size: 14px; text-align: justify;\">\u015aci\u015ble wsp\u00f3\u0142pracujemy z nasz\u0105 siostrzan\u0105 firm\u0105 &#8211; <span style=\"color: #e20602;\"><a style=\"color: #e20602;\" href=\"http:\/\/www.ecorrector.com\" target=\"_blank\" rel=\"noopener noreferrer\">eCORRECTOR<\/a>\u00a0<\/span> Ltd z siedzib\u0105 w Cambridge, aby zapewni\u0107 wysokiej jako\u015bci korekty tekst\u00f3w naukowych, kt\u00f3re maj\u0105 by\u0107 opublikowane w recenzowanych czasopismach. Nasi eksperci to naukowcy z w\u0142asnym dorobkiem publikacji i native speakerzy j\u0119zyka publikacji w jednej osobie. <span style=\"color: #e20602;\"><a style=\"color: #e20602;\" href=\"http:\/\/www.ecorrector.com\" target=\"_blank\" rel=\"noopener noreferrer\">eCORRECTOR<\/a> <\/span>ma bogate do\u015bwiadczenie i liczne sukcesy w pracy z naukowcami, redaktorami czasopism i wydawcami. Cz\u0142onkowie naszego zespo\u0142u maj\u0105 odpowiednie umiej\u0119tno\u015bci zwi\u0105zane z us\u0142ug\u0105 korekty specjalistycznej, a tak\u017ce doskonale rozumiej\u0105 wysokie wymogi stawiane tekstom publikowanym w mi\u0119dzynarodowych czasopismach recenzowanych.<\/p>\n[\/vc_column_text][\/vc_column_inner][\/vc_row_inner][\/vc_column][\/vc_row][vc_row][vc_column]\t\t<style type=\"text\/css\">\r\n\t\t    #content-block-background-1837 { background-image: url(https:\/\/md-online.pl\/wp-content\/uploads\/sites\/2\/2019\/02\/page-1_slide03.jpg); background-position: center bottom; background-repeat: no-repeat; background-color: #1a2632; background-attachment: fixed; background-size: auto; }\r\n\t\t    #content-block-body-1837 { padding: 80px 0; color: #ffffff; }\r\n\t\t    .content-block-body { margin-left: auto; margin-right: auto; position: relative; }\r\n\t\t<\/style>\r\n\t\t\t\t\t<style type=\"text\/css\">\r\n\t\t\t\t#wrapper-1 { overflow-x: hidden; }\r\n\t\t\t\t#content-block-background-1837 { margin: 0 -10000px; padding: 0 10000px; }\r\n\t\t\t<\/style>\r\n\t\t\r\n\t\t\r\n\t\t<div class=\"clear\"><\/div>\r\n\t\t<div id=\"content-block-background-1837\" class=\"content-block-background \">\r\n\t\t\t<div id=\"content-block-body-1837\" class=\"content-block-body\">\r\n\t\t\t\t<div class=\"clear\"><\/div>\r\n\t\t\t\t\n<div style=\"text-align: center;\">\n<h4 style=\"margin-bottom: 20px;\"><span style=\"font-size: 26px; color: #ffffff;\">Na bie\u017c\u0105co z technologi\u0105<\/span><\/h4>\n<h4 style=\"margin-bottom: 20px;\"><span style=\"font-size: 18px; color: #ffffff;\">Nasi native speakerzy nieustannie doskonal\u0105 umiej\u0119tno\u015b\u0107 obs\u0142ugi r\u00f3\u017cnych format\u00f3w plik\u00f3w i narz\u0119dzi CAT. W naszych projektach uczestnicz\u0105 t\u0142umacze, kt\u00f3rzy korzystaj\u0105 z pomocy takich narz\u0119dzi t\u0142umaczeniowych jak Trados, MemoQ, XTM czy Smartcat.<\/span><\/h4>\n<\/div>\n\t\t\t\t<div class=\"clear\"><\/div>\r\n\t\t\t<\/div>\r\n\t\t<\/div>\r\n\t\t<div class=\"clear\"><\/div>\r\n\t[vc_row_inner css=&#8221;.vc_custom_1552252711643{padding-top: 60px !important;}&#8221;][vc_column_inner width=&#8221;1\/4&#8243;][vc_single_image image=&#8221;6029&#8243; img_size=&#8221;full&#8221; alignment=&#8221;center&#8221; onclick=&#8221;custom_link&#8221; img_link_target=&#8221;_blank&#8221; link=&#8221;https:\/\/www.smartcat.ai\/&#8221;][\/vc_column_inner][vc_column_inner width=&#8221;1\/4&#8243;][vc_single_image image=&#8221;6034&#8243; img_size=&#8221;full&#8221; alignment=&#8221;center&#8221; onclick=&#8221;custom_link&#8221; link=&#8221;https:\/\/www.memoq.com\/en\/&#8221;][\/vc_column_inner][vc_column_inner width=&#8221;1\/4&#8243;][vc_single_image image=&#8221;6036&#8243; img_size=&#8221;full&#8221; alignment=&#8221;center&#8221; onclick=&#8221;custom_link&#8221; link=&#8221;https:\/\/xtm.cloud\/&#8221;][\/vc_column_inner][vc_column_inner width=&#8221;1\/4&#8243;][vc_single_image image=&#8221;6025&#8243; img_size=&#8221;full&#8221; alignment=&#8221;center&#8221; onclick=&#8221;custom_link&#8221; img_link_target=&#8221;_blank&#8221; link=&#8221;https:\/\/www.sdl.com\/software-and-services\/translation-software\/sdl-trados-studio\/&#8221;][\/vc_column_inner][\/vc_row_inner][\/vc_column][\/vc_row][vc_row full_width=&#8221;stretch_row&#8221; css=&#8221;.vc_custom_1519515252226{margin-bottom: -40px !important;}&#8221;][vc_column]\t\t<style type=\"text\/css\">\r\n\t\t    #content-block-background-1200 { background-image: url(); background-position: center top; background-repeat: no-repeat; background-color: #e20602; background-attachment: fixed; background-size: auto; }\r\n\t\t    #content-block-body-1200 { padding: 40px 0; color: #ffffff; }\r\n\t\t    .content-block-body { margin-left: auto; margin-right: auto; position: relative; }\r\n\t\t<\/style>\r\n\t\t\t\t\t<style type=\"text\/css\">\r\n\t\t\t\t#wrapper-1 { overflow-x: hidden; }\r\n\t\t\t\t#content-block-background-1200 { margin: 0 -10000px; padding: 0 10000px; }\r\n\t\t\t<\/style>\r\n\t\t\r\n\t\t\r\n\t\t<div class=\"clear\"><\/div>\r\n\t\t<div id=\"content-block-background-1200\" class=\"content-block-background \">\r\n\t\t\t<div id=\"content-block-body-1200\" class=\"content-block-body\">\r\n\t\t\t\t<div class=\"clear\"><\/div>\r\n\t\t\t\t\n<h3 style=\"float: left; margin: 10px 0; font-size: 20px !important; color: #fff;\">Popro\u015b o ofert\u0119 dostosowan\u0105 do Twoich potrzeb<\/h3>\n<a class=\"flat-custom-button align-btn-right\" href=\"http:\/\/md-online.pl\/pl\/kontakt\/\" title=\"kontakt\"><span style=\"padding:15px 20px; background-color:transparent; border:2px solid #FFFFFF; color:#FFFFFF; font-size:14px;\">kontakt<\/span><\/a>\n\t\t\t\t<div class=\"clear\"><\/div>\r\n\t\t\t<\/div>\r\n\t\t<\/div>\r\n\t\t<div class=\"clear\"><\/div>\r\n\t[\/vc_column][\/vc_row]\n","protected":false},"excerpt":{"rendered":"<p>[vc_row full_width=&#8221;stretch_row&#8221; css=&#8221;.vc_custom_1554829849565{margin-top: -30px !important;background-image: url(http:\/\/md-online.pl\/wp-content\/uploads\/sites\/2\/2019\/02\/page-1_slide01.jpg?id=5533) !important;}&#8221;][vc_column][vc_column_text css=&#8221;.vc_custom_1555002533499{margin-top: -20px !important;}&#8221;] Jeste\u015bmy idealnym partnerem dla Twojego biura t\u0142umacze\u0144! Baza t\u0142umaczy i korektor\u00f3w MD Online, kt\u00f3rzy s\u0105 wykwalifikowanymi native speakerami j\u0119zyk\u00f3w docelowych, doskonale uzupe\u0142ni Twoj\u0105 list\u0119 kontakt\u00f3w. Zapewniamy: [\/vc_column_text][vc_row_inner gap=&#8221;20&#8243;][vc_column_inner width=&#8221;1\/3&#8243;][vc_column_text] Zasobne portfolio tzw. blind CV [\/vc_column_text][\/vc_column_inner][vc_column_inner width=&#8221;1\/3&#8243;][vc_column_text] Bogate do\u015bwiadczenie w pracy w panelach partnera [\/vc_column_text][\/vc_column_inner][vc_column_inner width=&#8221;1\/3&#8243;][vc_column_text] Kompatybilno\u015b\u0107 z najpopularniejszymi narz\u0119dziami CAT [\/vc_column_text][\/vc_column_inner][\/vc_row_inner][vc_separator color=&#8221;white&#8221; border_width=&#8221;3&#8243; el_width=&#8221;80&#8243;][vc_column_text] [\/vc_column_text][\/vc_column][\/vc_row][vc_row gap=&#8221;20&#8243; css=&#8221;.vc_custom_1551215824360{margin-bottom: 30px !important;padding-top: 0px !important;}&#8221;][vc_column][vc_column_text] Wspieramy sektor LSP us\u0142ugami t\u0142umaczenia i korekty \u00a0MD Online wspiera dostawc\u00f3w us\u0142ug j\u0119zykowych od 2013 r. Pomagamy naszym partnerom w rozwoju ich dzia\u0142alno\u015bci przez zapewnianie wysokiej jako\u015bci t\u0142umacze\u0144 native speaker\u00f3w na wszystkie j\u0119zyki europejskie oraz liczne pozaeuropejskie. Nasza stale rosn\u0105ca sie\u0107 native speaker\u00f3w obejmuje lingwist\u00f3w, kt\u00f3rzy t\u0142umacz\u0105 z niemieckiego lub angielskiego na j\u0119zyki europejskie, skandynawskie i wiele innych. [\/vc_column_text][\/vc_column][\/vc_row][vc_row full_width=&#8221;stretch_row&#8221; css=&#8221;.vc_custom_1551215922500{background-image: url(http:\/\/md-online.pl\/wp-content\/uploads\/sites\/2\/2019\/02\/page-1_slide03.jpg?id=5535) !important;}&#8221;][vc_column][vc_row_inner][vc_column_inner width=&#8221;1\/2&#8243;][vc_column_text] Wsp\u00f3\u0142pracujemy z t\u0142umaczami przysi\u0119g\u0142ymi oraz ekspertami (SME) w przypadkach, gdy konieczna jest g\u0142\u0119boka lokalizacja tekstu<\/p>\n","protected":false},"author":1,"featured_media":0,"parent":0,"menu_order":0,"comment_status":"closed","ping_status":"closed","template":"page-FullWidth.php","meta":{"_monsterinsights_skip_tracking":false,"_monsterinsights_sitenote_active":false,"_monsterinsights_sitenote_note":"","_monsterinsights_sitenote_category":0,"footnotes":""},"class_list":["post-13925","page","type-page","status-publish","hentry"],"yoast_head":"<!-- This site is optimized with the Yoast SEO plugin v21.0 - https:\/\/yoast.com\/wordpress\/plugins\/seo\/ -->\n<title>Jeste\u015bmy idealnym partnerem dla Twojego LSP! - MD Online<\/title>\n<meta name=\"robots\" content=\"index, follow, max-snippet:-1, max-image-preview:large, max-video-preview:-1\" \/>\n<link rel=\"canonical\" href=\"https:\/\/md-online.pl\/en\/for-language-service-providers\/\" \/>\n<meta property=\"og:locale\" content=\"pl_PL\" \/>\n<meta property=\"og:type\" content=\"article\" \/>\n<meta property=\"og:title\" content=\"Jeste\u015bmy idealnym partnerem dla Twojego LSP! - MD Online\" \/>\n<meta property=\"og:description\" content=\"[vc_row full_width=&#8221;stretch_row&#8221; css=&#8221;.vc_custom_1554829849565{margin-top: -30px !important;background-image: url(http:\/\/md-online.pl\/wp-content\/uploads\/sites\/2\/2019\/02\/page-1_slide01.jpg?id=5533) !important;}&#8221;][vc_column][vc_column_text css=&#8221;.vc_custom_1555002533499{margin-top: -20px !important;}&#8221;] Jeste\u015bmy idealnym partnerem dla Twojego biura t\u0142umacze\u0144! Baza t\u0142umaczy i korektor\u00f3w MD Online, kt\u00f3rzy s\u0105 wykwalifikowanymi native speakerami j\u0119zyk\u00f3w docelowych, doskonale uzupe\u0142ni Twoj\u0105 list\u0119 kontakt\u00f3w. Zapewniamy: [\/vc_column_text][vc_row_inner gap=&#8221;20&#8243;][vc_column_inner width=&#8221;1\/3&#8243;][vc_column_text] Zasobne portfolio tzw. blind CV [\/vc_column_text][\/vc_column_inner][vc_column_inner width=&#8221;1\/3&#8243;][vc_column_text] Bogate do\u015bwiadczenie w pracy w panelach partnera [\/vc_column_text][\/vc_column_inner][vc_column_inner width=&#8221;1\/3&#8243;][vc_column_text] Kompatybilno\u015b\u0107 z najpopularniejszymi narz\u0119dziami CAT [\/vc_column_text][\/vc_column_inner][\/vc_row_inner][vc_separator color=&#8221;white&#8221; border_width=&#8221;3&#8243; el_width=&#8221;80&#8243;][vc_column_text] [\/vc_column_text][\/vc_column][\/vc_row][vc_row gap=&#8221;20&#8243; css=&#8221;.vc_custom_1551215824360{margin-bottom: 30px !important;padding-top: 0px !important;}&#8221;][vc_column][vc_column_text] Wspieramy sektor LSP us\u0142ugami t\u0142umaczenia i korekty \u00a0MD Online wspiera dostawc\u00f3w us\u0142ug j\u0119zykowych od 2013 r. Pomagamy naszym partnerom w rozwoju ich dzia\u0142alno\u015bci przez zapewnianie wysokiej jako\u015bci t\u0142umacze\u0144 native speaker\u00f3w na wszystkie j\u0119zyki europejskie oraz liczne pozaeuropejskie. Nasza stale rosn\u0105ca sie\u0107 native speaker\u00f3w obejmuje lingwist\u00f3w, kt\u00f3rzy t\u0142umacz\u0105 z niemieckiego lub angielskiego na j\u0119zyki europejskie, skandynawskie i wiele innych. [\/vc_column_text][\/vc_column][\/vc_row][vc_row full_width=&#8221;stretch_row&#8221; css=&#8221;.vc_custom_1551215922500{background-image: url(http:\/\/md-online.pl\/wp-content\/uploads\/sites\/2\/2019\/02\/page-1_slide03.jpg?id=5535) !important;}&#8221;][vc_column][vc_row_inner][vc_column_inner width=&#8221;1\/2&#8243;][vc_column_text] Wsp\u00f3\u0142pracujemy z t\u0142umaczami przysi\u0119g\u0142ymi oraz ekspertami (SME) w przypadkach, gdy konieczna jest g\u0142\u0119boka lokalizacja tekstu\" \/>\n<meta property=\"og:url\" content=\"https:\/\/md-online.pl\/en\/for-language-service-providers\/\" \/>\n<meta property=\"og:site_name\" content=\"MD Online\" \/>\n<meta property=\"article:modified_time\" content=\"2020-01-06T20:05:39+00:00\" \/>\n<meta name=\"twitter:card\" content=\"summary_large_image\" \/>\n<meta name=\"twitter:label1\" content=\"Szacowany czas czytania\" \/>\n\t<meta name=\"twitter:data1\" content=\"5 minut\" \/>\n<script type=\"application\/ld+json\" class=\"yoast-schema-graph\">{\"@context\":\"https:\/\/schema.org\",\"@graph\":[{\"@type\":\"WebPage\",\"@id\":\"https:\/\/md-online.pl\/en\/for-language-service-providers\/\",\"url\":\"https:\/\/md-online.pl\/en\/for-language-service-providers\/\",\"name\":\"Jeste\u015bmy idealnym partnerem dla Twojego LSP! - MD Online\",\"isPartOf\":{\"@id\":\"https:\/\/md-online.pl\/en\/#website\"},\"datePublished\":\"2019-04-09T17:09:09+00:00\",\"dateModified\":\"2020-01-06T20:05:39+00:00\",\"breadcrumb\":{\"@id\":\"https:\/\/md-online.pl\/en\/for-language-service-providers\/#breadcrumb\"},\"inLanguage\":\"pl-PL\",\"potentialAction\":[{\"@type\":\"ReadAction\",\"target\":[\"https:\/\/md-online.pl\/en\/for-language-service-providers\/\"]}]},{\"@type\":\"BreadcrumbList\",\"@id\":\"https:\/\/md-online.pl\/en\/for-language-service-providers\/#breadcrumb\",\"itemListElement\":[{\"@type\":\"ListItem\",\"position\":1,\"name\":\"Strona g\u0142\u00f3wna\",\"item\":\"https:\/\/md-online.pl\/pl\/\"},{\"@type\":\"ListItem\",\"position\":2,\"name\":\"Jeste\u015bmy idealnym partnerem dla Twojego LSP!\"}]},{\"@type\":\"WebSite\",\"@id\":\"https:\/\/md-online.pl\/en\/#website\",\"url\":\"https:\/\/md-online.pl\/en\/\",\"name\":\"MD Online\",\"description\":\"Expert Communication Support\",\"potentialAction\":[{\"@type\":\"SearchAction\",\"target\":{\"@type\":\"EntryPoint\",\"urlTemplate\":\"https:\/\/md-online.pl\/en\/?s={search_term_string}\"},\"query-input\":\"required name=search_term_string\"}],\"inLanguage\":\"pl-PL\"}]}<\/script>\n<!-- \/ Yoast SEO plugin. -->","yoast_head_json":{"title":"Jeste\u015bmy idealnym partnerem dla Twojego LSP! - MD Online","robots":{"index":"index","follow":"follow","max-snippet":"max-snippet:-1","max-image-preview":"max-image-preview:large","max-video-preview":"max-video-preview:-1"},"canonical":"https:\/\/md-online.pl\/en\/for-language-service-providers\/","og_locale":"pl_PL","og_type":"article","og_title":"Jeste\u015bmy idealnym partnerem dla Twojego LSP! - MD Online","og_description":"[vc_row full_width=&#8221;stretch_row&#8221; css=&#8221;.vc_custom_1554829849565{margin-top: -30px !important;background-image: url(http:\/\/md-online.pl\/wp-content\/uploads\/sites\/2\/2019\/02\/page-1_slide01.jpg?id=5533) !important;}&#8221;][vc_column][vc_column_text css=&#8221;.vc_custom_1555002533499{margin-top: -20px !important;}&#8221;] Jeste\u015bmy idealnym partnerem dla Twojego biura t\u0142umacze\u0144! Baza t\u0142umaczy i korektor\u00f3w MD Online, kt\u00f3rzy s\u0105 wykwalifikowanymi native speakerami j\u0119zyk\u00f3w docelowych, doskonale uzupe\u0142ni Twoj\u0105 list\u0119 kontakt\u00f3w. Zapewniamy: [\/vc_column_text][vc_row_inner gap=&#8221;20&#8243;][vc_column_inner width=&#8221;1\/3&#8243;][vc_column_text] Zasobne portfolio tzw. blind CV [\/vc_column_text][\/vc_column_inner][vc_column_inner width=&#8221;1\/3&#8243;][vc_column_text] Bogate do\u015bwiadczenie w pracy w panelach partnera [\/vc_column_text][\/vc_column_inner][vc_column_inner width=&#8221;1\/3&#8243;][vc_column_text] Kompatybilno\u015b\u0107 z najpopularniejszymi narz\u0119dziami CAT [\/vc_column_text][\/vc_column_inner][\/vc_row_inner][vc_separator color=&#8221;white&#8221; border_width=&#8221;3&#8243; el_width=&#8221;80&#8243;][vc_column_text] [\/vc_column_text][\/vc_column][\/vc_row][vc_row gap=&#8221;20&#8243; css=&#8221;.vc_custom_1551215824360{margin-bottom: 30px !important;padding-top: 0px !important;}&#8221;][vc_column][vc_column_text] Wspieramy sektor LSP us\u0142ugami t\u0142umaczenia i korekty \u00a0MD Online wspiera dostawc\u00f3w us\u0142ug j\u0119zykowych od 2013 r. Pomagamy naszym partnerom w rozwoju ich dzia\u0142alno\u015bci przez zapewnianie wysokiej jako\u015bci t\u0142umacze\u0144 native speaker\u00f3w na wszystkie j\u0119zyki europejskie oraz liczne pozaeuropejskie. Nasza stale rosn\u0105ca sie\u0107 native speaker\u00f3w obejmuje lingwist\u00f3w, kt\u00f3rzy t\u0142umacz\u0105 z niemieckiego lub angielskiego na j\u0119zyki europejskie, skandynawskie i wiele innych. [\/vc_column_text][\/vc_column][\/vc_row][vc_row full_width=&#8221;stretch_row&#8221; css=&#8221;.vc_custom_1551215922500{background-image: url(http:\/\/md-online.pl\/wp-content\/uploads\/sites\/2\/2019\/02\/page-1_slide03.jpg?id=5535) !important;}&#8221;][vc_column][vc_row_inner][vc_column_inner width=&#8221;1\/2&#8243;][vc_column_text] Wsp\u00f3\u0142pracujemy z t\u0142umaczami przysi\u0119g\u0142ymi oraz ekspertami (SME) w przypadkach, gdy konieczna jest g\u0142\u0119boka lokalizacja tekstu","og_url":"https:\/\/md-online.pl\/en\/for-language-service-providers\/","og_site_name":"MD Online","article_modified_time":"2020-01-06T20:05:39+00:00","twitter_card":"summary_large_image","twitter_misc":{"Szacowany czas czytania":"5 minut"},"schema":{"@context":"https:\/\/schema.org","@graph":[{"@type":"WebPage","@id":"https:\/\/md-online.pl\/en\/for-language-service-providers\/","url":"https:\/\/md-online.pl\/en\/for-language-service-providers\/","name":"Jeste\u015bmy idealnym partnerem dla Twojego LSP! - MD Online","isPartOf":{"@id":"https:\/\/md-online.pl\/en\/#website"},"datePublished":"2019-04-09T17:09:09+00:00","dateModified":"2020-01-06T20:05:39+00:00","breadcrumb":{"@id":"https:\/\/md-online.pl\/en\/for-language-service-providers\/#breadcrumb"},"inLanguage":"pl-PL","potentialAction":[{"@type":"ReadAction","target":["https:\/\/md-online.pl\/en\/for-language-service-providers\/"]}]},{"@type":"BreadcrumbList","@id":"https:\/\/md-online.pl\/en\/for-language-service-providers\/#breadcrumb","itemListElement":[{"@type":"ListItem","position":1,"name":"Strona g\u0142\u00f3wna","item":"https:\/\/md-online.pl\/pl\/"},{"@type":"ListItem","position":2,"name":"Jeste\u015bmy idealnym partnerem dla Twojego LSP!"}]},{"@type":"WebSite","@id":"https:\/\/md-online.pl\/en\/#website","url":"https:\/\/md-online.pl\/en\/","name":"MD Online","description":"Expert Communication Support","potentialAction":[{"@type":"SearchAction","target":{"@type":"EntryPoint","urlTemplate":"https:\/\/md-online.pl\/en\/?s={search_term_string}"},"query-input":"required name=search_term_string"}],"inLanguage":"pl-PL"}]}},"_links":{"self":[{"href":"https:\/\/md-online.pl\/pl\/wp-json\/wp\/v2\/pages\/13925","targetHints":{"allow":["GET"]}}],"collection":[{"href":"https:\/\/md-online.pl\/pl\/wp-json\/wp\/v2\/pages"}],"about":[{"href":"https:\/\/md-online.pl\/pl\/wp-json\/wp\/v2\/types\/page"}],"author":[{"embeddable":true,"href":"https:\/\/md-online.pl\/pl\/wp-json\/wp\/v2\/users\/1"}],"replies":[{"embeddable":true,"href":"https:\/\/md-online.pl\/pl\/wp-json\/wp\/v2\/comments?post=13925"}],"version-history":[{"count":0,"href":"https:\/\/md-online.pl\/pl\/wp-json\/wp\/v2\/pages\/13925\/revisions"}],"wp:attachment":[{"href":"https:\/\/md-online.pl\/pl\/wp-json\/wp\/v2\/media?parent=13925"}],"curies":[{"name":"wp","href":"https:\/\/api.w.org\/{rel}","templated":true}]}}