{"id":13914,"date":"2019-04-09T18:45:03","date_gmt":"2019-04-09T16:45:03","guid":{"rendered":"http:\/\/md-online.pl\/?page_id=13914"},"modified":"2022-10-24T15:14:51","modified_gmt":"2022-10-24T13:14:51","slug":"tlumaczenia-przysiegle","status":"publish","type":"page","link":"https:\/\/md-online.pl\/pl\/tlumaczenia-przysiegle\/","title":{"rendered":"T\u0142umaczenia przysi\u0119g\u0142e"},"content":{"rendered":"[vc_row full_width=&#8221;stretch_row&#8221; css=&#8221;.vc_custom_1554827044097{margin-top: -30px !important;background-image: url(http:\/\/md-online.pl\/wp-content\/uploads\/sites\/2\/2019\/02\/page-1_slide01.jpg?id=5533) !important;}&#8221;][vc_column][vc_column_text]\n<h3 style=\"margin-bottom: 35px;font-size: 26px;color: #ffffff;line-height: 1.7;text-align: center\">T\u0142umaczenia <span style=\"color: #e20602\"> przysi\u0119g\u0142e <\/span><\/h3>\n<h3 style=\"margin-bottom: 35px;font-size: 18px;color: #ffffff;line-height: 1.7;text-align: center\">W MD Online dostosowujemy si\u0119 do Twoich potrzeb &#8211; gdy potrzebujesz t\u0142umaczenia i oficjalnego potwierdzenia jego zgodno\u015bci z tre\u015bci\u0105 orygina\u0142u, polecamy us\u0142ug\u0119 t\u0142umaczenia po\u015bwiadczonego. Jest ona zalecana w przypadku dokument\u00f3w urz\u0119dowych takich jak pisma s\u0105dowe i administracyjne, akty urodzenia, akty ma\u0142\u017ce\u0144stwa, akty zgonu, zagraniczne \u015bwiadectwa pracy itp. Bez wzgl\u0119du na rodzaj tekstu, zapewniamy, \u017ce dostarczone przez nas t\u0142umaczenie b\u0119dzie w ca\u0142o\u015bci wykonane przez profesjonalnego t\u0142umacza i w zgodzie ze sztuk\u0105 t\u0142umacze\u0144 po\u015bwiadczonych.<\/h3>\n[\/vc_column_text][vc_separator color=&#8221;white&#8221; border_width=&#8221;3&#8243; el_width=&#8221;80&#8243;][vc_column_text]<div class=\"align-btn-center\"><a class=\"flat-custom-button\" href=\"mailto:info@md-online.pl\" title=\"Napisz do nas po wi\u0119cej informacji\"><span style=\"padding:15px 25px; background-color:#e20602; border:1px solid #e20602; color:#FFFFFF; font-size:16px;\">Napisz do nas po wi\u0119cej informacji<\/span><\/a><\/div>\n<div style=\"text-align: center;margin-top: 40px\"><a href=\"#more-features\"><i class=\"fa fa-angle-down circle-wrap\" style=\"color: #aaaaaa;font-size: 1.5em\"><!-- icon --><\/i><\/a><\/div>\n[\/vc_column_text][\/vc_column][\/vc_row][vc_row gap=&#8221;20&#8243; css=&#8221;.vc_custom_1518473291718{border-bottom-width: 40px !important;padding-top: 50px !important;}&#8221;][vc_column][vc_row_inner][vc_column_inner][vc_column_text]\n<div id=\"more-features\"><\/div>\n<div style=\"text-align: center\">\n<h5><span style=\"font-size: 16px;color: #555555;line-height: 1.7\">Chc\u0105c sprosta\u0107 Twoim oczekiwaniom, MD Online oferuje us\u0142ugi native speaker\u00f3w. Aby mie\u0107 pewno\u015b\u0107, \u017ce t\u0142umaczenie jest zgodne z dotychczasowymi tekstami klienta, korzystamy z pami\u0119ci t\u0142umaczeniowych w narz\u0119dziach CAT. Pozwala to na dodatkowe obni\u017cenie koszt\u00f3w d\u0142ugofalowej wsp\u00f3\u0142pracy dla powracaj\u0105cych klient\u00f3w.<\/span><\/h5>\n<\/div>\n[\/vc_column_text][\/vc_column_inner][\/vc_row_inner][vc_row_inner gap=&#8221;20&#8243;][vc_column_inner width=&#8221;1\/3&#8243;][vc_column_text]\n<div style=\"text-align: center\">\n<div style=\"text-align: center\"><i class=\"fa fa-handshake-o circle-wrap\" style=\"color: #e20602;font-size: 2em\"><!-- icon --><\/i><\/div>\n<\/div>\n<div style=\"text-align: center\">\n<h4><span style=\"color: #e20602\"><a style=\"color: #e20602\" title=\"Business translations\" rel=\"noopener\"> Wiele kombinacji j\u0119zykowych<\/a><\/span><\/h4>\n<\/div>\n<div style=\"text-align: center\">Naszym klientom oferujemy wysokiej jako\u015bci t\u0142umaczenie po\u015bwiadczone z j\u0119zyka obcego na j\u0119zyk polski oraz z j\u0119zyka polskiego na j\u0119zyk obcy. Dzi\u0119ki naszej rozwini\u0119tej sieci t\u0142umaczy jeste\u015bmy w stanie dostarczy\u0107 t\u0142umaczenia po\u015bwiadczone szybko i w atrakcyjnej cenie.<\/div>\n[\/vc_column_text][\/vc_column_inner][vc_column_inner width=&#8221;1\/3&#8243;][vc_column_text]\n<div style=\"text-align: center\"><i class=\"fa fa-address-book circle-wrap\" style=\"color: #e20602;font-size: 2em\"><!-- icon --><\/i><\/div>\n<div style=\"text-align: center\">\n<h4><span style=\"color: #e20602\"><a style=\"color: #e20602\" title=\"Eksperci z danej dziedziny\" rel=\"noopener\">Eksperci z danej dziedziny<\/a><\/span><\/h4>\n<\/div>\n<div style=\"text-align: center\">Uwa\u017ca si\u0119, \u017ce uzyskanie tytu\u0142u t\u0142umacza przysi\u0119g\u0142ego to du\u017ce osi\u0105gni\u0119cie. Oczywi\u015bcie podzielamy to zdanie &#8211; tylko t\u0142umacze z szerok\u0105 wiedz\u0105 i umiej\u0119tno\u015bciami j\u0119zykowymi s\u0105 w stanie zda\u0107 egzamin pa\u0144stwowy. Dzi\u0119ki temu mog\u0105 zapewni\u0107 pe\u0142n\u0105 zgodno\u015b\u0107 tre\u015bci t\u0142umaczenia z tekstem \u017ar\u00f3d\u0142owym. Nasi lingwi\u015bci s\u0105 profesjonalnymi t\u0142umaczami i znaj\u0105 obowi\u0105zuj\u0105ce standardy t\u0142umacze\u0144 po\u015bwiadczonych co zapewnia wysokiej jako\u015bci tekst finalny.<\/div>\n[\/vc_column_text][\/vc_column_inner][vc_column_inner width=&#8221;1\/3&#8243;][vc_column_text]\n<div style=\"text-align: center\"><i class=\"fa fa-user-plus circle-wrap\" style=\"color: #e20602;font-size: 2em\"><!-- icon --><\/i><\/div>\n<div style=\"text-align: center\">\n<h4><span style=\"color: #e20602\"><a style=\"color: #e20602\" title=\"T\u0142umaczenie po\u015bwiadczone dokument\u00f3w papierowych i elektronicznych\" rel=\"noopener\">T\u0142umaczenie po\u015bwiadczone dokument\u00f3w papierowych i elektronicznych<\/a><\/span><\/h4>\n<\/div>\n<div style=\"text-align: center\">T\u0142umaczenie po\u015bwiadczone mo\u017ce zosta\u0107 wykonane w formie elektronicznej i po\u015bwiadczone za pomoc\u0105 bezpiecznego podpisu kwalifikowanego. T\u0142umaczenie elektroniczne opatrzone takim podpisem ma tak\u0105 sam\u0105 moc prawn\u0105 jak t\u0142umaczenie pisemne opatrzone piecz\u0119ci\u0105 i podpisem t\u0142umacza przysi\u0119g\u0142ego. T\u0142umaczenie po\u015bwiadczone jest zawsze drukowane i opatrzone piecz\u0119ci\u0105 &#8211; jest to jego ostateczna i wi\u0105\u017c\u0105ca forma.<\/div>\n[\/vc_column_text][\/vc_column_inner][\/vc_row_inner][\/vc_column][\/vc_row][vc_row full_width=&#8221;stretch_row&#8221;][vc_column]\t\t<style type=\"text\/css\">\r\n\t\t    #content-block-background-1092 { background-image: url(https:\/\/md-online.pl\/wp-content\/uploads\/sites\/2\/2019\/02\/main_header.jpg); background-position: center center; background-repeat: repeat-x; background-color: #293037; background-attachment: scroll; background-size: auto; }\r\n\t\t    #content-block-body-1092 { padding: 100px 0 80px; color: #ffffff; }\r\n\t\t    .content-block-body { margin-left: auto; margin-right: auto; position: relative; }\r\n\t\t<\/style>\r\n\t\t\t\t\t<style type=\"text\/css\">\r\n\t\t\t\t#wrapper-1 { overflow-x: hidden; }\r\n\t\t\t\t#content-block-background-1092 { margin: 0 -10000px; padding: 0 10000px; }\r\n\t\t\t<\/style>\r\n\t\t\r\n\t\t\r\n\t\t<div class=\"clear\"><\/div>\r\n\t\t<div id=\"content-block-background-1092\" class=\"content-block-background \">\r\n\t\t\t<div id=\"content-block-body-1092\" class=\"content-block-body\">\r\n\t\t\t\t<div class=\"clear\"><\/div>\r\n\t\t\t\t\n<h4 style=\"margin-bottom: 25px;text-align: center\"><span style=\"font-size: 30px;color: #fff\">Kr\u00f3tki czas realizacji i konkurencyjne ceny <i class=\"fa fa-globe\" style=\"color: #e20602;font-size: 1em\"><\/i> <\/span><\/h4>\n<div style=\"margin-bottom: 20px;text-align: center\"><span style=\"font-size: 16px;color: #ffffff\">W ci\u0105gu godziny otrzymasz niezobowi\u0105zuj\u0105c\u0105 wycen\u0119 zawieraj\u0105c\u0105 zar\u00f3wno koszt us\u0142ugi jak i przewidywany termin realizacji. Szanujemy Tw\u00f3j czas!<\/span><\/div>\n\t\t\t\t<div class=\"clear\"><\/div>\r\n\t\t\t<\/div>\r\n\t\t<\/div>\r\n\t\t<div class=\"clear\"><\/div>\r\n\t[\/vc_column][\/vc_row][vc_row full_width=&#8221;stretch_row&#8221; gap=&#8221;20&#8243; css=&#8221;.vc_custom_1518228749897{padding-top: 50px !important;padding-bottom: 50px !important;background-color: #f9f9f9 !important;}&#8221;][vc_column][vc_row_inner][vc_column_inner offset=&#8221;vc_col-lg-6 vc_col-md-6 vc_col-xs-12&#8243;][vc_single_image image=&#8221;5854&#8243; img_size=&#8221;full&#8221; alignment=&#8221;center&#8221; css_animation=&#8221;fadeInUp&#8221;][\/vc_column_inner][vc_column_inner offset=&#8221;vc_col-lg-6 vc_col-md-6 vc_col-xs-12&#8243;][vc_column_text css_animation=&#8221;zoomIn&#8221;]\n<h3>Czemu t\u0142umaczenie po\u015bwiadczone?<\/h3>\n<p>T\u0142umaczenie po\u015bwiadczone jest dokumentem prawnie wi\u0105\u017c\u0105cym. M\u00f3wi\u0105c pro\u015bciej, ma tak\u0105 sam\u0105 moc prawn\u0105 jak tekst \u017ar\u00f3d\u0142owy. T\u0142umaczenia po\u015bwiadczone wykonuje si\u0119 g\u0142\u00f3wnie w przypadku dokument\u00f3w s\u0105dowych lub urz\u0119dowych takich jak dyplomy, \u015bwiadectwa, dokumenty osobiste (np. paszport, prawo jazdy, dow\u00f3d osobisty), akty urodzenia, akty ma\u0142\u017ce\u0144stwa, akty zgonu, testamenty, akty notarialne, faktury, sprawozdania finansowe, dokumenty bankowe, dokumentacja medyczna (r\u00f3wnie\u017c wyniki bada\u0144 oraz opinie medyczne), dokumenty procesowe, protoko\u0142y, sprawozdania, za\u015bwiadczenia, pe\u0142nomocnictwa, wyroki s\u0105dowe, wnioski, pozwy, odwo\u0142ania, dokumenty rejestracyjne, wpisy do rejestr\u00f3w i ksi\u0105g wieczystych. T\u0142umaczenie po\u015bwiadczone jest konieczne, gdy t\u0142umaczenie ma by\u0107 prawnie wi\u0105\u017c\u0105ce.[\/vc_column_text][\/vc_column_inner][\/vc_row_inner][\/vc_column][\/vc_row][vc_row css=&#8221;.vc_custom_1552241135057{margin-top: -50px !important;}&#8221;][vc_column]\t\t<style type=\"text\/css\">\r\n\t\t    #content-block-background-1860 { background-image: url(https:\/\/md-online.pl\/wp-content\/uploads\/sites\/2\/2019\/03\/ecorrector-on-mobile-phone.jpg); background-position: center top; background-repeat: repeat-x; background-color: #7a7a7a; background-attachment: scroll; background-size: auto; }\r\n\t\t    #content-block-body-1860 { padding: 100px 0; color: #5e5e5e; }\r\n\t\t    .content-block-body { margin-left: auto; margin-right: auto; position: relative; }\r\n\t\t<\/style>\r\n\t\t\t\t\t<style type=\"text\/css\">\r\n\t\t\t\t#wrapper-1 { overflow-x: hidden; }\r\n\t\t\t\t#content-block-background-1860 { margin: 0 -10000px; padding: 0 10000px; }\r\n\t\t\t<\/style>\r\n\t\t\r\n\t\t\r\n\t\t<div class=\"clear\"><\/div>\r\n\t\t<div id=\"content-block-background-1860\" class=\"content-block-background \">\r\n\t\t\t<div id=\"content-block-body-1860\" class=\"content-block-body\">\r\n\t\t\t\t<div class=\"clear\"><\/div>\r\n\t\t\t\t\n<h4 style=\"margin-bottom: 25px\"><span style=\"font-size: 30px;color: #000\"> Zakres t\u0142umaczenia <span style=\"color: #e20602\">po\u015bwiadczonego<\/span><\/span><\/h4>\n<div class=\"one_half\">\n<div style=\"margin-bottom: 10px\">\n<p style=\"text-align: justify\">Zgodnie z obowi\u0105zuj\u0105cym prawem polskim, wszelkie t\u0142umaczenia wykonane na potrzeby obrotu prawnego musz\u0105 zosta\u0107 wykonane przez t\u0142umacza przysi\u0119g\u0142ego, kt\u00f3ry naby\u0142 uprawnienia do wykonywania zawodu w Polsce. Za stron\u0119 rozliczeniow\u0105 w t\u0142umaczeniach po\u015bwiadczonych przyjmuje si\u0119 zazwyczaj 1125 znak\u00f3w ze spacjami. Do liczby znak\u00f3w wlicza si\u0119 wszystkie widoczne znaki drukarskie (litery, znaki interpunkcyjne, \u0142\u0105czniki, cyfry, oraz spacje). Ka\u017cd\u0105 kolejn\u0105 rozpocz\u0119t\u0105 stron\u0119 rozliczeniow\u0105 traktuje si\u0119 jako pe\u0142n\u0105 stron\u0119.<\/p>\n<p style=\"text-align: justify\">Je\u017celi chcesz osobi\u015bcie odebra\u0107 t\u0142umaczenie lub przedyskutowa\u0107 zakres us\u0142ugi, zapraszamy do naszych biur w Warszawie i \u0141odzi. Mo\u017cemy zorganizowa\u0107 spotkanie, kt\u00f3re rozja\u015bni wszelkie w\u0105tpliwo\u015bci dotycz\u0105ce t\u0142umacze\u0144 po\u015bwiadczonych.<\/p>\n<\/div>\n<p style=\"text-align: left\"><a class=\"flat-custom-button align-btn-left\" href=\"www.mediaonlinesupport.com\" title=\"Media Online Support\"><span style=\"padding:10px 20px; background-color:#E20602; border:1px solid #E20602; color:#FFFFFF; font-size:13px;\">Media Online Support<\/span><\/a>\n<\/div>\n\t\t\t\t<div class=\"clear\"><\/div>\r\n\t\t\t<\/div>\r\n\t\t<\/div>\r\n\t\t<div class=\"clear\"><\/div>\r\n\t[\/vc_column][\/vc_row][vc_row full_width=&#8221;stretch_row&#8221; content_placement=&#8221;middle&#8221; parallax=&#8221;content-moving&#8221; parallax_image=&#8221;6144&#8243; parallax_speed_bg=&#8221;2&#8243; css=&#8221;.vc_custom_1552427594445{padding-top: 20px !important;padding-bottom: 20px !important;background: #293037 url(http:\/\/md-online.pl\/wp-content\/uploads\/sites\/2\/2019\/03\/backgroun-native-speaker.jpg?id=6144);background-position: center;background-repeat: no-repeat !important;background-size: cover !important;}&#8221;][vc_column][vc_column_text css_animation=&#8221;none&#8221;]\n<h3 style=\"color: #ffffff !important;text-align: center\"><strong>Kontrola jako\u015bci<\/strong><\/h3>\n[\/vc_column_text][vc_column_text css_animation=&#8221;none&#8221; css=&#8221;.vc_custom_1579551089361{margin-bottom: 25px !important;}&#8221;]\n<p style=\"color: #f1f1f1\"><strong>Jako\u015b\u0107 stanowi podstawow\u0105 warto\u015b\u0107 w MD Online. Rozumiemy, \u017ce ka\u017cdy opublikowany tekst jest bezpo\u015brednim odzwierciedleniem polityki twojej firmy. Wprowadzili\u015bmy wi\u0119c procedury kontroli jako\u015bci, aby mie\u0107 pewno\u015b\u0107 najwy\u017cszej jako\u015bci finalnego tekstu. Stale monitorujemy prac\u0119 native speaker\u00f3w, dzi\u0119ki czemu mo\u017cemy zagwarantowa\u0107 doskona\u0142\u0105 lokalizacj\u0119 i poprawno\u015b\u0107 t\u0142umaczenia.<\/strong><\/p>\n[\/vc_column_text][\/vc_column][\/vc_row][vc_row full_width=&#8221;stretch_row&#8221; css=&#8221;.vc_custom_1552241067262{margin-bottom: -20px !important;}&#8221;][vc_column]\t\t<style type=\"text\/css\">\r\n\t\t    #content-block-background-1947 { background-image: url(); background-position: center top; background-repeat: no-repeat; background-color: #e20602; background-attachment: fixed; background-size: auto; }\r\n\t\t    #content-block-body-1947 { padding: 40px 0; color: #ffffff; }\r\n\t\t    .content-block-body { margin-left: auto; margin-right: auto; position: relative; }\r\n\t\t<\/style>\r\n\t\t\t\t\t<style type=\"text\/css\">\r\n\t\t\t\t#wrapper-1 { overflow-x: hidden; }\r\n\t\t\t\t#content-block-background-1947 { margin: 0 -10000px; padding: 0 10000px; }\r\n\t\t\t<\/style>\r\n\t\t\r\n\t\t\r\n\t\t<div class=\"clear\"><\/div>\r\n\t\t<div id=\"content-block-background-1947\" class=\"content-block-background \">\r\n\t\t\t<div id=\"content-block-body-1947\" class=\"content-block-body\">\r\n\t\t\t\t<div class=\"clear\"><\/div>\r\n\t\t\t\t\n<h3 style=\"float: left;margin: 10px 0;font-size: 20px !important;color: #fff\">Prze\u015blij sw\u00f3j tekst do darmowej wyceny<\/h3>\n<a class=\"flat-custom-button align-btn-right\" href=\"http:\/\/md-online.pl\/pl\/wyslij-tekst-do-darmowej-wyceny\/\" title=\"wy\u015blij tekst do darmowej wyceny\" target=\"_blank\"><span style=\"padding:15px 20px; background-color:transparent; border:2px solid #FFFFFF; color:#FFFFFF; font-size:14px;\">wy\u015blij tekst do darmowej wyceny<\/span><\/a>\t\t\t\t<div class=\"clear\"><\/div>\r\n\t\t\t<\/div>\r\n\t\t<\/div>\r\n\t\t<div class=\"clear\"><\/div>\r\n\t[\/vc_column][\/vc_row]\n","protected":false},"excerpt":{"rendered":"<p>[vc_row full_width=&#8221;stretch_row&#8221; css=&#8221;.vc_custom_1554827044097{margin-top: -30px !important;background-image: url(http:\/\/md-online.pl\/wp-content\/uploads\/sites\/2\/2019\/02\/page-1_slide01.jpg?id=5533) !important;}&#8221;][vc_column][vc_column_text] T\u0142umaczenia przysi\u0119g\u0142e W MD Online dostosowujemy si\u0119 do Twoich potrzeb &#8211; gdy potrzebujesz t\u0142umaczenia i oficjalnego potwierdzenia jego zgodno\u015bci z tre\u015bci\u0105 orygina\u0142u, polecamy us\u0142ug\u0119 t\u0142umaczenia po\u015bwiadczonego. Jest ona zalecana w przypadku dokument\u00f3w urz\u0119dowych takich jak pisma s\u0105dowe i administracyjne, akty urodzenia, akty ma\u0142\u017ce\u0144stwa, akty zgonu, zagraniczne \u015bwiadectwa pracy itp. Bez wzgl\u0119du na rodzaj tekstu, zapewniamy, \u017ce dostarczone przez nas t\u0142umaczenie b\u0119dzie w ca\u0142o\u015bci wykonane przez profesjonalnego t\u0142umacza i w zgodzie ze sztuk\u0105 t\u0142umacze\u0144 po\u015bwiadczonych. [\/vc_column_text][vc_separator color=&#8221;white&#8221; border_width=&#8221;3&#8243; el_width=&#8221;80&#8243;][vc_column_text] [\/vc_column_text][\/vc_column][\/vc_row][vc_row gap=&#8221;20&#8243; css=&#8221;.vc_custom_1518473291718{border-bottom-width: 40px !important;padding-top: 50px !important;}&#8221;][vc_column][vc_row_inner][vc_column_inner][vc_column_text] Chc\u0105c sprosta\u0107 Twoim oczekiwaniom, MD Online oferuje us\u0142ugi native speaker\u00f3w. Aby mie\u0107 pewno\u015b\u0107, \u017ce t\u0142umaczenie jest zgodne z dotychczasowymi tekstami klienta, korzystamy z pami\u0119ci t\u0142umaczeniowych w narz\u0119dziach CAT. Pozwala to na dodatkowe obni\u017cenie koszt\u00f3w d\u0142ugofalowej wsp\u00f3\u0142pracy dla powracaj\u0105cych klient\u00f3w. [\/vc_column_text][\/vc_column_inner][\/vc_row_inner][vc_row_inner gap=&#8221;20&#8243;][vc_column_inner width=&#8221;1\/3&#8243;][vc_column_text] Wiele kombinacji j\u0119zykowych Naszym klientom oferujemy wysokiej jako\u015bci t\u0142umaczenie po\u015bwiadczone z j\u0119zyka obcego na j\u0119zyk polski<\/p>\n","protected":false},"author":1,"featured_media":0,"parent":0,"menu_order":0,"comment_status":"closed","ping_status":"closed","template":"page-FullWidth.php","meta":{"_monsterinsights_skip_tracking":false,"_monsterinsights_sitenote_active":false,"_monsterinsights_sitenote_note":"","_monsterinsights_sitenote_category":0,"footnotes":""},"class_list":["post-13914","page","type-page","status-publish","hentry"],"yoast_head":"<!-- This site is optimized with the Yoast SEO plugin v21.0 - https:\/\/yoast.com\/wordpress\/plugins\/seo\/ -->\n<title>T\u0142umaczenia przysi\u0119g\u0142e - MD Online<\/title>\n<meta name=\"robots\" content=\"index, follow, max-snippet:-1, max-image-preview:large, max-video-preview:-1\" \/>\n<link rel=\"canonical\" href=\"https:\/\/md-online.pl\/pl\/tlumaczenia-przysiegle\/\" \/>\n<meta property=\"og:locale\" content=\"pl_PL\" \/>\n<meta property=\"og:type\" content=\"article\" \/>\n<meta property=\"og:title\" content=\"T\u0142umaczenia przysi\u0119g\u0142e - MD Online\" \/>\n<meta property=\"og:description\" content=\"[vc_row full_width=&#8221;stretch_row&#8221; css=&#8221;.vc_custom_1554827044097{margin-top: -30px !important;background-image: url(http:\/\/md-online.pl\/wp-content\/uploads\/sites\/2\/2019\/02\/page-1_slide01.jpg?id=5533) !important;}&#8221;][vc_column][vc_column_text] T\u0142umaczenia przysi\u0119g\u0142e W MD Online dostosowujemy si\u0119 do Twoich potrzeb &#8211; gdy potrzebujesz t\u0142umaczenia i oficjalnego potwierdzenia jego zgodno\u015bci z tre\u015bci\u0105 orygina\u0142u, polecamy us\u0142ug\u0119 t\u0142umaczenia po\u015bwiadczonego. Jest ona zalecana w przypadku dokument\u00f3w urz\u0119dowych takich jak pisma s\u0105dowe i administracyjne, akty urodzenia, akty ma\u0142\u017ce\u0144stwa, akty zgonu, zagraniczne \u015bwiadectwa pracy itp. Bez wzgl\u0119du na rodzaj tekstu, zapewniamy, \u017ce dostarczone przez nas t\u0142umaczenie b\u0119dzie w ca\u0142o\u015bci wykonane przez profesjonalnego t\u0142umacza i w zgodzie ze sztuk\u0105 t\u0142umacze\u0144 po\u015bwiadczonych. [\/vc_column_text][vc_separator color=&#8221;white&#8221; border_width=&#8221;3&#8243; el_width=&#8221;80&#8243;][vc_column_text] [\/vc_column_text][\/vc_column][\/vc_row][vc_row gap=&#8221;20&#8243; css=&#8221;.vc_custom_1518473291718{border-bottom-width: 40px !important;padding-top: 50px !important;}&#8221;][vc_column][vc_row_inner][vc_column_inner][vc_column_text] Chc\u0105c sprosta\u0107 Twoim oczekiwaniom, MD Online oferuje us\u0142ugi native speaker\u00f3w. Aby mie\u0107 pewno\u015b\u0107, \u017ce t\u0142umaczenie jest zgodne z dotychczasowymi tekstami klienta, korzystamy z pami\u0119ci t\u0142umaczeniowych w narz\u0119dziach CAT. Pozwala to na dodatkowe obni\u017cenie koszt\u00f3w d\u0142ugofalowej wsp\u00f3\u0142pracy dla powracaj\u0105cych klient\u00f3w. [\/vc_column_text][\/vc_column_inner][\/vc_row_inner][vc_row_inner gap=&#8221;20&#8243;][vc_column_inner width=&#8221;1\/3&#8243;][vc_column_text] Wiele kombinacji j\u0119zykowych Naszym klientom oferujemy wysokiej jako\u015bci t\u0142umaczenie po\u015bwiadczone z j\u0119zyka obcego na j\u0119zyk polski\" \/>\n<meta property=\"og:url\" content=\"https:\/\/md-online.pl\/pl\/tlumaczenia-przysiegle\/\" \/>\n<meta property=\"og:site_name\" content=\"MD Online\" \/>\n<meta property=\"article:modified_time\" content=\"2022-10-24T13:14:51+00:00\" \/>\n<meta name=\"twitter:card\" content=\"summary_large_image\" \/>\n<meta name=\"twitter:label1\" content=\"Szacowany czas czytania\" \/>\n\t<meta name=\"twitter:data1\" content=\"6 minut\" \/>\n<script type=\"application\/ld+json\" class=\"yoast-schema-graph\">{\"@context\":\"https:\/\/schema.org\",\"@graph\":[{\"@type\":\"WebPage\",\"@id\":\"https:\/\/md-online.pl\/pl\/tlumaczenia-przysiegle\/\",\"url\":\"https:\/\/md-online.pl\/pl\/tlumaczenia-przysiegle\/\",\"name\":\"T\u0142umaczenia przysi\u0119g\u0142e - MD Online\",\"isPartOf\":{\"@id\":\"https:\/\/md-online.pl\/en\/#website\"},\"datePublished\":\"2019-04-09T16:45:03+00:00\",\"dateModified\":\"2022-10-24T13:14:51+00:00\",\"breadcrumb\":{\"@id\":\"https:\/\/md-online.pl\/pl\/tlumaczenia-przysiegle\/#breadcrumb\"},\"inLanguage\":\"pl-PL\",\"potentialAction\":[{\"@type\":\"ReadAction\",\"target\":[\"https:\/\/md-online.pl\/pl\/tlumaczenia-przysiegle\/\"]}]},{\"@type\":\"BreadcrumbList\",\"@id\":\"https:\/\/md-online.pl\/pl\/tlumaczenia-przysiegle\/#breadcrumb\",\"itemListElement\":[{\"@type\":\"ListItem\",\"position\":1,\"name\":\"Strona g\u0142\u00f3wna\",\"item\":\"https:\/\/md-online.pl\/pl\/\"},{\"@type\":\"ListItem\",\"position\":2,\"name\":\"T\u0142umaczenia przysi\u0119g\u0142e\"}]},{\"@type\":\"WebSite\",\"@id\":\"https:\/\/md-online.pl\/en\/#website\",\"url\":\"https:\/\/md-online.pl\/en\/\",\"name\":\"MD Online\",\"description\":\"Expert Communication Support\",\"potentialAction\":[{\"@type\":\"SearchAction\",\"target\":{\"@type\":\"EntryPoint\",\"urlTemplate\":\"https:\/\/md-online.pl\/en\/?s={search_term_string}\"},\"query-input\":\"required name=search_term_string\"}],\"inLanguage\":\"pl-PL\"}]}<\/script>\n<!-- \/ Yoast SEO plugin. -->","yoast_head_json":{"title":"T\u0142umaczenia przysi\u0119g\u0142e - MD Online","robots":{"index":"index","follow":"follow","max-snippet":"max-snippet:-1","max-image-preview":"max-image-preview:large","max-video-preview":"max-video-preview:-1"},"canonical":"https:\/\/md-online.pl\/pl\/tlumaczenia-przysiegle\/","og_locale":"pl_PL","og_type":"article","og_title":"T\u0142umaczenia przysi\u0119g\u0142e - MD Online","og_description":"[vc_row full_width=&#8221;stretch_row&#8221; css=&#8221;.vc_custom_1554827044097{margin-top: -30px !important;background-image: url(http:\/\/md-online.pl\/wp-content\/uploads\/sites\/2\/2019\/02\/page-1_slide01.jpg?id=5533) !important;}&#8221;][vc_column][vc_column_text] T\u0142umaczenia przysi\u0119g\u0142e W MD Online dostosowujemy si\u0119 do Twoich potrzeb &#8211; gdy potrzebujesz t\u0142umaczenia i oficjalnego potwierdzenia jego zgodno\u015bci z tre\u015bci\u0105 orygina\u0142u, polecamy us\u0142ug\u0119 t\u0142umaczenia po\u015bwiadczonego. Jest ona zalecana w przypadku dokument\u00f3w urz\u0119dowych takich jak pisma s\u0105dowe i administracyjne, akty urodzenia, akty ma\u0142\u017ce\u0144stwa, akty zgonu, zagraniczne \u015bwiadectwa pracy itp. Bez wzgl\u0119du na rodzaj tekstu, zapewniamy, \u017ce dostarczone przez nas t\u0142umaczenie b\u0119dzie w ca\u0142o\u015bci wykonane przez profesjonalnego t\u0142umacza i w zgodzie ze sztuk\u0105 t\u0142umacze\u0144 po\u015bwiadczonych. [\/vc_column_text][vc_separator color=&#8221;white&#8221; border_width=&#8221;3&#8243; el_width=&#8221;80&#8243;][vc_column_text] [\/vc_column_text][\/vc_column][\/vc_row][vc_row gap=&#8221;20&#8243; css=&#8221;.vc_custom_1518473291718{border-bottom-width: 40px !important;padding-top: 50px !important;}&#8221;][vc_column][vc_row_inner][vc_column_inner][vc_column_text] Chc\u0105c sprosta\u0107 Twoim oczekiwaniom, MD Online oferuje us\u0142ugi native speaker\u00f3w. Aby mie\u0107 pewno\u015b\u0107, \u017ce t\u0142umaczenie jest zgodne z dotychczasowymi tekstami klienta, korzystamy z pami\u0119ci t\u0142umaczeniowych w narz\u0119dziach CAT. Pozwala to na dodatkowe obni\u017cenie koszt\u00f3w d\u0142ugofalowej wsp\u00f3\u0142pracy dla powracaj\u0105cych klient\u00f3w. [\/vc_column_text][\/vc_column_inner][\/vc_row_inner][vc_row_inner gap=&#8221;20&#8243;][vc_column_inner width=&#8221;1\/3&#8243;][vc_column_text] Wiele kombinacji j\u0119zykowych Naszym klientom oferujemy wysokiej jako\u015bci t\u0142umaczenie po\u015bwiadczone z j\u0119zyka obcego na j\u0119zyk polski","og_url":"https:\/\/md-online.pl\/pl\/tlumaczenia-przysiegle\/","og_site_name":"MD Online","article_modified_time":"2022-10-24T13:14:51+00:00","twitter_card":"summary_large_image","twitter_misc":{"Szacowany czas czytania":"6 minut"},"schema":{"@context":"https:\/\/schema.org","@graph":[{"@type":"WebPage","@id":"https:\/\/md-online.pl\/pl\/tlumaczenia-przysiegle\/","url":"https:\/\/md-online.pl\/pl\/tlumaczenia-przysiegle\/","name":"T\u0142umaczenia przysi\u0119g\u0142e - MD Online","isPartOf":{"@id":"https:\/\/md-online.pl\/en\/#website"},"datePublished":"2019-04-09T16:45:03+00:00","dateModified":"2022-10-24T13:14:51+00:00","breadcrumb":{"@id":"https:\/\/md-online.pl\/pl\/tlumaczenia-przysiegle\/#breadcrumb"},"inLanguage":"pl-PL","potentialAction":[{"@type":"ReadAction","target":["https:\/\/md-online.pl\/pl\/tlumaczenia-przysiegle\/"]}]},{"@type":"BreadcrumbList","@id":"https:\/\/md-online.pl\/pl\/tlumaczenia-przysiegle\/#breadcrumb","itemListElement":[{"@type":"ListItem","position":1,"name":"Strona g\u0142\u00f3wna","item":"https:\/\/md-online.pl\/pl\/"},{"@type":"ListItem","position":2,"name":"T\u0142umaczenia przysi\u0119g\u0142e"}]},{"@type":"WebSite","@id":"https:\/\/md-online.pl\/en\/#website","url":"https:\/\/md-online.pl\/en\/","name":"MD Online","description":"Expert Communication Support","potentialAction":[{"@type":"SearchAction","target":{"@type":"EntryPoint","urlTemplate":"https:\/\/md-online.pl\/en\/?s={search_term_string}"},"query-input":"required name=search_term_string"}],"inLanguage":"pl-PL"}]}},"_links":{"self":[{"href":"https:\/\/md-online.pl\/pl\/wp-json\/wp\/v2\/pages\/13914","targetHints":{"allow":["GET"]}}],"collection":[{"href":"https:\/\/md-online.pl\/pl\/wp-json\/wp\/v2\/pages"}],"about":[{"href":"https:\/\/md-online.pl\/pl\/wp-json\/wp\/v2\/types\/page"}],"author":[{"embeddable":true,"href":"https:\/\/md-online.pl\/pl\/wp-json\/wp\/v2\/users\/1"}],"replies":[{"embeddable":true,"href":"https:\/\/md-online.pl\/pl\/wp-json\/wp\/v2\/comments?post=13914"}],"version-history":[{"count":0,"href":"https:\/\/md-online.pl\/pl\/wp-json\/wp\/v2\/pages\/13914\/revisions"}],"wp:attachment":[{"href":"https:\/\/md-online.pl\/pl\/wp-json\/wp\/v2\/media?parent=13914"}],"curies":[{"name":"wp","href":"https:\/\/api.w.org\/{rel}","templated":true}]}}