{"id":13908,"date":"2019-04-09T18:11:00","date_gmt":"2019-04-09T16:11:00","guid":{"rendered":"http:\/\/md-online.pl\/?page_id=13908"},"modified":"2020-01-29T13:20:53","modified_gmt":"2020-01-29T12:20:53","slug":"tlumaczenia-biznesowe","status":"publish","type":"page","link":"https:\/\/md-online.pl\/pl\/tlumaczenia-biznesowe\/","title":{"rendered":"T\u0142umaczenia biznesowe"},"content":{"rendered":"[vc_row full_width=&#8221;stretch_row&#8221; css=&#8221;.vc_custom_1554827044097{margin-top: -30px !important;background-image: url(http:\/\/md-online.pl\/wp-content\/uploads\/sites\/2\/2019\/02\/page-1_slide01.jpg?id=5533) !important;}&#8221;][vc_column][vc_column_text]\n<h3 style=\"margin-bottom: 35px; font-size: 26px; color: #ffffff; line-height: 1.7; text-align: center;\">T\u0142umaczenia <span style=\"color: #e20602;\"> biznesowe <\/span><\/h3>\n<h3 style=\"margin-bottom: 35px; font-size: 18px; color: #ffffff; line-height: 1.7; text-align: center;\">MD Online ka\u017cdego dnia wspiera znaczn\u0105 liczb\u0119 firm z r\u00f3\u017cnych bran\u017c. Pomagamy im rozwija\u0107 skrzyd\u0142a poprzez dostarczanie wysokiej jako\u015bci tekst\u00f3w w r\u00f3\u017cnych kombinacjach j\u0119zykowych. Zakres naszych us\u0142ug znacznie wykracza poza standardowe t\u0142umaczenie i korekt\u0119 we wszystkich j\u0119zykach europejskich i wielu pozaeuropejskich &#8211; mo\u017cemy opracowa\u0107 pliki CAT, napisy do film\u00f3w, transkrypcje, oceny pr\u00f3bek i kompetencji j\u0119zykowych, a tak\u017ce przeprowadzi\u0107 wiele innych dzia\u0142a\u0144.<\/h3>\n[\/vc_column_text][vc_separator color=&#8221;white&#8221; border_width=&#8221;3&#8243; el_width=&#8221;80&#8243;][vc_column_text]<div class=\"align-btn-center\"><a class=\"flat-custom-button\" href=\"mailto:info@md-online.pl\" title=\"Napisz do nas po wi\u0119cej informacji\"><span style=\"padding:15px 25px; background-color:#e20602; border:1px solid #e20602; color:#FFFFFF; font-size:16px;\">Napisz do nas po wi\u0119cej informacji<\/span><\/a><\/div>\n<div style=\"text-align: center; margin-top: 40px;\"><a href=\"#more-features\"><i class=\"fa fa-angle-down circle-wrap\" style=\"color: #aaaaaa; font-size: 1.5em;\"><!-- icon --><\/i><\/a><\/div>\n[\/vc_column_text][\/vc_column][\/vc_row][vc_row gap=&#8221;20&#8243; css=&#8221;.vc_custom_1518473291718{border-bottom-width: 40px !important;padding-top: 50px !important;}&#8221;][vc_column][vc_row_inner][vc_column_inner][vc_column_text]\n<div id=\"more-features\"><\/div>\n<div style=\"text-align: center;\">\n<h4><span style=\"font-size: 26px; color: #444444;\">MD Online oferuje t\u0142umaczenia i korekty native speaker\u00f3w.<\/span><\/h4>\n<h5><span style=\"font-size: 16px; color: #555555; line-height: 1.7;\">Nasza firma wsp\u00f3\u0142pracuje z dostawcami us\u0142ug j\u0119zykowych i firmami. Operujemy r\u00f3\u017cnymi narz\u0119dziami CAT, aby zapewni\u0107 jednolite s\u0142ownictwo i zgodno\u015b\u0107 t\u0142umaczenia z poprzednimi tekstami klienta.<\/span><\/h5>\n<\/div>\n[\/vc_column_text][\/vc_column_inner][\/vc_row_inner][vc_row_inner gap=&#8221;20&#8243;][vc_column_inner width=&#8221;1\/3&#8243;][vc_column_text]\n<div style=\"text-align: center;\">\n<div style=\"text-align: center;\"><i class=\"fa fa-handshake-o circle-wrap\" style=\"color: #e20602; font-size: 2em;\"><!-- icon --><\/i><\/div>\n<\/div>\n<div style=\"text-align: center;\">\n<h4><span style=\"color: #e20602;\"><a style=\"color: #e20602;\" title=\"Business translations\" rel=\"noopener\">R\u00f3\u017cnorodne kombinacje j\u0119zykowe <\/a><\/span><\/h4>\n<\/div>\n<div style=\"text-align: center;\">Wspomagamy firmy oraz klient\u00f3w indywidualnych dostarczaj\u0105c potrzebne im wysokiej jako\u015bci teksty w spos\u00f3b najwygodniejszy dla nich. Dzi\u0119ki naszym szerokim kontaktom w bran\u017cy t\u0142umaczeniowej mo\u017cemy opracowa\u0107 przes\u0142ane do nas tre\u015bci szybko i ekonomicznie, bez wzgl\u0119du na kombinacj\u0119 j\u0119zykow\u0105 czy charakter tekstu.<\/div>\n[\/vc_column_text][\/vc_column_inner][vc_column_inner width=&#8221;1\/3&#8243;][vc_column_text]\n<div style=\"text-align: center;\"><i class=\"fa fa-address-book circle-wrap\" style=\"color: #e20602; font-size: 2em;\"><!-- icon --><\/i><\/div>\n<div style=\"text-align: center;\">\n<h4><span style=\"color: #e20602;\"><a style=\"color: #e20602;\" title=\"Twoi eksperci w bran\u017cy\" rel=\"noopener\">Twoi eksperci w bran\u017cy<\/a><\/span><\/h4>\n<\/div>\n<div style=\"text-align: center;\">Wszystkie wiod\u0105ce instytucje w sektorze t\u0142umaczeniowym zgodnie twierdz\u0105, \u017ce t\u0142umaczenia native speaker\u00f3w gwarantuj\u0105 perfekcyjne dopasowanie wiadomo\u015bci do kultury docelowej oraz dok\u0142adne oddanie tre\u015bci tekstu \u017ar\u00f3d\u0142owego. Nasi t\u0142umacze to wykwalifikowani native speakerzy, kt\u00f3rzy s\u0105 w nieustannym kontakcie z \u017cywym j\u0119zykiem i opracowuj\u0105 \u015bwietne t\u0142umaczenia.<\/div>\n[\/vc_column_text][\/vc_column_inner][vc_column_inner width=&#8221;1\/3&#8243;][vc_column_text]\n<div style=\"text-align: center;\"><i class=\"fa fa-user-plus circle-wrap\" style=\"color: #e20602; font-size: 2em;\"><!-- icon --><\/i><\/div>\n<div style=\"text-align: center;\">\n<h4><span style=\"color: #e20602;\"><a style=\"color: #e20602;\" title=\"Technologia na ratunek\" rel=\"noopener\">Technologia na ratunek<\/a><\/span><\/h4>\n<\/div>\n<div style=\"text-align: center;\">Im szybciej rozwija si\u0119 twoja dzia\u0142alno\u015b\u0107, tym wi\u0119cej tekst\u00f3w potrzebujesz w kr\u00f3tszym terminie. Jeste\u015bmy na to gotowi! MD Online codziennie u\u017cywa narz\u0119dzi CAT, aby mie\u0107 pewno\u015b\u0107, \u017ce jednolite s\u0142ownictwo i stylistyka s\u0105 zachowane w ramach twoich zlece\u0144. Opracowujemy nasze wewn\u0119trzne pami\u0119ci t\u0142umaczeniowe, kt\u00f3re rosn\u0105 z ka\u017cdym nades\u0142anym tekstem. MD Online jest tak\u017ce otwarty na wsp\u00f3\u0142prac\u0119 w ramach narz\u0119dzi Connected Translation, co znacznie przyspiesza ca\u0142y proces t\u0142umaczenia.<\/div>\n[\/vc_column_text][\/vc_column_inner][\/vc_row_inner][\/vc_column][\/vc_row][vc_row full_width=&#8221;stretch_row&#8221;][vc_column]\t\t<style type=\"text\/css\">\r\n\t\t    #content-block-background-1751 { background-image: url(https:\/\/md-online.pl\/wp-content\/uploads\/sites\/2\/2019\/02\/main_header.jpg); background-position: center center; background-repeat: repeat-x; background-color: #293037; background-attachment: scroll; background-size: auto; }\r\n\t\t    #content-block-body-1751 { padding: 100px 0 80px; color: #ffffff; }\r\n\t\t    .content-block-body { margin-left: auto; margin-right: auto; position: relative; }\r\n\t\t<\/style>\r\n\t\t\t\t\t<style type=\"text\/css\">\r\n\t\t\t\t#wrapper-1 { overflow-x: hidden; }\r\n\t\t\t\t#content-block-background-1751 { margin: 0 -10000px; padding: 0 10000px; }\r\n\t\t\t<\/style>\r\n\t\t\r\n\t\t\r\n\t\t<div class=\"clear\"><\/div>\r\n\t\t<div id=\"content-block-background-1751\" class=\"content-block-background \">\r\n\t\t\t<div id=\"content-block-body-1751\" class=\"content-block-body\">\r\n\t\t\t\t<div class=\"clear\"><\/div>\r\n\t\t\t\t\n<h4 style=\"margin-bottom: 25px; text-align: center;\"><span style=\"font-size: 30px; color: #fff;\">Szybko\u015b\u0107 dzia\u0142ania i konkurencyjne ceny <i class=\"fa fa-globe\" style=\"color: #e20602; font-size: 1em;\"><\/i> <\/span><\/h4>\n<div style=\"margin-bottom: 20px; text-align: center;\"><strong><span style=\"font-size: 18px; color: #ffffff;\">Otrzymasz od nas niewi\u0105\u017c\u0105c\u0105 wycen\u0119 ze szczeg\u00f3\u0142ami cenowymi i terminem realizacji w ci\u0105gu godziny od przes\u0142ania do nas wiadomo\u015bci. Wiemy, \u017ce tw\u00f3j czas jest cenny!<\/span><\/strong><\/div>\n\t\t\t\t<div class=\"clear\"><\/div>\r\n\t\t\t<\/div>\r\n\t\t<\/div>\r\n\t\t<div class=\"clear\"><\/div>\r\n\t[\/vc_column][\/vc_row][vc_row full_width=&#8221;stretch_row&#8221; gap=&#8221;20&#8243; css=&#8221;.vc_custom_1518228749897{padding-top: 50px !important;padding-bottom: 50px !important;background-color: #f9f9f9 !important;}&#8221;][vc_column][vc_row_inner][vc_column_inner offset=&#8221;vc_col-lg-6 vc_col-md-6 vc_col-xs-12&#8243;][vc_single_image image=&#8221;5854&#8243; img_size=&#8221;full&#8221; alignment=&#8221;center&#8221; css_animation=&#8221;fadeInUp&#8221;][\/vc_column_inner][vc_column_inner offset=&#8221;vc_col-lg-6 vc_col-md-6 vc_col-xs-12&#8243;][vc_column_text css_animation=&#8221;zoomIn&#8221;]\n<h3>Dlaczego warto pracowa\u0107 z native speakerami<\/h3>\n<p>Niezale\u017cnie od rodzaju projektu &#8211; od marketingu po tekst naukowy, od pliku .DOCX do formatu .FLAC &#8211; wsp\u00f3\u0142pracujemy z native speakerami j\u0119zyk\u00f3w docelowych. S\u0105 to wykwalifikowani lingwi\u015bci, kt\u00f3rzy doskonale znaj\u0105 sw\u00f3j j\u0119zyk ojczysty. Dzi\u0119ki tej umiej\u0119tno\u015bci odzwierciedlaj\u0105 tre\u015b\u0107 tekstu \u017ar\u00f3d\u0142owego w naturalny i poprawny j\u0119zykowo spos\u00f3b. To wszystko po to, aby tw\u00f3j tekst brzmia\u0142 tak, jakby napisa\u0142 go obywatel kraju docelowego. W ten spos\u00f3b twoja wiadomo\u015b\u0107 &#8211; wideo z napisami w wielu j\u0119zykach, umowa prawna, dokumentacja techniczna czy tekst naukowy &#8211; dociera do odbiorcy bez zak\u0142\u00f3ce\u0144.[\/vc_column_text][\/vc_column_inner][\/vc_row_inner][\/vc_column][\/vc_row][vc_row css=&#8221;.vc_custom_1552241135057{margin-top: -50px !important;}&#8221;][vc_column]\t\t<style type=\"text\/css\">\r\n\t\t    #content-block-background-1806 { background-image: url(https:\/\/md-online.pl\/wp-content\/uploads\/sites\/2\/2020\/01\/mediaonlinesupport-on-mobile-phone.jpg); background-position: center top; background-repeat: repeat-x; background-color: #7a7a7a; background-attachment: scroll; background-size: auto; }\r\n\t\t    #content-block-body-1806 { padding: 100px 0; color: #5e5e5e; }\r\n\t\t    .content-block-body { margin-left: auto; margin-right: auto; position: relative; }\r\n\t\t<\/style>\r\n\t\t\t\t\t<style type=\"text\/css\">\r\n\t\t\t\t#wrapper-1 { overflow-x: hidden; }\r\n\t\t\t\t#content-block-background-1806 { margin: 0 -10000px; padding: 0 10000px; }\r\n\t\t\t<\/style>\r\n\t\t\r\n\t\t\r\n\t\t<div class=\"clear\"><\/div>\r\n\t\t<div id=\"content-block-background-1806\" class=\"content-block-background \">\r\n\t\t\t<div id=\"content-block-body-1806\" class=\"content-block-body\">\r\n\t\t\t\t<div class=\"clear\"><\/div>\r\n\t\t\t\t\n<h4 style=\"margin-bottom: 25px;\"><span style=\"font-size: 30px; color: #000;\">Nasze us\u0142ugi dla <span style=\"color: #e20602;\">medi\u00f3w online<\/span><\/span><\/h4>\n<div class=\"one_half\">\n<div style=\"margin-bottom: 10px;\">\n<p style=\"text-align: justify;\">Rynek medi\u00f3w online nieustannie si\u0119 rozrasta, co towarzyszy wi\u0119kszemu zapotrzebowaniu na t\u0142umaczenia i korekty. Nasi native speakerzy cz\u0119sto specjalizuj\u0105 si\u0119 w wykonywaniu transkrypcji. Bez problemu przygotowuj\u0105 tak\u017ce napisy z kodami czasowymi czy tre\u015bci do nagra\u0144 lektorskich. Wsp\u00f3\u0142pracuj\u0105c z nami, masz pewno\u015b\u0107, \u017ce teksty nie s\u0105 wynikiem t\u0142umaczenia maszynowego, gdy\u017c nasi t\u0142umacze je doskonale lokalizuj\u0105. Mo\u017cemy opracowa\u0107 tak\u017ce nagrania audio wykonane przez native speaker\u00f3w j\u0119zyk\u00f3w docelowych w dowolnym formacie.<\/p>\n<p style=\"text-align: justify;\">Nasz nowy dzia\u0142, <a href=\"http:\/\/www.mediaonlinesupport.com\" target=\"_blank\" rel=\"noopener noreferrer\">Media Online Support<\/a>, jest przygotowany do wykonania ka\u017cdej us\u0142ugi dla twoich medi\u00f3w. Je\u015bli chcesz porozmawia\u0107 osobi\u015bcie o zakresie naszych mo\u017cliwo\u015bci, mo\u017cemy spotka\u0107 si\u0119 w naszych biurach w Warszawie lub \u0141odzi.<\/p>\n<\/div>\n<p style=\"text-align: left;\"><a class=\"flat-custom-button align-btn-left\" href=\"www.mediaonlinesupport.com\" title=\"Media Online Support\"><span style=\"padding:10px 20px; background-color:#E20602; border:1px solid #E20602; color:#FFFFFF; font-size:13px;\">Media Online Support<\/span><\/a>\n<\/div>\n\t\t\t\t<div class=\"clear\"><\/div>\r\n\t\t\t<\/div>\r\n\t\t<\/div>\r\n\t\t<div class=\"clear\"><\/div>\r\n\t[\/vc_column][\/vc_row][vc_row full_width=&#8221;stretch_row&#8221; content_placement=&#8221;middle&#8221; parallax=&#8221;content-moving&#8221; parallax_image=&#8221;6144&#8243; parallax_speed_bg=&#8221;2&#8243; css=&#8221;.vc_custom_1552427594445{padding-top: 20px !important;padding-bottom: 20px !important;background: #293037 url(http:\/\/md-online.pl\/wp-content\/uploads\/sites\/2\/2019\/03\/backgroun-native-speaker.jpg?id=6144);background-position:center;background-repeat: no-repeat !important;background-size: cover !important;}&#8221;][vc_column][vc_column_text css_animation=&#8221;none&#8221;]\n<h3 style=\"color: #ffffff !important; text-align: center;\"><strong>Kontrola jako\u015bci<\/strong><\/h3>\n[\/vc_column_text][vc_column_text css_animation=&#8221;none&#8221; css=&#8221;.vc_custom_1580295436587{margin-bottom: 25px !important;}&#8221;]\n<div style=\"margin-bottom: 20px; text-align: center;\"><strong><span style=\"font-size: 18px; color: #f1f1f1;\">Jako\u015b\u0107 stanowi podstawow\u0105 warto\u015b\u0107 w MD Online. Rozumiemy, \u017ce ka\u017cdy opublikowany tekst jest bezpo\u015brednim odzwierciedleniem polityki twojej firmy. Wprowadzili\u015bmy wi\u0119c procedury kontroli jako\u015bci, aby mie\u0107 pewno\u015b\u0107 najwy\u017cszej jako\u015bci finalnego tekstu. Stale monitorujemy prac\u0119 native speaker\u00f3w, dzi\u0119ki czemu mo\u017cemy zagwarantowa\u0107 doskona\u0142\u0105 lokalizacj\u0119 i poprawno\u015b\u0107 t\u0142umaczenia.<\/span><\/strong><\/div>\n[\/vc_column_text][\/vc_column][\/vc_row][vc_row full_width=&#8221;stretch_row&#8221; css=&#8221;.vc_custom_1552241067262{margin-bottom: -20px !important;}&#8221;][vc_column]\t\t<style type=\"text\/css\">\r\n\t\t    #content-block-background-1476 { background-image: url(); background-position: center top; background-repeat: no-repeat; background-color: #e20602; background-attachment: fixed; background-size: auto; }\r\n\t\t    #content-block-body-1476 { padding: 40px 0; color: #ffffff; }\r\n\t\t    .content-block-body { margin-left: auto; margin-right: auto; position: relative; }\r\n\t\t<\/style>\r\n\t\t\t\t\t<style type=\"text\/css\">\r\n\t\t\t\t#wrapper-1 { overflow-x: hidden; }\r\n\t\t\t\t#content-block-background-1476 { margin: 0 -10000px; padding: 0 10000px; }\r\n\t\t\t<\/style>\r\n\t\t\r\n\t\t\r\n\t\t<div class=\"clear\"><\/div>\r\n\t\t<div id=\"content-block-background-1476\" class=\"content-block-background \">\r\n\t\t\t<div id=\"content-block-body-1476\" class=\"content-block-body\">\r\n\t\t\t\t<div class=\"clear\"><\/div>\r\n\t\t\t\t\n<h3 style=\"float: left; margin: 10px 0; font-size: 20px !important; color: #fff;\">Prze\u015blij sw\u00f3j tekst do darmowej wyceny<\/h3>\n<a class=\"flat-custom-button align-btn-right\" href=\"http:\/\/md-online.pl\/pl\/wyslij-tekst-do-darmowej-wyceny\/\" title=\"wy\u015blij tekst do darmowej wyceny\" target=\"_blank\"><span style=\"padding:15px 20px; background-color:transparent; border:2px solid #FFFFFF; color:#FFFFFF; font-size:14px;\">wy\u015blij tekst do darmowej wyceny<\/span><\/a>\t\t\t\t<div class=\"clear\"><\/div>\r\n\t\t\t<\/div>\r\n\t\t<\/div>\r\n\t\t<div class=\"clear\"><\/div>\r\n\t[\/vc_column][\/vc_row]\n","protected":false},"excerpt":{"rendered":"<p>[vc_row full_width=&#8221;stretch_row&#8221; css=&#8221;.vc_custom_1554827044097{margin-top: -30px !important;background-image: url(http:\/\/md-online.pl\/wp-content\/uploads\/sites\/2\/2019\/02\/page-1_slide01.jpg?id=5533) !important;}&#8221;][vc_column][vc_column_text] T\u0142umaczenia biznesowe MD Online ka\u017cdego dnia wspiera znaczn\u0105 liczb\u0119 firm z r\u00f3\u017cnych bran\u017c. Pomagamy im rozwija\u0107 skrzyd\u0142a poprzez dostarczanie wysokiej jako\u015bci tekst\u00f3w w r\u00f3\u017cnych kombinacjach j\u0119zykowych. Zakres naszych us\u0142ug znacznie wykracza poza standardowe t\u0142umaczenie i korekt\u0119 we wszystkich j\u0119zykach europejskich i wielu pozaeuropejskich &#8211; mo\u017cemy opracowa\u0107 pliki CAT, napisy do film\u00f3w, transkrypcje, oceny pr\u00f3bek i kompetencji j\u0119zykowych, a tak\u017ce przeprowadzi\u0107 wiele innych dzia\u0142a\u0144. [\/vc_column_text][vc_separator color=&#8221;white&#8221; border_width=&#8221;3&#8243; el_width=&#8221;80&#8243;][vc_column_text] [\/vc_column_text][\/vc_column][\/vc_row][vc_row gap=&#8221;20&#8243; css=&#8221;.vc_custom_1518473291718{border-bottom-width: 40px !important;padding-top: 50px !important;}&#8221;][vc_column][vc_row_inner][vc_column_inner][vc_column_text] MD Online oferuje t\u0142umaczenia i korekty native speaker\u00f3w. Nasza firma wsp\u00f3\u0142pracuje z dostawcami us\u0142ug j\u0119zykowych i firmami. Operujemy r\u00f3\u017cnymi narz\u0119dziami CAT, aby zapewni\u0107 jednolite s\u0142ownictwo i zgodno\u015b\u0107 t\u0142umaczenia z poprzednimi tekstami klienta. [\/vc_column_text][\/vc_column_inner][\/vc_row_inner][vc_row_inner gap=&#8221;20&#8243;][vc_column_inner width=&#8221;1\/3&#8243;][vc_column_text] R\u00f3\u017cnorodne kombinacje j\u0119zykowe Wspomagamy firmy oraz klient\u00f3w indywidualnych dostarczaj\u0105c potrzebne im wysokiej jako\u015bci teksty w spos\u00f3b najwygodniejszy dla nich. Dzi\u0119ki naszym szerokim kontaktom w bran\u017cy t\u0142umaczeniowej mo\u017cemy opracowa\u0107 przes\u0142ane do nas tre\u015bci szybko i<\/p>\n","protected":false},"author":1,"featured_media":0,"parent":0,"menu_order":0,"comment_status":"closed","ping_status":"closed","template":"page-FullWidth.php","meta":{"_monsterinsights_skip_tracking":false,"_monsterinsights_sitenote_active":false,"_monsterinsights_sitenote_note":"","_monsterinsights_sitenote_category":0,"footnotes":""},"class_list":["post-13908","page","type-page","status-publish","hentry"],"yoast_head":"<!-- This site is optimized with the Yoast SEO plugin v21.0 - https:\/\/yoast.com\/wordpress\/plugins\/seo\/ -->\n<title>T\u0142umaczenia biznesowe - MD Online<\/title>\n<meta name=\"robots\" content=\"index, follow, max-snippet:-1, max-image-preview:large, max-video-preview:-1\" \/>\n<link rel=\"canonical\" href=\"https:\/\/md-online.pl\/en\/business-translations\/\" \/>\n<meta property=\"og:locale\" content=\"pl_PL\" \/>\n<meta property=\"og:type\" content=\"article\" \/>\n<meta property=\"og:title\" content=\"T\u0142umaczenia biznesowe - MD Online\" \/>\n<meta property=\"og:description\" content=\"[vc_row full_width=&#8221;stretch_row&#8221; css=&#8221;.vc_custom_1554827044097{margin-top: -30px !important;background-image: url(http:\/\/md-online.pl\/wp-content\/uploads\/sites\/2\/2019\/02\/page-1_slide01.jpg?id=5533) !important;}&#8221;][vc_column][vc_column_text] T\u0142umaczenia biznesowe MD Online ka\u017cdego dnia wspiera znaczn\u0105 liczb\u0119 firm z r\u00f3\u017cnych bran\u017c. Pomagamy im rozwija\u0107 skrzyd\u0142a poprzez dostarczanie wysokiej jako\u015bci tekst\u00f3w w r\u00f3\u017cnych kombinacjach j\u0119zykowych. Zakres naszych us\u0142ug znacznie wykracza poza standardowe t\u0142umaczenie i korekt\u0119 we wszystkich j\u0119zykach europejskich i wielu pozaeuropejskich &#8211; mo\u017cemy opracowa\u0107 pliki CAT, napisy do film\u00f3w, transkrypcje, oceny pr\u00f3bek i kompetencji j\u0119zykowych, a tak\u017ce przeprowadzi\u0107 wiele innych dzia\u0142a\u0144. [\/vc_column_text][vc_separator color=&#8221;white&#8221; border_width=&#8221;3&#8243; el_width=&#8221;80&#8243;][vc_column_text] [\/vc_column_text][\/vc_column][\/vc_row][vc_row gap=&#8221;20&#8243; css=&#8221;.vc_custom_1518473291718{border-bottom-width: 40px !important;padding-top: 50px !important;}&#8221;][vc_column][vc_row_inner][vc_column_inner][vc_column_text] MD Online oferuje t\u0142umaczenia i korekty native speaker\u00f3w. Nasza firma wsp\u00f3\u0142pracuje z dostawcami us\u0142ug j\u0119zykowych i firmami. Operujemy r\u00f3\u017cnymi narz\u0119dziami CAT, aby zapewni\u0107 jednolite s\u0142ownictwo i zgodno\u015b\u0107 t\u0142umaczenia z poprzednimi tekstami klienta. [\/vc_column_text][\/vc_column_inner][\/vc_row_inner][vc_row_inner gap=&#8221;20&#8243;][vc_column_inner width=&#8221;1\/3&#8243;][vc_column_text] R\u00f3\u017cnorodne kombinacje j\u0119zykowe Wspomagamy firmy oraz klient\u00f3w indywidualnych dostarczaj\u0105c potrzebne im wysokiej jako\u015bci teksty w spos\u00f3b najwygodniejszy dla nich. Dzi\u0119ki naszym szerokim kontaktom w bran\u017cy t\u0142umaczeniowej mo\u017cemy opracowa\u0107 przes\u0142ane do nas tre\u015bci szybko i\" \/>\n<meta property=\"og:url\" content=\"https:\/\/md-online.pl\/en\/business-translations\/\" \/>\n<meta property=\"og:site_name\" content=\"MD Online\" \/>\n<meta property=\"article:modified_time\" content=\"2020-01-29T12:20:53+00:00\" \/>\n<meta name=\"twitter:card\" content=\"summary_large_image\" \/>\n<meta name=\"twitter:label1\" content=\"Szacowany czas czytania\" \/>\n\t<meta name=\"twitter:data1\" content=\"6 minut\" \/>\n<script type=\"application\/ld+json\" class=\"yoast-schema-graph\">{\"@context\":\"https:\/\/schema.org\",\"@graph\":[{\"@type\":\"WebPage\",\"@id\":\"https:\/\/md-online.pl\/en\/business-translations\/\",\"url\":\"https:\/\/md-online.pl\/en\/business-translations\/\",\"name\":\"T\u0142umaczenia biznesowe - MD Online\",\"isPartOf\":{\"@id\":\"https:\/\/md-online.pl\/en\/#website\"},\"datePublished\":\"2019-04-09T16:11:00+00:00\",\"dateModified\":\"2020-01-29T12:20:53+00:00\",\"breadcrumb\":{\"@id\":\"https:\/\/md-online.pl\/en\/business-translations\/#breadcrumb\"},\"inLanguage\":\"pl-PL\",\"potentialAction\":[{\"@type\":\"ReadAction\",\"target\":[\"https:\/\/md-online.pl\/en\/business-translations\/\"]}]},{\"@type\":\"BreadcrumbList\",\"@id\":\"https:\/\/md-online.pl\/en\/business-translations\/#breadcrumb\",\"itemListElement\":[{\"@type\":\"ListItem\",\"position\":1,\"name\":\"Strona g\u0142\u00f3wna\",\"item\":\"https:\/\/md-online.pl\/pl\/\"},{\"@type\":\"ListItem\",\"position\":2,\"name\":\"T\u0142umaczenia biznesowe\"}]},{\"@type\":\"WebSite\",\"@id\":\"https:\/\/md-online.pl\/en\/#website\",\"url\":\"https:\/\/md-online.pl\/en\/\",\"name\":\"MD Online\",\"description\":\"Expert Communication Support\",\"potentialAction\":[{\"@type\":\"SearchAction\",\"target\":{\"@type\":\"EntryPoint\",\"urlTemplate\":\"https:\/\/md-online.pl\/en\/?s={search_term_string}\"},\"query-input\":\"required name=search_term_string\"}],\"inLanguage\":\"pl-PL\"}]}<\/script>\n<!-- \/ Yoast SEO plugin. -->","yoast_head_json":{"title":"T\u0142umaczenia biznesowe - MD Online","robots":{"index":"index","follow":"follow","max-snippet":"max-snippet:-1","max-image-preview":"max-image-preview:large","max-video-preview":"max-video-preview:-1"},"canonical":"https:\/\/md-online.pl\/en\/business-translations\/","og_locale":"pl_PL","og_type":"article","og_title":"T\u0142umaczenia biznesowe - MD Online","og_description":"[vc_row full_width=&#8221;stretch_row&#8221; css=&#8221;.vc_custom_1554827044097{margin-top: -30px !important;background-image: url(http:\/\/md-online.pl\/wp-content\/uploads\/sites\/2\/2019\/02\/page-1_slide01.jpg?id=5533) !important;}&#8221;][vc_column][vc_column_text] T\u0142umaczenia biznesowe MD Online ka\u017cdego dnia wspiera znaczn\u0105 liczb\u0119 firm z r\u00f3\u017cnych bran\u017c. Pomagamy im rozwija\u0107 skrzyd\u0142a poprzez dostarczanie wysokiej jako\u015bci tekst\u00f3w w r\u00f3\u017cnych kombinacjach j\u0119zykowych. Zakres naszych us\u0142ug znacznie wykracza poza standardowe t\u0142umaczenie i korekt\u0119 we wszystkich j\u0119zykach europejskich i wielu pozaeuropejskich &#8211; mo\u017cemy opracowa\u0107 pliki CAT, napisy do film\u00f3w, transkrypcje, oceny pr\u00f3bek i kompetencji j\u0119zykowych, a tak\u017ce przeprowadzi\u0107 wiele innych dzia\u0142a\u0144. [\/vc_column_text][vc_separator color=&#8221;white&#8221; border_width=&#8221;3&#8243; el_width=&#8221;80&#8243;][vc_column_text] [\/vc_column_text][\/vc_column][\/vc_row][vc_row gap=&#8221;20&#8243; css=&#8221;.vc_custom_1518473291718{border-bottom-width: 40px !important;padding-top: 50px !important;}&#8221;][vc_column][vc_row_inner][vc_column_inner][vc_column_text] MD Online oferuje t\u0142umaczenia i korekty native speaker\u00f3w. Nasza firma wsp\u00f3\u0142pracuje z dostawcami us\u0142ug j\u0119zykowych i firmami. Operujemy r\u00f3\u017cnymi narz\u0119dziami CAT, aby zapewni\u0107 jednolite s\u0142ownictwo i zgodno\u015b\u0107 t\u0142umaczenia z poprzednimi tekstami klienta. [\/vc_column_text][\/vc_column_inner][\/vc_row_inner][vc_row_inner gap=&#8221;20&#8243;][vc_column_inner width=&#8221;1\/3&#8243;][vc_column_text] R\u00f3\u017cnorodne kombinacje j\u0119zykowe Wspomagamy firmy oraz klient\u00f3w indywidualnych dostarczaj\u0105c potrzebne im wysokiej jako\u015bci teksty w spos\u00f3b najwygodniejszy dla nich. Dzi\u0119ki naszym szerokim kontaktom w bran\u017cy t\u0142umaczeniowej mo\u017cemy opracowa\u0107 przes\u0142ane do nas tre\u015bci szybko i","og_url":"https:\/\/md-online.pl\/en\/business-translations\/","og_site_name":"MD Online","article_modified_time":"2020-01-29T12:20:53+00:00","twitter_card":"summary_large_image","twitter_misc":{"Szacowany czas czytania":"6 minut"},"schema":{"@context":"https:\/\/schema.org","@graph":[{"@type":"WebPage","@id":"https:\/\/md-online.pl\/en\/business-translations\/","url":"https:\/\/md-online.pl\/en\/business-translations\/","name":"T\u0142umaczenia biznesowe - MD Online","isPartOf":{"@id":"https:\/\/md-online.pl\/en\/#website"},"datePublished":"2019-04-09T16:11:00+00:00","dateModified":"2020-01-29T12:20:53+00:00","breadcrumb":{"@id":"https:\/\/md-online.pl\/en\/business-translations\/#breadcrumb"},"inLanguage":"pl-PL","potentialAction":[{"@type":"ReadAction","target":["https:\/\/md-online.pl\/en\/business-translations\/"]}]},{"@type":"BreadcrumbList","@id":"https:\/\/md-online.pl\/en\/business-translations\/#breadcrumb","itemListElement":[{"@type":"ListItem","position":1,"name":"Strona g\u0142\u00f3wna","item":"https:\/\/md-online.pl\/pl\/"},{"@type":"ListItem","position":2,"name":"T\u0142umaczenia biznesowe"}]},{"@type":"WebSite","@id":"https:\/\/md-online.pl\/en\/#website","url":"https:\/\/md-online.pl\/en\/","name":"MD Online","description":"Expert Communication Support","potentialAction":[{"@type":"SearchAction","target":{"@type":"EntryPoint","urlTemplate":"https:\/\/md-online.pl\/en\/?s={search_term_string}"},"query-input":"required name=search_term_string"}],"inLanguage":"pl-PL"}]}},"_links":{"self":[{"href":"https:\/\/md-online.pl\/pl\/wp-json\/wp\/v2\/pages\/13908","targetHints":{"allow":["GET"]}}],"collection":[{"href":"https:\/\/md-online.pl\/pl\/wp-json\/wp\/v2\/pages"}],"about":[{"href":"https:\/\/md-online.pl\/pl\/wp-json\/wp\/v2\/types\/page"}],"author":[{"embeddable":true,"href":"https:\/\/md-online.pl\/pl\/wp-json\/wp\/v2\/users\/1"}],"replies":[{"embeddable":true,"href":"https:\/\/md-online.pl\/pl\/wp-json\/wp\/v2\/comments?post=13908"}],"version-history":[{"count":0,"href":"https:\/\/md-online.pl\/pl\/wp-json\/wp\/v2\/pages\/13908\/revisions"}],"wp:attachment":[{"href":"https:\/\/md-online.pl\/pl\/wp-json\/wp\/v2\/media?parent=13908"}],"curies":[{"name":"wp","href":"https:\/\/api.w.org\/{rel}","templated":true}]}}