{"id":13862,"date":"2019-04-08T22:01:59","date_gmt":"2019-04-08T20:01:59","guid":{"rendered":"http:\/\/md-online.pl\/?page_id=13862"},"modified":"2023-01-17T16:42:38","modified_gmt":"2023-01-17T15:42:38","slug":"tlumaczenia-i-korekty-dla-biznesu","status":"publish","type":"page","link":"https:\/\/md-online.pl\/pl\/tlumaczenia-i-korekty-dla-biznesu\/","title":{"rendered":"T\u0142umaczenia i korekty dla biznesu"},"content":{"rendered":"[vc_row full_width=&#8221;stretch_row&#8221; css=&#8221;.vc_custom_1552254503576{margin-top: -40px !important;background-image: url(http:\/\/md-online.pl\/wp-content\/uploads\/sites\/2\/2019\/02\/page-1_slide01.jpg?id=5533) !important;}&#8221;][vc_column css=&#8221;.vc_custom_1555000510125{margin-top: -40px !important;}&#8221;][vc_column_text]\n<div id=\"more-features\"><\/div>\n<div style=\"text-align: center;\">\n<h4><span style=\"font-size: 26px; color: #ffffff;\">T\u0142umaczenia i korekty <span style=\"color: #e20602;\">dla biznesu<\/span><\/span><\/h4>\n<h5><span style=\"font-size: 16px; color: #ffffff; line-height: 1.7;\">MD Online wspiera wzrost i rozw\u00f3j wielu przedsi\u0119biorstw dzi\u0119ki dostarczaniu najwy\u017cszej jako\u015bci dokumentacji technicznej w obcym j\u0119zyku. Mamy du\u017ce do\u015bwiadczenie w t\u0142umaczeniach i korekcie tekst\u00f3w we wszystkich j\u0119zykach europejskich i wielu pozaeuropejskich. <\/span><\/h5>\n<\/div>\n[\/vc_column_text][vc_separator color=&#8221;white&#8221; border_width=&#8221;3&#8243; el_width=&#8221;80&#8243;][vc_row_inner gap=&#8221;20&#8243;][vc_column_inner width=&#8221;1\/3&#8243;][vc_column_text]\n<div style=\"text-align: center;\">\n<div style=\"text-align: center;\"><i class=\"fa fa-users circle-wrap\" style=\"color: #ffffff; font-size: 2em;\"><!-- icon --><\/i><\/div>\n<\/div>\n<div style=\"text-align: center;\">\n<h4><span style=\"color: #ffffff;\"><a style=\"color: #ffffff;\" title=\"Native speakerzy\">Native speakerzy<\/a><\/span><\/h4>\n<p style=\"text-align: center; color: #ffffff;\">Wi\u0119kszo\u015b\u0107 naszych t\u0142umaczy to rodzimi u\u017cytkownicy j\u0119zyk\u00f3w docelowych, dostarczany przez nas tekst jest wi\u0119c poprawny pod wzgl\u0119dem j\u0119zykowym, kulturowym i merytorycznym. W rzadkich przypadkach nie jeste\u015bmy w stanie zaprosi\u0107 do wsp\u00f3\u0142pracy native speakera j\u0119zyka docelowego &#8211; w takiej sytuacji zawsze wybieramy osob\u0119 o zbli\u017conych umiej\u0119tno\u015bciach j\u0119zykowych. Je\u015bli t\u0142umaczenia nie wykona native speaker j\u0119zyka docelowego, informujemy klienta o zaleceniu dodatkowej korekty, zw\u0142aszcza gdy lokalizacja tekstu jest szczeg\u00f3lnie wa\u017cna lub tekst jest przeznaczony do publikacji.<\/p>\n<\/div>\n[\/vc_column_text][\/vc_column_inner][vc_column_inner width=&#8221;1\/3&#8243;][vc_column_text]\n<div style=\"text-align: center;\"><i class=\"fa fa-hourglass-end circle-wrap\" style=\"color: #ffffff; font-size: 2em;\"><!-- icon --><\/i><\/div>\n<div style=\"text-align: center;\">\n<h4><span style=\"color: #ffffff;\"><a style=\"color: #ffffff;\" title=\"Szybka realizacja i konkurencyjne ceny\">Szybka realizacja i konkurencyjne ceny<\/a><\/span><\/h4>\n<p style=\"text-align: center;\"><span style=\"color: #ffffff;\">Otrzymasz od nas wycen\u0119 w ci\u0105gu godziny (zazwyczaj w ci\u0105gu 30 minut) &#8211; b\u0119dzie zawiera\u0142a szczeg\u00f3\u0142y dotycz\u0105ce ceny i szacowany termin odbioru. <\/span><\/p>\n<\/div>\n<p>&nbsp;[\/vc_column_text][\/vc_column_inner][vc_column_inner width=&#8221;1\/3&#8243;][vc_column_text]\n<div style=\"text-align: center;\"><i class=\"fa fa-file-text circle-wrap\" style=\"color: #ffffff; font-size: 2em;\"><!-- icon --><\/i><\/div>\n<div style=\"text-align: center;\">\n<h4><span style=\"color: #ffffff;\"><a style=\"color: #ffffff;\" title=\"R\u00f3\u017cne formaty plik\u00f3w\" href=\"http:\/\/codecanyon.net\/item\/slider-revolution-responsive-wordpress-plugin\/2751380\" target=\"_blank\" rel=\"noopener noreferrer\">R\u00f3\u017cne formaty plik\u00f3w <\/a><\/span><\/h4>\n<p style=\"text-align: center;\"><span style=\"color: #ffffff;\">Jeste\u015bmy w stanie przetworzy\u0107 r\u00f3\u017cne formaty plik\u00f3w, wi\u0119c praca nad skomplikowanymi rycinami lub wykresami to dla nas \u017caden problem. Kierownik projektu z ch\u0119ci\u0105 obja\u015bni proces t\u0142umaczenia i korekty tekst\u00f3w technicznych i upewni si\u0119, \u017ce otrzymasz dok\u0142adnie to, czego potrzebujesz.<\/span><\/p>\n<\/div>\n[\/vc_column_text][\/vc_column_inner][\/vc_row_inner][\/vc_column][\/vc_row][vc_row full_width=&#8221;stretch_row&#8221; gap=&#8221;20&#8243; css=&#8221;.vc_custom_1552254145746{border-bottom-width: 40px !important;padding-top: 50px !important;}&#8221;][vc_column][vc_row_inner][vc_column_inner width=&#8221;1\/2&#8243;][vc_column_text]\n<h4 style=\"font-size: 16px; text-align: center;\"><span style=\"color: #000000;\">Jeste\u015bmy w stanie przetwarza\u0107 r\u00f3\u017cne formaty plik\u00f3w, wi\u0119c praca nad skomplikowanymi rycinami lub wykresami to dla nas \u017caden problem. Kierownik projektu z ch\u0119ci\u0105 obja\u015bni proces t\u0142umaczenia i korekty tekst\u00f3w technicznych i upewni si\u0119, \u017ce otrzymasz dok\u0142adnie to, czego potrzebujesz.<\/span><\/h4>\n[\/vc_column_text][\/vc_column_inner][vc_column_inner width=&#8221;1\/2&#8243;][vc_column_text]\n<h4 style=\"font-size: 16px; text-align: center;\"><span style=\"color: #000000;\">MD Online zapewnia t\u0142umaczenia dla wielu presti\u017cowych organizacji i klient\u00f3w z Polski, Wielkiej Brytanii, USA czy Belgii. T\u0142umaczenia w narz\u0119dziach CAT pomagaj\u0105 nam w zbudowaniu <\/span><span style=\"color: #e20602;\"><a style=\"color: #e20602;\" href=\"http:\/\/md-online.pl\/pl\/pamiec-tlumaczeniowa\/\">pami\u0119ci t\u0142umaczeniowej<\/a><\/span><span style=\"color: #000000;\"> na wy\u0142\u0105czne potrzeby danego klienta, a wraz z unikalnymi glosariuszami u\u0142atwiaj\u0105 opracowanie ujednoliconego i wysoce profesjonalnego dokumentu.<\/span><\/h4>\n[\/vc_column_text][\/vc_column_inner][\/vc_row_inner][vc_row_inner][vc_column_inner width=&#8221;1\/2&#8243;][vc_column_text]\n<h4 style=\"font-size: 16px; text-align: center;\"><span style=\"color: #000000;\">Mo\u017cemy pochwali\u0107 si\u0119 du\u017cym do\u015bwiadczeniem w zakresie t\u0142umaczenia ulotek produktowych i informacyjnych, sprawozda\u0144 rocznych, sprawozda\u0144 rynkowych i innych dokument\u00f3w biznesowych.<\/span><\/h4>\n[\/vc_column_text][\/vc_column_inner][vc_column_inner width=&#8221;1\/2&#8243;][vc_column_text]\n<h4 style=\"font-size: 16px; text-align: center;\"><span style=\"color: #000000;\">Oferujemy konkurencyjne stawki i jeste\u015bmy w stanie zapewni\u0107 odes\u0142anie drobnych lub pilnych t\u0142umacze\u0144 nawet tego samego dnia.<\/span><\/h4>\n[\/vc_column_text][\/vc_column_inner][\/vc_row_inner][vc_empty_space][vc_column_text]<div class=\"align-btn-center\"><a class=\"flat-custom-button\" href=\"http:\/\/md-online.pl\/pl\/kontakt\/\" title=\"zapytaj o ofert\u0119!\"><span style=\"padding:15px 25px; background-color:#e20602; border:1px solid #e20602; color:#FFFFFF; font-size:13px;\">zapytaj o ofert\u0119!<\/span><\/a><\/div>[\/vc_column_text][\/vc_column][\/vc_row][vc_row full_width=&#8221;stretch_row&#8221; css=&#8221;.vc_custom_1552410163396{background-color: #f7f7f7 !important;}&#8221;][vc_column][vc_row_inner][vc_column_inner width=&#8221;1\/2&#8243;][vc_column_text]\n<h4 style=\"margin-bottom: 25px;\"><span style=\"font-size: 26px; color: #ffffff; line-height: 1.1; font-weight: bold;\"><span style=\"color: #000000;\">T\u0142umaczenie i korekta tekst\u00f3w technicznych <\/span> <\/span><\/h4>\n<p style=\"font-size: 14px;\"><span style=\"color: #000000;\">Firma MD Online powsta\u0142a w odpowiedzi na wyra\u017ane zapotrzebowanie rynku na korekty specjalistyczne oraz t\u0142umaczenia wykonywane przez native speaker\u00f3w. Zdajemy sobie spraw\u0119, \u017ce teksty techniczne musz\u0105 by\u0107 t\u0142umaczone z ogromn\u0105 uwag\u0105 &#8211; jakikolwiek b\u0142\u0105d w tre\u015bci mo\u017ce doprowadzi\u0107 do awarii sprz\u0119tu lub wypadku. Gwarantujemy, \u017ce nasi t\u0142umacze s\u0105 sumienni, dok\u0142adni i maj\u0105 odpowiednie do\u015bwiadczenie, dzi\u0119ki kt\u00f3remu precyzyjnie prze\u0142o\u017c\u0105 tre\u015b\u0107 tekstu na inny j\u0119zyk. Co wi\u0119cej, nasz zesp\u00f3\u0142 we wsp\u00f3\u0142pracy z do\u015bwiadczonymi t\u0142umaczami przeprowadzi ocen\u0119 jako\u015bci, aby upewni\u0107 si\u0119, \u017ce t\u0142umaczenie b\u0119dzie dostarczone na czas i sprosta oczekiwaniom. <\/span><\/p>\n[\/vc_column_text][\/vc_column_inner][vc_column_inner width=&#8221;1\/2&#8243;][vc_single_image image=&#8221;5854&#8243; img_size=&#8221;full&#8221; alignment=&#8221;center&#8221;][\/vc_column_inner][\/vc_row_inner][\/vc_column][\/vc_row][vc_row full_width=&#8221;stretch_row&#8221;][vc_column][vc_row_inner][vc_column_inner width=&#8221;1\/2&#8243;][vc_empty_space height=&#8221;65px&#8221;][vc_single_image image=&#8221;5833&#8243; img_size=&#8221;500&#215;306&#8243;][\/vc_column_inner][vc_column_inner width=&#8221;1\/2&#8243;][vc_column_text]\n<h4 style=\"margin-bottom: 25px;\"><span style=\"font-size: 26px; color: #171d2d; line-height: 1.1; font-weight: bold;\">Wykwalifikowani native speakerzy<\/span><\/h4>\n<p style=\"font-size: 14px; text-align: justify;\">W MD Online wierzymy, \u017ce tylko native speaker j\u0119zyka docelowego mo\u017ce dostarczy\u0107 bezb\u0142\u0119dne t\u0142umaczenie, kt\u00f3re p\u0142ynnie i dok\u0142adnie odzwierciedla tre\u015b\u0107 tekstu \u017ar\u00f3d\u0142owego. Warto doda\u0107, \u017ce jest to jedyna osoba, kt\u00f3ra mo\u017ce w\u0142a\u015bciwie zlokalizowa\u0107 tekst dokumentu. Us\u0142ugi t\u0142umaczeniowe native speaker\u00f3w s\u0105 uwzgl\u0119dnione w europejskiej normie <strong>EN 15038<\/strong>.<\/p>\n<p style=\"font-size: 14px; text-align: justify;\">Nasz zesp\u00f3\u0142 t\u0142umaczy sk\u0142ada si\u0119 z wyszkolonych lingwist\u00f3w i specjalist\u00f3w, kt\u00f3rzy spe\u0142niaj\u0105 wymagane przez nas wysokie standardy jako\u015bci. Pragniemy zwr\u00f3ci\u0107 uwag\u0119, \u017ce niekt\u00f3re pary j\u0119zykowe, na przyk\u0142ad t\u0142umaczenie z polskiego na angielski, mog\u0105 nie by\u0107 ka\u017cdorazowo wykonywane przez native speakera j\u0119zyka docelowego, o czym poinformujemy klienta. Do projektu zaprosimy t\u0142umacza, kt\u00f3ry b\u0119dzie zna\u0142 j\u0119zyk docelowy w stopniu zbli\u017conym do rodzimego u\u017cytkownika j\u0119zyka. W przypadkach, gdy tekst jest przeznaczony do publikacji w mi\u0119dzynarodowym czasopi\u015bmie, zalecamy jeszcze jeden krok &#8211; <strong>korekt\u0119 specjalistyczn\u0105 native speakera<\/strong>.<\/p>\n[\/vc_column_text][\/vc_column_inner][\/vc_row_inner][\/vc_column][\/vc_row][vc_row full_width=&#8221;stretch_row&#8221;][vc_column]\t\t<style type=\"text\/css\">\r\n\t\t    #content-block-background-1632 { background-image: url(https:\/\/md-online.pl\/wp-content\/uploads\/sites\/2\/2019\/03\/backgroun-native-speaker.jpg); background-position: center bottom; background-repeat: no-repeat; background-color: #1a2632; background-attachment: fixed; background-size: auto; }\r\n\t\t    #content-block-body-1632 { padding: 80px 0; color: #ffffff; }\r\n\t\t    .content-block-body { margin-left: auto; margin-right: auto; position: relative; }\r\n\t\t<\/style>\r\n\t\t\t\t\t<style type=\"text\/css\">\r\n\t\t\t\t#wrapper-1 { overflow-x: hidden; }\r\n\t\t\t\t#content-block-background-1632 { margin: 0 -10000px; padding: 0 10000px; }\r\n\t\t\t<\/style>\r\n\t\t\r\n\t\t\r\n\t\t<div class=\"clear\"><\/div>\r\n\t\t<div id=\"content-block-background-1632\" class=\"content-block-background \">\r\n\t\t\t<div id=\"content-block-body-1632\" class=\"content-block-body\">\r\n\t\t\t\t<div class=\"clear\"><\/div>\r\n\t\t\t\t\n<div style=\"text-align: center;\">\n<p><strong><span style=\"font-size: 26px; color: #ffffff;\">Kontrola jako\u015bci <\/span>\u00a0\u00a0<i class=\"fa fa-star\" style=\"color: #e20602; font-size: 1.7em;\">\u00a0<!-- icon --><\/i><i class=\"fa fa-star\" style=\"color: #e20602; font-size: 1.7em;\">\u00a0<!-- icon --><\/i><i class=\"fa fa-star\" style=\"color: #e20602; font-size: 1.7em;\">\u00a0<!-- icon --><\/i><i class=\"fa fa-star\" style=\"color: #e20602; font-size: 1.7em;\">\u00a0<!-- icon --><\/i><i class=\"fa fa-star\" style=\"color: #e20602; font-size: 1.7em;\"><!-- icon --><\/i><\/strong><\/p>\n<p><strong><i class=\"fa fa-check-square-o\" style=\"color: #e20602;\">\u00a0<\/i> <span style=\"font-size: 14px;\"> Jako\u015b\u0107 stanowi podstaw\u0119 procesu t\u0142umaczeniowego realizowanego przez MD Online. <\/span><\/strong><\/p>\n<p><i class=\"fa fa-check-square-o\" style=\"color: #e20602;\">\u00a0<\/i> <strong><span style=\"font-size: 14px;\">Wprowadzili\u015bmy procedury kontroli jako\u015bci, kt\u00f3rymi kieruje si\u0119 nasz zesp\u00f3\u0142 oraz wykwalifikowani t\u0142umacze, z kt\u00f3rymi wsp\u00f3\u0142pracujemy. <\/span><\/strong><\/p>\n<p><strong><i class=\"fa fa-check-square-o\" style=\"color: #e20602;\">\u00a0<\/i> <span style=\"font-size: 14px;\">Stale monitorujemy prac\u0119 native speaker\u00f3w, dzi\u0119ki czemu mo\u017cemy zagwarantowa\u0107 t\u0142umaczenia najwy\u017cszej jako\u015bci. <\/span><\/strong><\/p>\n<p><strong><i class=\"fa fa-check-square-o\" style=\"color: #e20602;\">\u00a0<\/i> <span style=\"font-size: 14px;\">U\u017cywamy narz\u0119dzi CAT, aby mie\u0107 pewno\u015b\u0107 zachowania jednolitej terminologii w tek\u015bcie, a w rezultacie dostarczy\u0107 profesjonalnie przet\u0142umaczony dokument. <\/span><\/strong><\/p>\n<p><strong><i class=\"fa fa-check-square-o\" style=\"color: #e20602;\">\u00a0<\/i> <span style=\"font-size: 14px;\">Wsz\u0119dzie tam, gdzie to koniecznie, zapewniamy korekt\u0119 tekstu zorientowan\u0105 na doskona\u0142\u0105 lokalizacj\u0119 tre\u015bci. <\/span><\/strong><\/div>\n\t\t\t\t<div class=\"clear\"><\/div>\r\n\t\t\t<\/div>\r\n\t\t<\/div>\r\n\t\t<div class=\"clear\"><\/div>\r\n\t[\/vc_column][\/vc_row][vc_row full_width=&#8221;stretch_row&#8221; css=&#8221;.vc_custom_1519515252226{margin-bottom: -40px !important;}&#8221;][vc_column]\t\t<style type=\"text\/css\">\r\n\t\t    #content-block-background-1041 { background-image: url(); background-position: center top; background-repeat: no-repeat; background-color: #e20602; background-attachment: fixed; background-size: auto; }\r\n\t\t    #content-block-body-1041 { padding: 40px 0; color: #ffffff; }\r\n\t\t    .content-block-body { margin-left: auto; margin-right: auto; position: relative; }\r\n\t\t<\/style>\r\n\t\t\t\t\t<style type=\"text\/css\">\r\n\t\t\t\t#wrapper-1 { overflow-x: hidden; }\r\n\t\t\t\t#content-block-background-1041 { margin: 0 -10000px; padding: 0 10000px; }\r\n\t\t\t<\/style>\r\n\t\t\r\n\t\t\r\n\t\t<div class=\"clear\"><\/div>\r\n\t\t<div id=\"content-block-background-1041\" class=\"content-block-background \">\r\n\t\t\t<div id=\"content-block-body-1041\" class=\"content-block-body\">\r\n\t\t\t\t<div class=\"clear\"><\/div>\r\n\t\t\t\t\n<h3 style=\"float: left; display: inline-block; margin: 10px 0; font-size: 20px !important; color: #fff;\">Zapytaj o ofert\u0119 dostosowan\u0105 do potrzeb Twojej firmy<\/h3>\n<a class=\"flat-custom-button align-btn-right\" href=\"http:\/\/md-online.pl\/pl\/kontakt\/\" title=\"kontakt\" target=\"_blank\"><span style=\"padding:15px 20px; background-color:transparent; border:2px solid #FFFFFF; color:#FFFFFF; font-size:14px;\">kontakt<\/span><\/a>\t\t\t\t<div class=\"clear\"><\/div>\r\n\t\t\t<\/div>\r\n\t\t<\/div>\r\n\t\t<div class=\"clear\"><\/div>\r\n\t[\/vc_column][\/vc_row]\n","protected":false},"excerpt":{"rendered":"<p>[vc_row full_width=&#8221;stretch_row&#8221; css=&#8221;.vc_custom_1552254503576{margin-top: -40px !important;background-image: url(http:\/\/md-online.pl\/wp-content\/uploads\/sites\/2\/2019\/02\/page-1_slide01.jpg?id=5533) !important;}&#8221;][vc_column css=&#8221;.vc_custom_1555000510125{margin-top: -40px !important;}&#8221;][vc_column_text] T\u0142umaczenia i korekty dla biznesu MD Online wspiera wzrost i rozw\u00f3j wielu przedsi\u0119biorstw dzi\u0119ki dostarczaniu najwy\u017cszej jako\u015bci dokumentacji technicznej w obcym j\u0119zyku. Mamy du\u017ce do\u015bwiadczenie w t\u0142umaczeniach i korekcie tekst\u00f3w we wszystkich j\u0119zykach europejskich i wielu pozaeuropejskich. [\/vc_column_text][vc_separator color=&#8221;white&#8221; border_width=&#8221;3&#8243; el_width=&#8221;80&#8243;][vc_row_inner gap=&#8221;20&#8243;][vc_column_inner width=&#8221;1\/3&#8243;][vc_column_text] Native speakerzy Wi\u0119kszo\u015b\u0107 naszych t\u0142umaczy to rodzimi u\u017cytkownicy j\u0119zyk\u00f3w docelowych, dostarczany przez nas tekst jest wi\u0119c poprawny pod wzgl\u0119dem j\u0119zykowym, kulturowym i merytorycznym. W rzadkich przypadkach nie jeste\u015bmy w stanie zaprosi\u0107 do wsp\u00f3\u0142pracy native speakera j\u0119zyka docelowego &#8211; w takiej sytuacji zawsze wybieramy osob\u0119 o zbli\u017conych umiej\u0119tno\u015bciach j\u0119zykowych. Je\u015bli t\u0142umaczenia nie wykona native speaker j\u0119zyka docelowego, informujemy klienta o zaleceniu dodatkowej korekty, zw\u0142aszcza gdy lokalizacja tekstu jest szczeg\u00f3lnie wa\u017cna lub tekst jest przeznaczony do publikacji. [\/vc_column_text][\/vc_column_inner][vc_column_inner width=&#8221;1\/3&#8243;][vc_column_text] Szybka realizacja i konkurencyjne ceny Otrzymasz od nas wycen\u0119 w ci\u0105gu godziny (zazwyczaj w ci\u0105gu 30 minut) &#8211; b\u0119dzie zawiera\u0142a<\/p>\n","protected":false},"author":1,"featured_media":0,"parent":0,"menu_order":0,"comment_status":"closed","ping_status":"closed","template":"page-FullWidth.php","meta":{"_monsterinsights_skip_tracking":false,"_monsterinsights_sitenote_active":false,"_monsterinsights_sitenote_note":"","_monsterinsights_sitenote_category":0,"footnotes":""},"class_list":["post-13862","page","type-page","status-publish","hentry"],"yoast_head":"<!-- This site is optimized with the Yoast SEO plugin v21.0 - https:\/\/yoast.com\/wordpress\/plugins\/seo\/ -->\n<title>T\u0142umaczenia i korekty dla biznesu - MD Online<\/title>\n<meta name=\"robots\" content=\"index, follow, max-snippet:-1, max-image-preview:large, max-video-preview:-1\" \/>\n<link rel=\"canonical\" href=\"https:\/\/md-online.pl\/pl\/tlumaczenia-i-korekty-dla-biznesu\/\" \/>\n<meta property=\"og:locale\" content=\"pl_PL\" \/>\n<meta property=\"og:type\" content=\"article\" \/>\n<meta property=\"og:title\" content=\"T\u0142umaczenia i korekty dla biznesu - MD Online\" \/>\n<meta property=\"og:description\" content=\"[vc_row full_width=&#8221;stretch_row&#8221; css=&#8221;.vc_custom_1552254503576{margin-top: -40px !important;background-image: url(http:\/\/md-online.pl\/wp-content\/uploads\/sites\/2\/2019\/02\/page-1_slide01.jpg?id=5533) !important;}&#8221;][vc_column css=&#8221;.vc_custom_1555000510125{margin-top: -40px !important;}&#8221;][vc_column_text] T\u0142umaczenia i korekty dla biznesu MD Online wspiera wzrost i rozw\u00f3j wielu przedsi\u0119biorstw dzi\u0119ki dostarczaniu najwy\u017cszej jako\u015bci dokumentacji technicznej w obcym j\u0119zyku. Mamy du\u017ce do\u015bwiadczenie w t\u0142umaczeniach i korekcie tekst\u00f3w we wszystkich j\u0119zykach europejskich i wielu pozaeuropejskich. [\/vc_column_text][vc_separator color=&#8221;white&#8221; border_width=&#8221;3&#8243; el_width=&#8221;80&#8243;][vc_row_inner gap=&#8221;20&#8243;][vc_column_inner width=&#8221;1\/3&#8243;][vc_column_text] Native speakerzy Wi\u0119kszo\u015b\u0107 naszych t\u0142umaczy to rodzimi u\u017cytkownicy j\u0119zyk\u00f3w docelowych, dostarczany przez nas tekst jest wi\u0119c poprawny pod wzgl\u0119dem j\u0119zykowym, kulturowym i merytorycznym. W rzadkich przypadkach nie jeste\u015bmy w stanie zaprosi\u0107 do wsp\u00f3\u0142pracy native speakera j\u0119zyka docelowego &#8211; w takiej sytuacji zawsze wybieramy osob\u0119 o zbli\u017conych umiej\u0119tno\u015bciach j\u0119zykowych. Je\u015bli t\u0142umaczenia nie wykona native speaker j\u0119zyka docelowego, informujemy klienta o zaleceniu dodatkowej korekty, zw\u0142aszcza gdy lokalizacja tekstu jest szczeg\u00f3lnie wa\u017cna lub tekst jest przeznaczony do publikacji. [\/vc_column_text][\/vc_column_inner][vc_column_inner width=&#8221;1\/3&#8243;][vc_column_text] Szybka realizacja i konkurencyjne ceny Otrzymasz od nas wycen\u0119 w ci\u0105gu godziny (zazwyczaj w ci\u0105gu 30 minut) &#8211; b\u0119dzie zawiera\u0142a\" \/>\n<meta property=\"og:url\" content=\"https:\/\/md-online.pl\/pl\/tlumaczenia-i-korekty-dla-biznesu\/\" \/>\n<meta property=\"og:site_name\" content=\"MD Online\" \/>\n<meta property=\"article:modified_time\" content=\"2023-01-17T15:42:38+00:00\" \/>\n<meta name=\"twitter:card\" content=\"summary_large_image\" \/>\n<meta name=\"twitter:label1\" content=\"Szacowany czas czytania\" \/>\n\t<meta name=\"twitter:data1\" content=\"6 minut\" \/>\n<script type=\"application\/ld+json\" class=\"yoast-schema-graph\">{\"@context\":\"https:\/\/schema.org\",\"@graph\":[{\"@type\":\"WebPage\",\"@id\":\"https:\/\/md-online.pl\/pl\/tlumaczenia-i-korekty-dla-biznesu\/\",\"url\":\"https:\/\/md-online.pl\/pl\/tlumaczenia-i-korekty-dla-biznesu\/\",\"name\":\"T\u0142umaczenia i korekty dla biznesu - MD Online\",\"isPartOf\":{\"@id\":\"https:\/\/md-online.pl\/en\/#website\"},\"datePublished\":\"2019-04-08T20:01:59+00:00\",\"dateModified\":\"2023-01-17T15:42:38+00:00\",\"breadcrumb\":{\"@id\":\"https:\/\/md-online.pl\/pl\/tlumaczenia-i-korekty-dla-biznesu\/#breadcrumb\"},\"inLanguage\":\"pl-PL\",\"potentialAction\":[{\"@type\":\"ReadAction\",\"target\":[\"https:\/\/md-online.pl\/pl\/tlumaczenia-i-korekty-dla-biznesu\/\"]}]},{\"@type\":\"BreadcrumbList\",\"@id\":\"https:\/\/md-online.pl\/pl\/tlumaczenia-i-korekty-dla-biznesu\/#breadcrumb\",\"itemListElement\":[{\"@type\":\"ListItem\",\"position\":1,\"name\":\"Strona g\u0142\u00f3wna\",\"item\":\"https:\/\/md-online.pl\/pl\/\"},{\"@type\":\"ListItem\",\"position\":2,\"name\":\"T\u0142umaczenia i korekty dla biznesu\"}]},{\"@type\":\"WebSite\",\"@id\":\"https:\/\/md-online.pl\/en\/#website\",\"url\":\"https:\/\/md-online.pl\/en\/\",\"name\":\"MD Online\",\"description\":\"Expert Communication Support\",\"potentialAction\":[{\"@type\":\"SearchAction\",\"target\":{\"@type\":\"EntryPoint\",\"urlTemplate\":\"https:\/\/md-online.pl\/en\/?s={search_term_string}\"},\"query-input\":\"required name=search_term_string\"}],\"inLanguage\":\"pl-PL\"}]}<\/script>\n<!-- \/ Yoast SEO plugin. -->","yoast_head_json":{"title":"T\u0142umaczenia i korekty dla biznesu - MD Online","robots":{"index":"index","follow":"follow","max-snippet":"max-snippet:-1","max-image-preview":"max-image-preview:large","max-video-preview":"max-video-preview:-1"},"canonical":"https:\/\/md-online.pl\/pl\/tlumaczenia-i-korekty-dla-biznesu\/","og_locale":"pl_PL","og_type":"article","og_title":"T\u0142umaczenia i korekty dla biznesu - MD Online","og_description":"[vc_row full_width=&#8221;stretch_row&#8221; css=&#8221;.vc_custom_1552254503576{margin-top: -40px !important;background-image: url(http:\/\/md-online.pl\/wp-content\/uploads\/sites\/2\/2019\/02\/page-1_slide01.jpg?id=5533) !important;}&#8221;][vc_column css=&#8221;.vc_custom_1555000510125{margin-top: -40px !important;}&#8221;][vc_column_text] T\u0142umaczenia i korekty dla biznesu MD Online wspiera wzrost i rozw\u00f3j wielu przedsi\u0119biorstw dzi\u0119ki dostarczaniu najwy\u017cszej jako\u015bci dokumentacji technicznej w obcym j\u0119zyku. Mamy du\u017ce do\u015bwiadczenie w t\u0142umaczeniach i korekcie tekst\u00f3w we wszystkich j\u0119zykach europejskich i wielu pozaeuropejskich. [\/vc_column_text][vc_separator color=&#8221;white&#8221; border_width=&#8221;3&#8243; el_width=&#8221;80&#8243;][vc_row_inner gap=&#8221;20&#8243;][vc_column_inner width=&#8221;1\/3&#8243;][vc_column_text] Native speakerzy Wi\u0119kszo\u015b\u0107 naszych t\u0142umaczy to rodzimi u\u017cytkownicy j\u0119zyk\u00f3w docelowych, dostarczany przez nas tekst jest wi\u0119c poprawny pod wzgl\u0119dem j\u0119zykowym, kulturowym i merytorycznym. W rzadkich przypadkach nie jeste\u015bmy w stanie zaprosi\u0107 do wsp\u00f3\u0142pracy native speakera j\u0119zyka docelowego &#8211; w takiej sytuacji zawsze wybieramy osob\u0119 o zbli\u017conych umiej\u0119tno\u015bciach j\u0119zykowych. Je\u015bli t\u0142umaczenia nie wykona native speaker j\u0119zyka docelowego, informujemy klienta o zaleceniu dodatkowej korekty, zw\u0142aszcza gdy lokalizacja tekstu jest szczeg\u00f3lnie wa\u017cna lub tekst jest przeznaczony do publikacji. [\/vc_column_text][\/vc_column_inner][vc_column_inner width=&#8221;1\/3&#8243;][vc_column_text] Szybka realizacja i konkurencyjne ceny Otrzymasz od nas wycen\u0119 w ci\u0105gu godziny (zazwyczaj w ci\u0105gu 30 minut) &#8211; b\u0119dzie zawiera\u0142a","og_url":"https:\/\/md-online.pl\/pl\/tlumaczenia-i-korekty-dla-biznesu\/","og_site_name":"MD Online","article_modified_time":"2023-01-17T15:42:38+00:00","twitter_card":"summary_large_image","twitter_misc":{"Szacowany czas czytania":"6 minut"},"schema":{"@context":"https:\/\/schema.org","@graph":[{"@type":"WebPage","@id":"https:\/\/md-online.pl\/pl\/tlumaczenia-i-korekty-dla-biznesu\/","url":"https:\/\/md-online.pl\/pl\/tlumaczenia-i-korekty-dla-biznesu\/","name":"T\u0142umaczenia i korekty dla biznesu - MD Online","isPartOf":{"@id":"https:\/\/md-online.pl\/en\/#website"},"datePublished":"2019-04-08T20:01:59+00:00","dateModified":"2023-01-17T15:42:38+00:00","breadcrumb":{"@id":"https:\/\/md-online.pl\/pl\/tlumaczenia-i-korekty-dla-biznesu\/#breadcrumb"},"inLanguage":"pl-PL","potentialAction":[{"@type":"ReadAction","target":["https:\/\/md-online.pl\/pl\/tlumaczenia-i-korekty-dla-biznesu\/"]}]},{"@type":"BreadcrumbList","@id":"https:\/\/md-online.pl\/pl\/tlumaczenia-i-korekty-dla-biznesu\/#breadcrumb","itemListElement":[{"@type":"ListItem","position":1,"name":"Strona g\u0142\u00f3wna","item":"https:\/\/md-online.pl\/pl\/"},{"@type":"ListItem","position":2,"name":"T\u0142umaczenia i korekty dla biznesu"}]},{"@type":"WebSite","@id":"https:\/\/md-online.pl\/en\/#website","url":"https:\/\/md-online.pl\/en\/","name":"MD Online","description":"Expert Communication Support","potentialAction":[{"@type":"SearchAction","target":{"@type":"EntryPoint","urlTemplate":"https:\/\/md-online.pl\/en\/?s={search_term_string}"},"query-input":"required name=search_term_string"}],"inLanguage":"pl-PL"}]}},"_links":{"self":[{"href":"https:\/\/md-online.pl\/pl\/wp-json\/wp\/v2\/pages\/13862","targetHints":{"allow":["GET"]}}],"collection":[{"href":"https:\/\/md-online.pl\/pl\/wp-json\/wp\/v2\/pages"}],"about":[{"href":"https:\/\/md-online.pl\/pl\/wp-json\/wp\/v2\/types\/page"}],"author":[{"embeddable":true,"href":"https:\/\/md-online.pl\/pl\/wp-json\/wp\/v2\/users\/1"}],"replies":[{"embeddable":true,"href":"https:\/\/md-online.pl\/pl\/wp-json\/wp\/v2\/comments?post=13862"}],"version-history":[{"count":0,"href":"https:\/\/md-online.pl\/pl\/wp-json\/wp\/v2\/pages\/13862\/revisions"}],"wp:attachment":[{"href":"https:\/\/md-online.pl\/pl\/wp-json\/wp\/v2\/media?parent=13862"}],"curies":[{"name":"wp","href":"https:\/\/api.w.org\/{rel}","templated":true}]}}