{"id":13839,"date":"2019-04-08T21:33:46","date_gmt":"2019-04-08T19:33:46","guid":{"rendered":"http:\/\/md-online.pl\/?page_id=13839"},"modified":"2023-11-06T12:07:20","modified_gmt":"2023-11-06T11:07:20","slug":"o-nas-nasz-zespol","status":"publish","type":"page","link":"https:\/\/md-online.pl\/pl\/o-nas-nasz-zespol\/","title":{"rendered":"O nas &#8211; nasz zesp\u00f3\u0142"},"content":{"rendered":"[vc_row css=&#8221;.vc_custom_1554757245209{margin-top: -30px !important;}&#8221;][vc_column]\t\t<style type=\"text\/css\">\r\n\t\t    #content-block-background-1167 { background-image: url(https:\/\/md-online.pl\/wp-content\/uploads\/sites\/2\/2019\/02\/page-1_slide01.jpg); background-position: center center; background-repeat: no-repeat; background-color: #050505; background-attachment: fixed; background-size: cover; }\r\n\t\t    #content-block-body-1167 { padding: 50px 0 50px; color: #ffffff; }\r\n\t\t    .content-block-body { margin-left: auto; margin-right: auto; position: relative; }\r\n\t\t<\/style>\r\n\t\t\t\t\t<style type=\"text\/css\">\r\n\t\t\t\t#wrapper-1 { overflow-x: hidden; }\r\n\t\t\t\t#content-block-background-1167 { margin: 0 -10000px; padding: 0 10000px; }\r\n\t\t\t<\/style>\r\n\t\t\r\n\t\t\r\n\t\t<div class=\"clear\"><\/div>\r\n\t\t<div id=\"content-block-background-1167\" class=\"content-block-background \">\r\n\t\t\t<div id=\"content-block-body-1167\" class=\"content-block-body\">\r\n\t\t\t\t<div class=\"clear\"><\/div>\r\n\t\t\t\t\n<div id=\"responsive\" style=\"text-align: center\">\n<h1 style=\"text-align: center;color: #ffffff;margin-top: -25px;margin-bottom: -25px\">Nasz zesp\u00f3\u0142 wie, \u017ce jako\u015b\u0107 dostarczanych tekst\u00f3w ma bezpo\u015bredni wp\u0142yw na reputacj\u0119 Twojej firmy.<\/h1>\n<h5 style=\"margin-top: 40px;margin-bottom: 10px;font-size: 16px;color: #ffffff;line-height: 1.7;text-align: center\">Wszyscy kierownicy projekt\u00f3w w <span style=\"color: #e20602\">MD Online <\/span> maj\u0105 do\u015bwiadczenie w zarz\u0105dzaniu skomplikowanymi projektami oraz s\u0105 wykwalifikowanymi lingwistami, biegle pos\u0142uguj\u0105cymi si\u0119 przynajmniej dwoma j\u0119zykami.<\/h5>\n<\/div>\n\t\t\t\t<div class=\"clear\"><\/div>\r\n\t\t\t<\/div>\r\n\t\t<\/div>\r\n\t\t<div class=\"clear\"><\/div>\r\n\t[\/vc_column][\/vc_row][vc_row css=&#8221;.vc_custom_1552426835769{margin-top: 40px !important;}&#8221;][vc_column][vc_column_text]<div class=\"one_fourth\">\n<div class=\"custom-frame-wrapper alignleft\"><div class=\"custom-frame-inner-wrapper\"><div class=\"custom-frame-padding\"><img decoding=\"async\" title=\"photo\" src=\"https:\/\/md-online.pl\/wp-content\/uploads\/sites\/2\/2021\/12\/Dorota-Sakowska-Hunt-ceo.png\" alt=\"\" width=\"150\" height=\"150\" \/><\/div><\/div><\/div>\n<\/div>\n<div class=\"three_fourth last_column\">\n<h4 style=\"margin-top: 0px\">Dorota Sakowska-Hunt<\/h4>\n<h6>Dyrektor zarz\u0105dzaj\u0105ca<\/h6>\n<p><i class=\"fa fa-check-square-o\" style=\"color: #e20602\"><!-- icon --><\/i> Magister stosunk\u00f3w mi\u0119dzynarodowych, Uniwersytet \u0141\u00f3dzki<br \/>\n<i class=\"fa fa-check-square-o\" style=\"color: #e20602\"><!-- icon --><\/i> MBA (University of Monaco) uko\u0144czone z wyr\u00f3\u017cnieniem<br \/>\n<i class=\"fa fa-check-square-o\" style=\"color: #e20602\"><!-- icon --><\/i> Przewodnicz\u0105ca Komisji Rewizyjnej Zwi\u0105zku Pracodawc\u00f3w Bran\u017cy T\u0142umaczeniowej (<strong><span style=\"color: #ff0000\"><a style=\"color: #ff0000\" href=\"https:\/\/polot.org.pl\/\" target=\"_blank\" rel=\"noopener noreferrer\">POLOT<\/a><\/span><\/strong><span style=\"color: #ff0000\"><span style=\"color: #000000\">)<\/span><\/span><br \/>\n<i class=\"fa fa-check-square-o\" style=\"color: #e20602\"><!-- icon --><\/i> Pos\u0142uguje si\u0119 5 j\u0119zykami<br \/>\n<\/div>\n<div class=\"divider top-of-page\"><a href=\"#top\" title=\"Top of Page\">Back to Top<\/a><\/div>[\/vc_column_text][vc_column_text]<div class=\"one_fourth\">\n<div class=\"custom-frame-wrapper alignleft\"><div class=\"custom-frame-inner-wrapper\"><div class=\"custom-frame-padding\"><img decoding=\"async\" title=\"photo\" src=\"http:\/\/md-online.pl\/wp-content\/uploads\/sites\/2\/2019\/03\/2019-01-17-1.png\" alt=\"\" width=\"150\" height=\"150\" \/><\/div><\/div><\/div>\n<\/div>\n<div class=\"three_fourth last_column\">\n<h4 style=\"margin-top: 0px;\">Dr hab. Mark J Hunt, prof. IBD<\/h4>\n<h6>Kontrola jako\u015bci<\/h6>\n<p><i class=\"fa fa-check-square-o\" style=\"color: #e20602;\"><!-- icon --><\/i> Tytu\u0142 doktora zdobyty w Trinity College, University of Cambridge<br \/>\n<i class=\"fa fa-check-square-o\" style=\"color: #e20602;\"><!-- icon --><\/i> Profesor Instytutu w Instytucie Nenckiego PAN w Warszawie<br \/>\n<i class=\"fa fa-check-square-o\" style=\"color: #e20602;\"><!-- icon --><\/i> Autor ponad 25 publikacji naukowych i recenzent dla mi\u0119dzynarodowych czasopism<br \/>\n<\/div>\n<div class=\"divider top-of-page\"><a href=\"#top\" title=\"Top of Page\">Back to Top<\/a><\/div>[\/vc_column_text][vc_column_text]<div class=\"one_fourth\">\n<div class=\"custom-frame-wrapper alignleft\"><div class=\"custom-frame-inner-wrapper\"><div class=\"custom-frame-padding\"><img decoding=\"async\" title=\"photo\" src=\"http:\/\/md-online.pl\/wp-content\/uploads\/sites\/2\/2019\/03\/Ochma\u0144ska-Magdalena.jpg\" alt=\"\" width=\"150\" height=\"150\" \/><\/div><\/div><\/div>\n<\/div>\n<div class=\"three_fourth last_column\">\n<h4 style=\"margin-top: 0px\">Dr Magdalena Ochma\u0144ska<\/h4>\n<h6>Kierownik zespo\u0142u t\u0142umacze\u0144<\/h6>\n<p><i class=\"fa fa-check-square-o\" style=\"color: #e20602\"><!-- icon --><\/i>\u00a0Doktor nauk, interdyscyplinarna dysertacja w j. angielskim dotyczy\u0142a problem\u00f3w w t\u0142umaczeniu zwi\u0105zanych ze specyfik\u0105 medium<br \/>\n<i class=\"fa fa-check-square-o\" style=\"color: #e20602\"><!-- icon --><\/i> Magister filologii angielskiej, Uniwersytet Warmi\u0144sko-Mazurski<br \/>\n<i class=\"fa fa-check-square-o\" style=\"color: #e20602\"><!-- icon --><\/i> Autor ponad 10 publikacji o przek\u0142adzie i cz\u0142onek zespo\u0142u redakcyjnego dw\u00f3ch monografii<br \/>\n<i class=\"fa fa-check-square-o\" style=\"color: #e20602\"><!-- icon --><\/i> Organizuje szkolenia z obs\u0142ugi CAT dla t\u0142umaczy w MD Online<br \/>\n<\/div>\n<div class=\"divider top-of-page\"><a href=\"#top\" title=\"Top of Page\">Back to Top<\/a><\/div>[\/vc_column_text][vc_column_text]<div class=\"one_fourth\">\n<div class=\"custom-frame-wrapper alignleft\"><div class=\"custom-frame-inner-wrapper\"><div class=\"custom-frame-padding\"><img decoding=\"async\" title=\"photo\" src=\"https:\/\/md-online.pl\/wp-content\/uploads\/sites\/2\/2022\/10\/Patrycja-Krajewska.jpg\" alt=\"\" width=\"150\" height=\"150\" \/><\/div><\/div><\/div>\n<\/div>\n<div class=\"three_fourth last_column\">\n<h4 style=\"margin-top: 0px\">Patrycja Krajewska<\/h4>\n<h6>Specjalista ds. kontroli jako\u015bci<\/h6>\n<p><i class=\"fa fa-check-square-o\" style=\"color: #e20602\"><!-- icon --><\/i> Studia magisterskie z lingwistyki stosowanej (j\u0119zyk angielski i niemiecki), Uniwersytet Jana Kochanowskiego w Kielcach (w trakcie)<br \/>\n<i class=\"fa fa-check-square-o\" style=\"color: #e20602\"><!-- icon --><\/i> Licencjat z lingwistyki stosowanej (j\u0119zyk angielski i niemiecki), Uniwersytet Jana Kochanowskiego w Kielcach<br \/>\n<\/div>\n<div class=\"divider top-of-page\"><a href=\"#top\" title=\"Top of Page\">Back to Top<\/a><\/div>[\/vc_column_text][vc_column_text]<div class=\"one_fourth\">\n<div class=\"custom-frame-wrapper alignleft\"><div class=\"custom-frame-inner-wrapper\"><div class=\"custom-frame-padding\"><img decoding=\"async\" title=\"photo\" src=\"http:\/\/md-online.pl\/wp-content\/uploads\/sites\/2\/2019\/04\/Milena-Olborska.jpg\" alt=\"\" width=\"150\" height=\"150\" \/><\/div><\/div><\/div>\n<\/div>\n<div class=\"three_fourth last_column\">\n<h4 style=\"margin-top: 0px\">Milena Olborska<\/h4>\n<h6>Vendor Manager<\/h6>\n<p><i class=\"fa fa-check-square-o\" style=\"color: #e20602\"><!-- icon --><\/i> Magister filologii angielskiej, Uniwersytet Warszawski<br \/>\n<i class=\"fa fa-check-square-o\" style=\"color: #e20602\"><!-- icon --><\/i> Uko\u0144czy\u0142a studia podyplomowe dla t\u0142umaczy przysi\u0119g\u0142ych na SWPS<br \/>\n<i class=\"fa fa-check-square-o\" style=\"color: #e20602\"><!-- icon --><\/i> Prowadzi wewn\u0119trzne szkolenia z CAT, pami\u0119ci t\u0142umaczeniowych i postedycji<br \/>\n<i class=\"fa fa-check-square-o\" style=\"color: #e20602\"><!-- icon --><\/i> Zarz\u0105dza zespo\u0142em ponad 250 t\u0142umaczy w MD online<br \/>\n<\/div>\n<div class=\"divider top-of-page\"><a href=\"#top\" title=\"Top of Page\">Back to Top<\/a><\/div>[\/vc_column_text][vc_column_text]<div class=\"one_fourth\">\n<div class=\"custom-frame-wrapper alignleft\"><div class=\"custom-frame-inner-wrapper\"><div class=\"custom-frame-padding\"><img decoding=\"async\" title=\"photo\" src=\"http:\/\/md-online.pl\/wp-content\/uploads\/sites\/2\/2019\/03\/agata.jpg\" alt=\"\" width=\"150\" height=\"150\" \/><\/div><\/div><\/div>\n<\/div>\n<div class=\"three_fourth last_column\">\n<h4 style=\"margin-top: 0px\">Agata Sibilska-Wo\u017aniacka<\/h4>\n<h6>Kierownik projekt\u00f3w specjalnych<\/h6>\n<p><i class=\"fa fa-check-square-o\" style=\"color: #e20602\"><!-- icon --><\/i> Magister filologii rosyjskiej, Uniwersytet Jagiello\u0144ski<br \/>\n<i class=\"fa fa-check-square-o\" style=\"color: #e20602\"><!-- icon --><\/i> Kierownik projekt\u00f3w obejmuj\u0105cych transkrypcj\u0119, tworzenie napis\u00f3w i inne zadania j\u0119zykowe<br \/>\n<i class=\"fa fa-check-square-o\" style=\"color: #e20602\"><!-- icon --><\/i> Posiada certyfikat potwierdzaj\u0105cy znajomo\u015b\u0107 j. bia\u0142oruskiego na poziomie B2<br \/>\n<\/div>\n<div class=\"divider top-of-page\"><a href=\"#top\" title=\"Top of Page\">Back to Top<\/a><\/div>[\/vc_column_text][\/vc_column][\/vc_row][vc_row full_width=&#8221;stretch_row&#8221; css=&#8221;.vc_custom_1554912206964{margin-top: -35px !important;margin-bottom: -20px !important;}&#8221;][vc_column]\t\t<style type=\"text\/css\">\r\n\t\t    #content-block-background-1995 { background-image: url(); background-position: center top; background-repeat: no-repeat; background-color: #e20602; background-attachment: fixed; background-size: auto; }\r\n\t\t    #content-block-body-1995 { padding: 40px 0; color: #ffffff; }\r\n\t\t    .content-block-body { margin-left: auto; margin-right: auto; position: relative; }\r\n\t\t<\/style>\r\n\t\t\t\t\t<style type=\"text\/css\">\r\n\t\t\t\t#wrapper-1 { overflow-x: hidden; }\r\n\t\t\t\t#content-block-background-1995 { margin: 0 -10000px; padding: 0 10000px; }\r\n\t\t\t<\/style>\r\n\t\t\r\n\t\t\r\n\t\t<div class=\"clear\"><\/div>\r\n\t\t<div id=\"content-block-background-1995\" class=\"content-block-background \">\r\n\t\t\t<div id=\"content-block-body-1995\" class=\"content-block-body\">\r\n\t\t\t\t<div class=\"clear\"><\/div>\r\n\t\t\t\t\n<h3 style=\"margin: 10px 0px;color: #ffffff;font-size: 20px !important;text-align: center\">Nasi kierownicy projekt\u00f3w zarz\u0105dzaj\u0105 zespo\u0142em ponad 1000 do\u015bwiadczonych lingwist\u00f3w i t\u0142umaczy.<\/h3>\n<h3 style=\"margin: 10px 0px;color: #ffffff;font-size: 20px !important;text-align: center\">Je\u015bli chcesz do\u0142\u0105czy\u0107 do naszego zespo\u0142u, <span style=\"color: #1e90ff\"><a style=\"color: #1e90ff\" href=\"mailto:info@md-online.pl\">prze\u015blij swoje CV<\/a><\/span>.<\/h3>\n\t\t\t\t<div class=\"clear\"><\/div>\r\n\t\t\t<\/div>\r\n\t\t<\/div>\r\n\t\t<div class=\"clear\"><\/div>\r\n\t[\/vc_column][\/vc_row]\n","protected":false},"excerpt":{"rendered":"<p>[vc_row css=&#8221;.vc_custom_1554757245209{margin-top: -30px !important;}&#8221;][vc_column][\/vc_column][\/vc_row][vc_row css=&#8221;.vc_custom_1552426835769{margin-top: 40px !important;}&#8221;][vc_column][vc_column_text] [\/vc_column_text][vc_column_text] [\/vc_column_text][vc_column_text] [\/vc_column_text][vc_column_text] [\/vc_column_text][vc_column_text] [\/vc_column_text][vc_column_text] [\/vc_column_text][\/vc_column][\/vc_row][vc_row full_width=&#8221;stretch_row&#8221; css=&#8221;.vc_custom_1554912206964{margin-top: -35px !important;margin-bottom: -20px !important;}&#8221;][vc_column][\/vc_column][\/vc_row]<\/p>\n","protected":false},"author":1,"featured_media":0,"parent":0,"menu_order":0,"comment_status":"open","ping_status":"closed","template":"page-FullWidth.php","meta":{"_monsterinsights_skip_tracking":false,"_monsterinsights_sitenote_active":false,"_monsterinsights_sitenote_note":"","_monsterinsights_sitenote_category":0,"footnotes":""},"class_list":["post-13839","page","type-page","status-publish","hentry"],"yoast_head":"<!-- This site is optimized with the Yoast SEO plugin v21.0 - https:\/\/yoast.com\/wordpress\/plugins\/seo\/ -->\n<title>O nas - nasz zesp\u00f3\u0142 - MD Online<\/title>\n<meta name=\"robots\" content=\"index, follow, max-snippet:-1, max-image-preview:large, max-video-preview:-1\" \/>\n<link rel=\"canonical\" href=\"https:\/\/md-online.pl\/en\/about-us-our-team\/\" \/>\n<meta property=\"og:locale\" content=\"pl_PL\" \/>\n<meta property=\"og:type\" content=\"article\" \/>\n<meta property=\"og:title\" content=\"O nas - nasz zesp\u00f3\u0142 - MD Online\" \/>\n<meta property=\"og:description\" content=\"[vc_row css=&#8221;.vc_custom_1554757245209{margin-top: -30px !important;}&#8221;][vc_column][\/vc_column][\/vc_row][vc_row css=&#8221;.vc_custom_1552426835769{margin-top: 40px !important;}&#8221;][vc_column][vc_column_text] [\/vc_column_text][vc_column_text] [\/vc_column_text][vc_column_text] [\/vc_column_text][vc_column_text] [\/vc_column_text][vc_column_text] [\/vc_column_text][vc_column_text] [\/vc_column_text][\/vc_column][\/vc_row][vc_row full_width=&#8221;stretch_row&#8221; css=&#8221;.vc_custom_1554912206964{margin-top: -35px !important;margin-bottom: -20px !important;}&#8221;][vc_column][\/vc_column][\/vc_row]\" \/>\n<meta property=\"og:url\" content=\"https:\/\/md-online.pl\/en\/about-us-our-team\/\" \/>\n<meta property=\"og:site_name\" content=\"MD Online\" \/>\n<meta property=\"article:modified_time\" content=\"2023-11-06T11:07:20+00:00\" \/>\n<meta property=\"og:image\" content=\"https:\/\/md-online.pl\/wp-content\/uploads\/sites\/2\/2021\/12\/Dorota-Sakowska-Hunt-ceo.png\" \/>\n<meta name=\"twitter:card\" content=\"summary_large_image\" \/>\n<meta name=\"twitter:label1\" content=\"Szacowany czas czytania\" \/>\n\t<meta name=\"twitter:data1\" content=\"4 minuty\" \/>\n<script type=\"application\/ld+json\" class=\"yoast-schema-graph\">{\"@context\":\"https:\/\/schema.org\",\"@graph\":[{\"@type\":\"WebPage\",\"@id\":\"https:\/\/md-online.pl\/en\/about-us-our-team\/\",\"url\":\"https:\/\/md-online.pl\/en\/about-us-our-team\/\",\"name\":\"O nas - nasz zesp\u00f3\u0142 - MD Online\",\"isPartOf\":{\"@id\":\"https:\/\/md-online.pl\/en\/#website\"},\"datePublished\":\"2019-04-08T19:33:46+00:00\",\"dateModified\":\"2023-11-06T11:07:20+00:00\",\"breadcrumb\":{\"@id\":\"https:\/\/md-online.pl\/en\/about-us-our-team\/#breadcrumb\"},\"inLanguage\":\"pl-PL\",\"potentialAction\":[{\"@type\":\"ReadAction\",\"target\":[\"https:\/\/md-online.pl\/en\/about-us-our-team\/\"]}]},{\"@type\":\"BreadcrumbList\",\"@id\":\"https:\/\/md-online.pl\/en\/about-us-our-team\/#breadcrumb\",\"itemListElement\":[{\"@type\":\"ListItem\",\"position\":1,\"name\":\"Strona g\u0142\u00f3wna\",\"item\":\"https:\/\/md-online.pl\/pl\/\"},{\"@type\":\"ListItem\",\"position\":2,\"name\":\"O nas &#8211; nasz zesp\u00f3\u0142\"}]},{\"@type\":\"WebSite\",\"@id\":\"https:\/\/md-online.pl\/en\/#website\",\"url\":\"https:\/\/md-online.pl\/en\/\",\"name\":\"MD Online\",\"description\":\"Expert Communication Support\",\"potentialAction\":[{\"@type\":\"SearchAction\",\"target\":{\"@type\":\"EntryPoint\",\"urlTemplate\":\"https:\/\/md-online.pl\/en\/?s={search_term_string}\"},\"query-input\":\"required name=search_term_string\"}],\"inLanguage\":\"pl-PL\"}]}<\/script>\n<!-- \/ Yoast SEO plugin. -->","yoast_head_json":{"title":"O nas - nasz zesp\u00f3\u0142 - MD Online","robots":{"index":"index","follow":"follow","max-snippet":"max-snippet:-1","max-image-preview":"max-image-preview:large","max-video-preview":"max-video-preview:-1"},"canonical":"https:\/\/md-online.pl\/en\/about-us-our-team\/","og_locale":"pl_PL","og_type":"article","og_title":"O nas - nasz zesp\u00f3\u0142 - MD Online","og_description":"[vc_row css=&#8221;.vc_custom_1554757245209{margin-top: -30px !important;}&#8221;][vc_column][\/vc_column][\/vc_row][vc_row css=&#8221;.vc_custom_1552426835769{margin-top: 40px !important;}&#8221;][vc_column][vc_column_text] [\/vc_column_text][vc_column_text] [\/vc_column_text][vc_column_text] [\/vc_column_text][vc_column_text] [\/vc_column_text][vc_column_text] [\/vc_column_text][vc_column_text] [\/vc_column_text][\/vc_column][\/vc_row][vc_row full_width=&#8221;stretch_row&#8221; css=&#8221;.vc_custom_1554912206964{margin-top: -35px !important;margin-bottom: -20px !important;}&#8221;][vc_column][\/vc_column][\/vc_row]","og_url":"https:\/\/md-online.pl\/en\/about-us-our-team\/","og_site_name":"MD Online","article_modified_time":"2023-11-06T11:07:20+00:00","og_image":[{"url":"https:\/\/md-online.pl\/wp-content\/uploads\/sites\/2\/2021\/12\/Dorota-Sakowska-Hunt-ceo.png"}],"twitter_card":"summary_large_image","twitter_misc":{"Szacowany czas czytania":"4 minuty"},"schema":{"@context":"https:\/\/schema.org","@graph":[{"@type":"WebPage","@id":"https:\/\/md-online.pl\/en\/about-us-our-team\/","url":"https:\/\/md-online.pl\/en\/about-us-our-team\/","name":"O nas - nasz zesp\u00f3\u0142 - MD Online","isPartOf":{"@id":"https:\/\/md-online.pl\/en\/#website"},"datePublished":"2019-04-08T19:33:46+00:00","dateModified":"2023-11-06T11:07:20+00:00","breadcrumb":{"@id":"https:\/\/md-online.pl\/en\/about-us-our-team\/#breadcrumb"},"inLanguage":"pl-PL","potentialAction":[{"@type":"ReadAction","target":["https:\/\/md-online.pl\/en\/about-us-our-team\/"]}]},{"@type":"BreadcrumbList","@id":"https:\/\/md-online.pl\/en\/about-us-our-team\/#breadcrumb","itemListElement":[{"@type":"ListItem","position":1,"name":"Strona g\u0142\u00f3wna","item":"https:\/\/md-online.pl\/pl\/"},{"@type":"ListItem","position":2,"name":"O nas &#8211; nasz zesp\u00f3\u0142"}]},{"@type":"WebSite","@id":"https:\/\/md-online.pl\/en\/#website","url":"https:\/\/md-online.pl\/en\/","name":"MD Online","description":"Expert Communication Support","potentialAction":[{"@type":"SearchAction","target":{"@type":"EntryPoint","urlTemplate":"https:\/\/md-online.pl\/en\/?s={search_term_string}"},"query-input":"required name=search_term_string"}],"inLanguage":"pl-PL"}]}},"_links":{"self":[{"href":"https:\/\/md-online.pl\/pl\/wp-json\/wp\/v2\/pages\/13839","targetHints":{"allow":["GET"]}}],"collection":[{"href":"https:\/\/md-online.pl\/pl\/wp-json\/wp\/v2\/pages"}],"about":[{"href":"https:\/\/md-online.pl\/pl\/wp-json\/wp\/v2\/types\/page"}],"author":[{"embeddable":true,"href":"https:\/\/md-online.pl\/pl\/wp-json\/wp\/v2\/users\/1"}],"replies":[{"embeddable":true,"href":"https:\/\/md-online.pl\/pl\/wp-json\/wp\/v2\/comments?post=13839"}],"version-history":[{"count":1,"href":"https:\/\/md-online.pl\/pl\/wp-json\/wp\/v2\/pages\/13839\/revisions"}],"predecessor-version":[{"id":16130,"href":"https:\/\/md-online.pl\/pl\/wp-json\/wp\/v2\/pages\/13839\/revisions\/16130"}],"wp:attachment":[{"href":"https:\/\/md-online.pl\/pl\/wp-json\/wp\/v2\/media?parent=13839"}],"curies":[{"name":"wp","href":"https:\/\/api.w.org\/{rel}","templated":true}]}}