{"id":13829,"date":"2019-04-08T21:25:24","date_gmt":"2019-04-08T19:25:24","guid":{"rendered":"http:\/\/md-online.pl\/?page_id=13829"},"modified":"2019-04-15T09:26:52","modified_gmt":"2019-04-15T07:26:52","slug":"wyslij-tekst-do-darmowej-wyceny","status":"publish","type":"page","link":"https:\/\/md-online.pl\/pl\/wyslij-tekst-do-darmowej-wyceny\/","title":{"rendered":"Wy\u015blij tekst do darmowej wyceny"},"content":{"rendered":"[vc_row][vc_column width=&#8221;2\/5&#8243; css=&#8221;.vc_custom_1554999216457{padding-top: 15px !important;}&#8221;]<div class=\"wpcf7 no-js\" id=\"wpcf7-f13899-o1\" lang=\"pl-PL\" dir=\"ltr\">\n<div class=\"screen-reader-response\"><p role=\"status\" aria-live=\"polite\" aria-atomic=\"true\"><\/p> <ul><\/ul><\/div>\n<form action=\"\/pl\/wp-json\/wp\/v2\/pages\/13829#wpcf7-f13899-o1\" method=\"post\" class=\"wpcf7-form init\" aria-label=\"Contact form\" enctype=\"multipart\/form-data\" novalidate=\"novalidate\" data-status=\"init\">\n<div style=\"display: none;\">\n<input type=\"hidden\" name=\"_wpcf7\" value=\"13899\" \/>\n<input type=\"hidden\" name=\"_wpcf7_version\" value=\"5.7\" \/>\n<input type=\"hidden\" name=\"_wpcf7_locale\" value=\"pl_PL\" \/>\n<input type=\"hidden\" name=\"_wpcf7_unit_tag\" value=\"wpcf7-f13899-o1\" \/>\n<input type=\"hidden\" name=\"_wpcf7_container_post\" value=\"0\" \/>\n<input type=\"hidden\" name=\"_wpcf7_posted_data_hash\" value=\"\" \/>\n<\/div>\n<div class=\"title-box\">\n\t<p>Wy\u015blij tekst do darmowej wyceny\n\t<\/p>\n<\/div>\n<p><br \/>\n<span class=\"wpcf7-form-control-wrap\" data-name=\"your-name\"><input size=\"40\" class=\"wpcf7-form-control wpcf7-text wpcf7-validates-as-required form-control form-input\" id=\"button-add-file\" aria-required=\"true\" aria-invalid=\"false\" placeholder=\"Imi\u0119 \/ Firma (wymagane)\" value=\"\" type=\"text\" name=\"your-name\" \/><\/span><br \/>\n<span class=\"wpcf7-form-control-wrap\" data-name=\"your-email\"><input size=\"40\" class=\"wpcf7-form-control wpcf7-text wpcf7-email wpcf7-validates-as-required wpcf7-validates-as-email form-control form-input\" id=\"button-add-file\" aria-required=\"true\" aria-invalid=\"false\" placeholder=\"Adres e-mail (wymagany)\" value=\"\" type=\"email\" name=\"your-email\" \/><\/span><br \/>\n<span class=\"wpcf7-form-control-wrap\" data-name=\"Nrtelefonu\"><input size=\"40\" class=\"wpcf7-form-control wpcf7-text wpcf7-tel wpcf7-validates-as-tel form-control form-input\" id=\"button-add-file\" aria-invalid=\"false\" placeholder=\"Telefon\" value=\"\" type=\"tel\" name=\"Nrtelefonu\" \/><\/span><br \/>\n<span class=\"wpcf7-form-control-wrap\" data-name=\"your-subject\"><textarea cols=\"40\" rows=\"10\" class=\"wpcf7-form-control wpcf7-textarea wpcf7-validates-as-required form-control form-input\" id=\"button-add-file\" aria-required=\"true\" aria-invalid=\"false\" placeholder=\"Wiadomo\u015b\u0107\" name=\"your-subject\"><\/textarea><\/span><br \/>\n<\/p>\n<div class=\"add-file\">\n\t<p>Dodaj plik do wyceny:\n\t<\/p>\n<\/div>\n<p><br \/>\n<span class=\"wpcf7-form-control-wrap\" data-name=\"your-file\"><input size=\"40\" class=\"wpcf7-form-control wpcf7-file new-file form-control form-input\" id=\"button-add-file\" accept=\".gif,.png,.jpg,.jpeg,.pdf,.doc,.docx,.ppt,.pptx,.odt,.ods,.odp,.odf\" aria-invalid=\"false\" type=\"file\" name=\"your-file\" \/><\/span><br \/>\n<\/p>\n<div class=\"contact-submit\">\n\t<p><input class=\"wpcf7-form-control has-spinner wpcf7-submit btn btn-slide\" type=\"submit\" value=\"Wy\u015blij tekst do darmowej wyceny\" \/>\n\t<\/p>\n<\/div><p style=\"display: none !important;\"><label>&#916;<textarea name=\"_wpcf7_ak_hp_textarea\" cols=\"45\" rows=\"8\" maxlength=\"100\"><\/textarea><\/label><input type=\"hidden\" id=\"ak_js_1\" name=\"_wpcf7_ak_js\" value=\"203\"\/><script>document.getElementById( \"ak_js_1\" ).setAttribute( \"value\", ( new Date() ).getTime() );<\/script><\/p><div class=\"wpcf7-response-output\" aria-hidden=\"true\"><\/div><\/form><\/div>[\/vc_column][vc_column width=&#8221;3\/5&#8243;][vc_column_text css=&#8221;.vc_custom_1554751669544{margin-top: 0px !important;margin-bottom: 0px !important;padding-top: 8px !important;}&#8221;]\n<h5><span style=\"color: #e20602;\">Online przez 5 dni w tygodniu<\/span><\/h5>\n[\/vc_column_text][vc_column_text css=&#8221;.vc_custom_1554998615391{margin-bottom: 0px !important;}&#8221;]\n<p style=\"text-align: justify;\">Nasz zesp\u00f3\u0142 obs\u0142ugi klienta s\u0142u\u017cy pomoc\u0105 od poniedzia\u0142ku do pi\u0105tku mi\u0119dzy 8.00 a 20.00. Wsp\u00f3\u0142pracujemy z native speakerami, kt\u00f3rzy t\u0142umacz\u0105 i koryguj\u0105 nasze teksty. Wieloletnie do\u015bwiadczenie umo\u017cliwi\u0142o nam zbudowanie solidnej wsp\u00f3\u0142pracy z ekspertami w r\u00f3\u017cnych dziedzinach. Jeste\u015bmy w stanie wzi\u0105\u0107 udzia\u0142 w projektach dotykaj\u0105cych zdecydowanej wi\u0119kszo\u015bci dziedzin, np. marketingu, reklamy, prawa, turystyki, medycyny, zagadnie\u0144 technologicznych, ekonomii, dzia\u0142alno\u015bci naukowej, ekonomii, dzia\u0142alno\u015bci naukowej i wielu innych.<\/p>\n[\/vc_column_text][vc_column_text css=&#8221;.vc_custom_1554751707374{margin-top: 25px !important;margin-bottom: 0px !important;}&#8221;]\n<h5><span style=\"color: #e20602;\">Dopasowane do potrzeb<\/span><\/h5>\n[\/vc_column_text][vc_column_text css=&#8221;.vc_custom_1554998737693{margin-bottom: 0px !important;}&#8221;]\n<p style=\"text-align: justify;\">Je\u015bli maj\u0105 Pa\u0144stwo dodatkowe wymogi zwi\u0105zane z realizacj\u0105 zlecenia, np. przestrzeganie s\u0142owniczka czy konieczno\u015b\u0107 pracy w okre\u015blonym formacie, prosimy o informacj\u0119. Ch\u0119tnie spe\u0142nimy pro\u015bb\u0119.<\/p>\n[\/vc_column_text][vc_column_text css=&#8221;.vc_custom_1554751758686{margin-top: 25px !important;margin-bottom: 0px !important;}&#8221;]\n<h5><span style=\"color: #e20602;\">Korekta daj\u0105ca pewno\u015b\u0107<\/span><\/h5>\n[\/vc_column_text][vc_column_text]\n<p style=\"text-align: justify;\">Przygotowanie wyceny zajmuje zazwyczaj 30 minut, co mo\u017ce ulec przed\u0142u\u017ceniu w bardziej intensywnych okresach pracy biura. Nasz zesp\u00f3\u0142 do\u015bwiadczonych t\u0142umaczy dostarczy tekst docelowy w kr\u00f3tkim czasie dzi\u0119ki narz\u0119dziom CAT i mo\u017cliwo\u015bci zespo\u0142owej realizacji wi\u0119kszych zlece\u0144. Je\u015bli perfekcyjny tekst jest potrzebny b\u0142yskawicznie, mo\u017cemy zaoferowa\u0107 ekspresow\u0105 us\u0142ug\u0119 korekty. Mo\u017cemy zaj\u0105\u0107 si\u0119 plikami w r\u00f3\u017cnych formatach oraz projektami wymagaj\u0105cymi u\u017cycia narz\u0119dzi CAT.<\/p>\n[\/vc_column_text][\/vc_column][\/vc_row][vc_row css=&#8221;.vc_custom_1554998945962{margin-top: -40px !important;}&#8221;][vc_column]\t\t<style type=\"text\/css\">\r\n\t\t    #content-block-background-1237 { background-image: url(); background-position: center bottom; background-repeat: repeat; background-color: #1a2632; background-attachment: fixed; background-size: auto; }\r\n\t\t    #content-block-body-1237 { padding: 80px 0; color: #ffffff; }\r\n\t\t    .content-block-body { margin-left: auto; margin-right: auto; position: relative; }\r\n\t\t<\/style>\r\n\t\t\t\t\t<style type=\"text\/css\">\r\n\t\t\t\t#wrapper-1 { overflow-x: hidden; }\r\n\t\t\t\t#content-block-background-1237 { margin: 0 -10000px; padding: 0 10000px; }\r\n\t\t\t<\/style>\r\n\t\t\r\n\t\t\r\n\t\t<div class=\"clear\"><\/div>\r\n\t\t<div id=\"content-block-background-1237\" class=\"content-block-background \">\r\n\t\t\t<div id=\"content-block-body-1237\" class=\"content-block-body\">\r\n\t\t\t\t<div class=\"clear\"><\/div>\r\n\t\t\t\t\n<div style=\"text-align: center;\">\n<h4 style=\"margin-bottom: 20px;\"><span style=\"font-size: 30px; color: #ffffff;\">Je\u015bli pojawi\u0142y si\u0119 pytania dotycz\u0105ce naszych us\u0142ug, <span style=\"color: #e20602;\"><a style=\"color: #e20602;\" href=\"http:\/\/md-online.pl\/pl\/kontakt\/\">zach\u0119camy do kontaktu<\/a><\/span><\/span><\/h4>\n<\/div>\n\t\t\t\t<div class=\"clear\"><\/div>\r\n\t\t\t<\/div>\r\n\t\t<\/div>\r\n\t\t<div class=\"clear\"><\/div>\r\n\t[\/vc_column][\/vc_row]\n","protected":false},"excerpt":{"rendered":"<p>[vc_row][vc_column width=&#8221;2\/5&#8243; css=&#8221;.vc_custom_1554999216457{padding-top: 15px !important;}&#8221;][\/vc_column][vc_column width=&#8221;3\/5&#8243;][vc_column_text css=&#8221;.vc_custom_1554751669544{margin-top: 0px !important;margin-bottom: 0px !important;padding-top: 8px !important;}&#8221;] Online przez 5 dni w tygodniu [\/vc_column_text][vc_column_text css=&#8221;.vc_custom_1554998615391{margin-bottom: 0px !important;}&#8221;] Nasz zesp\u00f3\u0142 obs\u0142ugi klienta s\u0142u\u017cy pomoc\u0105 od poniedzia\u0142ku do pi\u0105tku mi\u0119dzy 8.00 a 20.00. Wsp\u00f3\u0142pracujemy z native speakerami, kt\u00f3rzy t\u0142umacz\u0105 i koryguj\u0105 nasze teksty. Wieloletnie do\u015bwiadczenie umo\u017cliwi\u0142o nam zbudowanie solidnej wsp\u00f3\u0142pracy z ekspertami w r\u00f3\u017cnych dziedzinach. Jeste\u015bmy w stanie wzi\u0105\u0107 udzia\u0142 w projektach dotykaj\u0105cych zdecydowanej wi\u0119kszo\u015bci dziedzin, np. marketingu, reklamy, prawa, turystyki, medycyny, zagadnie\u0144 technologicznych, ekonomii, dzia\u0142alno\u015bci naukowej, ekonomii, dzia\u0142alno\u015bci naukowej i wielu innych. [\/vc_column_text][vc_column_text css=&#8221;.vc_custom_1554751707374{margin-top: 25px !important;margin-bottom: 0px !important;}&#8221;] Dopasowane do potrzeb [\/vc_column_text][vc_column_text css=&#8221;.vc_custom_1554998737693{margin-bottom: 0px !important;}&#8221;] Je\u015bli maj\u0105 Pa\u0144stwo dodatkowe wymogi zwi\u0105zane z realizacj\u0105 zlecenia, np. przestrzeganie s\u0142owniczka czy konieczno\u015b\u0107 pracy w okre\u015blonym formacie, prosimy o informacj\u0119. Ch\u0119tnie spe\u0142nimy pro\u015bb\u0119. [\/vc_column_text][vc_column_text css=&#8221;.vc_custom_1554751758686{margin-top: 25px !important;margin-bottom: 0px !important;}&#8221;] Korekta daj\u0105ca pewno\u015b\u0107 [\/vc_column_text][vc_column_text] Przygotowanie wyceny zajmuje zazwyczaj 30 minut, co mo\u017ce ulec przed\u0142u\u017ceniu w bardziej intensywnych okresach pracy biura.<\/p>\n","protected":false},"author":1,"featured_media":0,"parent":0,"menu_order":0,"comment_status":"closed","ping_status":"closed","template":"page-FullWidth.php","meta":{"_monsterinsights_skip_tracking":false,"_monsterinsights_sitenote_active":false,"_monsterinsights_sitenote_note":"","_monsterinsights_sitenote_category":0,"footnotes":""},"class_list":["post-13829","page","type-page","status-publish","hentry"],"yoast_head":"<!-- This site is optimized with the Yoast SEO plugin v21.0 - https:\/\/yoast.com\/wordpress\/plugins\/seo\/ -->\n<title>Wy\u015blij tekst do darmowej wyceny - MD Online<\/title>\n<meta name=\"robots\" content=\"index, follow, max-snippet:-1, max-image-preview:large, max-video-preview:-1\" \/>\n<link rel=\"canonical\" href=\"https:\/\/md-online.pl\/pl\/wyslij-tekst-do-darmowej-wyceny\/\" \/>\n<meta property=\"og:locale\" content=\"pl_PL\" \/>\n<meta property=\"og:type\" content=\"article\" \/>\n<meta property=\"og:title\" content=\"Wy\u015blij tekst do darmowej wyceny - MD Online\" \/>\n<meta property=\"og:description\" content=\"[vc_row][vc_column width=&#8221;2\/5&#8243; css=&#8221;.vc_custom_1554999216457{padding-top: 15px !important;}&#8221;][\/vc_column][vc_column width=&#8221;3\/5&#8243;][vc_column_text css=&#8221;.vc_custom_1554751669544{margin-top: 0px !important;margin-bottom: 0px !important;padding-top: 8px !important;}&#8221;] Online przez 5 dni w tygodniu [\/vc_column_text][vc_column_text css=&#8221;.vc_custom_1554998615391{margin-bottom: 0px !important;}&#8221;] Nasz zesp\u00f3\u0142 obs\u0142ugi klienta s\u0142u\u017cy pomoc\u0105 od poniedzia\u0142ku do pi\u0105tku mi\u0119dzy 8.00 a 20.00. Wsp\u00f3\u0142pracujemy z native speakerami, kt\u00f3rzy t\u0142umacz\u0105 i koryguj\u0105 nasze teksty. Wieloletnie do\u015bwiadczenie umo\u017cliwi\u0142o nam zbudowanie solidnej wsp\u00f3\u0142pracy z ekspertami w r\u00f3\u017cnych dziedzinach. Jeste\u015bmy w stanie wzi\u0105\u0107 udzia\u0142 w projektach dotykaj\u0105cych zdecydowanej wi\u0119kszo\u015bci dziedzin, np. marketingu, reklamy, prawa, turystyki, medycyny, zagadnie\u0144 technologicznych, ekonomii, dzia\u0142alno\u015bci naukowej, ekonomii, dzia\u0142alno\u015bci naukowej i wielu innych. [\/vc_column_text][vc_column_text css=&#8221;.vc_custom_1554751707374{margin-top: 25px !important;margin-bottom: 0px !important;}&#8221;] Dopasowane do potrzeb [\/vc_column_text][vc_column_text css=&#8221;.vc_custom_1554998737693{margin-bottom: 0px !important;}&#8221;] Je\u015bli maj\u0105 Pa\u0144stwo dodatkowe wymogi zwi\u0105zane z realizacj\u0105 zlecenia, np. przestrzeganie s\u0142owniczka czy konieczno\u015b\u0107 pracy w okre\u015blonym formacie, prosimy o informacj\u0119. Ch\u0119tnie spe\u0142nimy pro\u015bb\u0119. [\/vc_column_text][vc_column_text css=&#8221;.vc_custom_1554751758686{margin-top: 25px !important;margin-bottom: 0px !important;}&#8221;] Korekta daj\u0105ca pewno\u015b\u0107 [\/vc_column_text][vc_column_text] Przygotowanie wyceny zajmuje zazwyczaj 30 minut, co mo\u017ce ulec przed\u0142u\u017ceniu w bardziej intensywnych okresach pracy biura.\" \/>\n<meta property=\"og:url\" content=\"https:\/\/md-online.pl\/pl\/wyslij-tekst-do-darmowej-wyceny\/\" \/>\n<meta property=\"og:site_name\" content=\"MD Online\" \/>\n<meta property=\"article:modified_time\" content=\"2019-04-15T07:26:52+00:00\" \/>\n<meta name=\"twitter:card\" content=\"summary_large_image\" \/>\n<meta name=\"twitter:label1\" content=\"Szacowany czas czytania\" \/>\n\t<meta name=\"twitter:data1\" content=\"2 minuty\" \/>\n<script type=\"application\/ld+json\" class=\"yoast-schema-graph\">{\"@context\":\"https:\/\/schema.org\",\"@graph\":[{\"@type\":\"WebPage\",\"@id\":\"https:\/\/md-online.pl\/pl\/wyslij-tekst-do-darmowej-wyceny\/\",\"url\":\"https:\/\/md-online.pl\/pl\/wyslij-tekst-do-darmowej-wyceny\/\",\"name\":\"Wy\u015blij tekst do darmowej wyceny - MD Online\",\"isPartOf\":{\"@id\":\"https:\/\/md-online.pl\/en\/#website\"},\"datePublished\":\"2019-04-08T19:25:24+00:00\",\"dateModified\":\"2019-04-15T07:26:52+00:00\",\"breadcrumb\":{\"@id\":\"https:\/\/md-online.pl\/pl\/wyslij-tekst-do-darmowej-wyceny\/#breadcrumb\"},\"inLanguage\":\"pl-PL\",\"potentialAction\":[{\"@type\":\"ReadAction\",\"target\":[\"https:\/\/md-online.pl\/pl\/wyslij-tekst-do-darmowej-wyceny\/\"]}]},{\"@type\":\"BreadcrumbList\",\"@id\":\"https:\/\/md-online.pl\/pl\/wyslij-tekst-do-darmowej-wyceny\/#breadcrumb\",\"itemListElement\":[{\"@type\":\"ListItem\",\"position\":1,\"name\":\"Strona g\u0142\u00f3wna\",\"item\":\"https:\/\/md-online.pl\/pl\/\"},{\"@type\":\"ListItem\",\"position\":2,\"name\":\"Wy\u015blij tekst do darmowej wyceny\"}]},{\"@type\":\"WebSite\",\"@id\":\"https:\/\/md-online.pl\/en\/#website\",\"url\":\"https:\/\/md-online.pl\/en\/\",\"name\":\"MD Online\",\"description\":\"Expert Communication Support\",\"potentialAction\":[{\"@type\":\"SearchAction\",\"target\":{\"@type\":\"EntryPoint\",\"urlTemplate\":\"https:\/\/md-online.pl\/en\/?s={search_term_string}\"},\"query-input\":\"required name=search_term_string\"}],\"inLanguage\":\"pl-PL\"}]}<\/script>\n<!-- \/ Yoast SEO plugin. -->","yoast_head_json":{"title":"Wy\u015blij tekst do darmowej wyceny - MD Online","robots":{"index":"index","follow":"follow","max-snippet":"max-snippet:-1","max-image-preview":"max-image-preview:large","max-video-preview":"max-video-preview:-1"},"canonical":"https:\/\/md-online.pl\/pl\/wyslij-tekst-do-darmowej-wyceny\/","og_locale":"pl_PL","og_type":"article","og_title":"Wy\u015blij tekst do darmowej wyceny - MD Online","og_description":"[vc_row][vc_column width=&#8221;2\/5&#8243; css=&#8221;.vc_custom_1554999216457{padding-top: 15px !important;}&#8221;][\/vc_column][vc_column width=&#8221;3\/5&#8243;][vc_column_text css=&#8221;.vc_custom_1554751669544{margin-top: 0px !important;margin-bottom: 0px !important;padding-top: 8px !important;}&#8221;] Online przez 5 dni w tygodniu [\/vc_column_text][vc_column_text css=&#8221;.vc_custom_1554998615391{margin-bottom: 0px !important;}&#8221;] Nasz zesp\u00f3\u0142 obs\u0142ugi klienta s\u0142u\u017cy pomoc\u0105 od poniedzia\u0142ku do pi\u0105tku mi\u0119dzy 8.00 a 20.00. Wsp\u00f3\u0142pracujemy z native speakerami, kt\u00f3rzy t\u0142umacz\u0105 i koryguj\u0105 nasze teksty. Wieloletnie do\u015bwiadczenie umo\u017cliwi\u0142o nam zbudowanie solidnej wsp\u00f3\u0142pracy z ekspertami w r\u00f3\u017cnych dziedzinach. Jeste\u015bmy w stanie wzi\u0105\u0107 udzia\u0142 w projektach dotykaj\u0105cych zdecydowanej wi\u0119kszo\u015bci dziedzin, np. marketingu, reklamy, prawa, turystyki, medycyny, zagadnie\u0144 technologicznych, ekonomii, dzia\u0142alno\u015bci naukowej, ekonomii, dzia\u0142alno\u015bci naukowej i wielu innych. [\/vc_column_text][vc_column_text css=&#8221;.vc_custom_1554751707374{margin-top: 25px !important;margin-bottom: 0px !important;}&#8221;] Dopasowane do potrzeb [\/vc_column_text][vc_column_text css=&#8221;.vc_custom_1554998737693{margin-bottom: 0px !important;}&#8221;] Je\u015bli maj\u0105 Pa\u0144stwo dodatkowe wymogi zwi\u0105zane z realizacj\u0105 zlecenia, np. przestrzeganie s\u0142owniczka czy konieczno\u015b\u0107 pracy w okre\u015blonym formacie, prosimy o informacj\u0119. Ch\u0119tnie spe\u0142nimy pro\u015bb\u0119. [\/vc_column_text][vc_column_text css=&#8221;.vc_custom_1554751758686{margin-top: 25px !important;margin-bottom: 0px !important;}&#8221;] Korekta daj\u0105ca pewno\u015b\u0107 [\/vc_column_text][vc_column_text] Przygotowanie wyceny zajmuje zazwyczaj 30 minut, co mo\u017ce ulec przed\u0142u\u017ceniu w bardziej intensywnych okresach pracy biura.","og_url":"https:\/\/md-online.pl\/pl\/wyslij-tekst-do-darmowej-wyceny\/","og_site_name":"MD Online","article_modified_time":"2019-04-15T07:26:52+00:00","twitter_card":"summary_large_image","twitter_misc":{"Szacowany czas czytania":"2 minuty"},"schema":{"@context":"https:\/\/schema.org","@graph":[{"@type":"WebPage","@id":"https:\/\/md-online.pl\/pl\/wyslij-tekst-do-darmowej-wyceny\/","url":"https:\/\/md-online.pl\/pl\/wyslij-tekst-do-darmowej-wyceny\/","name":"Wy\u015blij tekst do darmowej wyceny - MD Online","isPartOf":{"@id":"https:\/\/md-online.pl\/en\/#website"},"datePublished":"2019-04-08T19:25:24+00:00","dateModified":"2019-04-15T07:26:52+00:00","breadcrumb":{"@id":"https:\/\/md-online.pl\/pl\/wyslij-tekst-do-darmowej-wyceny\/#breadcrumb"},"inLanguage":"pl-PL","potentialAction":[{"@type":"ReadAction","target":["https:\/\/md-online.pl\/pl\/wyslij-tekst-do-darmowej-wyceny\/"]}]},{"@type":"BreadcrumbList","@id":"https:\/\/md-online.pl\/pl\/wyslij-tekst-do-darmowej-wyceny\/#breadcrumb","itemListElement":[{"@type":"ListItem","position":1,"name":"Strona g\u0142\u00f3wna","item":"https:\/\/md-online.pl\/pl\/"},{"@type":"ListItem","position":2,"name":"Wy\u015blij tekst do darmowej wyceny"}]},{"@type":"WebSite","@id":"https:\/\/md-online.pl\/en\/#website","url":"https:\/\/md-online.pl\/en\/","name":"MD Online","description":"Expert Communication Support","potentialAction":[{"@type":"SearchAction","target":{"@type":"EntryPoint","urlTemplate":"https:\/\/md-online.pl\/en\/?s={search_term_string}"},"query-input":"required name=search_term_string"}],"inLanguage":"pl-PL"}]}},"_links":{"self":[{"href":"https:\/\/md-online.pl\/pl\/wp-json\/wp\/v2\/pages\/13829","targetHints":{"allow":["GET"]}}],"collection":[{"href":"https:\/\/md-online.pl\/pl\/wp-json\/wp\/v2\/pages"}],"about":[{"href":"https:\/\/md-online.pl\/pl\/wp-json\/wp\/v2\/types\/page"}],"author":[{"embeddable":true,"href":"https:\/\/md-online.pl\/pl\/wp-json\/wp\/v2\/users\/1"}],"replies":[{"embeddable":true,"href":"https:\/\/md-online.pl\/pl\/wp-json\/wp\/v2\/comments?post=13829"}],"version-history":[{"count":0,"href":"https:\/\/md-online.pl\/pl\/wp-json\/wp\/v2\/pages\/13829\/revisions"}],"wp:attachment":[{"href":"https:\/\/md-online.pl\/pl\/wp-json\/wp\/v2\/media?parent=13829"}],"curies":[{"name":"wp","href":"https:\/\/api.w.org\/{rel}","templated":true}]}}