{"id":5801,"date":"2011-05-29T01:02:42","date_gmt":"2011-05-29T05:02:42","guid":{"rendered":"http:\/\/md-online.pl\/about-us-our-team\/"},"modified":"2023-11-06T12:06:52","modified_gmt":"2023-11-06T11:06:52","slug":"about-us-our-team","status":"publish","type":"page","link":"https:\/\/md-online.pl\/en\/about-us-our-team\/","title":{"rendered":"About Us &#8211; Our Team"},"content":{"rendered":"[vc_row css=&#8221;.vc_custom_1518471930491{margin-top: -50px !important;}&#8221;][vc_column]\t\t<style type=\"text\/css\">\r\n\t\t    #content-block-background-1934 { background-image: url(https:\/\/md-online.pl\/wp-content\/uploads\/sites\/2\/2019\/02\/page-1_slide01.jpg); background-position: center center; background-repeat: no-repeat; background-color: #050505; background-attachment: fixed; background-size: cover; }\r\n\t\t    #content-block-body-1934 { padding: 50px 0 50px; color: #ffffff; }\r\n\t\t    .content-block-body { margin-left: auto; margin-right: auto; position: relative; }\r\n\t\t<\/style>\r\n\t\t\t\t\t<style type=\"text\/css\">\r\n\t\t\t\t#wrapper-1 { overflow-x: hidden; }\r\n\t\t\t\t#content-block-background-1934 { margin: 0 -10000px; padding: 0 10000px; }\r\n\t\t\t<\/style>\r\n\t\t\r\n\t\t\r\n\t\t<div class=\"clear\"><\/div>\r\n\t\t<div id=\"content-block-background-1934\" class=\"content-block-background \">\r\n\t\t\t<div id=\"content-block-body-1934\" class=\"content-block-body\">\r\n\t\t\t\t<div class=\"clear\"><\/div>\r\n\t\t\t\t\n<div id=\"responsive\" style=\"text-align: center\">\n<h1 style=\"text-align: center;color: #ffffff;margin-top: -25px;margin-bottom: -25px\">Our Team<\/h1>\n<h5 style=\"margin-top: 40px;margin-bottom: 10px;font-size: 16px;color: #ffffff;line-height: 1.7;text-align: center\">We understand that the <span style=\"color: #e20602\">quality of delivered texts<\/span> has a direct impact on your company&#8217;s reputation. All Project Managers at MD Online are trained linguists fluent in at least two languages who are highly experienced in managing complex jobs.<\/h5>\n<\/div>\n\t\t\t\t<div class=\"clear\"><\/div>\r\n\t\t\t<\/div>\r\n\t\t<\/div>\r\n\t\t<div class=\"clear\"><\/div>\r\n\t[\/vc_column][\/vc_row][vc_row css=&#8221;.vc_custom_1552426835769{margin-top: 40px !important;}&#8221;][vc_column][vc_column_text]<div class=\"one_fourth\">\n<div class=\"custom-frame-wrapper alignleft\"><div class=\"custom-frame-inner-wrapper\"><div class=\"custom-frame-padding\"><img decoding=\"async\" title=\"photo\" src=\"https:\/\/md-online.pl\/wp-content\/uploads\/sites\/2\/2021\/12\/Dorota-Sakowska-Hunt-ceo.png\" alt=\"\" width=\"150\" height=\"150\" \/><\/div><\/div><\/div>\n<\/div>\n<div class=\"three_fourth last_column\">\n<h4 style=\"margin-top: 0px\">Dorota Sakowska-Hunt<\/h4>\n<h6>CEO, Business Growth and Development<\/h6>\n<p><i class=\"fa fa-check-square-o\" style=\"color: #e20602\"><!-- icon --><\/i> MA in International Relations, University of \u0141\u00f3d\u017a<br \/>\n<i class=\"fa fa-check-square-o\" style=\"color: #e20602\"><!-- icon --><\/i> MBA (University of Monaco) received with distinctions<br \/>\n<i class=\"fa fa-check-square-o\" style=\"color: #e20602\"><!-- icon --><\/i> President of the Audit Comitee of Polish Association of the Language Service Providers <strong><span style=\"color: #ff0000\"><a style=\"color: #ff0000\" href=\"https:\/\/polot.org.pl\/\" target=\"_blank\" rel=\"noopener noreferrer\">POLOT<\/a><\/span><\/strong><br \/>\n<i class=\"fa fa-check-square-o\" style=\"color: #e20602\"><!-- icon --><\/i> Speaks 5 languages<br \/>\n<\/div>\n<div class=\"divider top-of-page\"><a href=\"#top\" title=\"Top of Page\">Back to Top<\/a><\/div>[\/vc_column_text][vc_column_text]<div class=\"one_fourth\">\n<div class=\"custom-frame-wrapper alignleft\"><div class=\"custom-frame-inner-wrapper\"><div class=\"custom-frame-padding\"><img decoding=\"async\" title=\"photo\" src=\"http:\/\/md-online.pl\/wp-content\/uploads\/sites\/2\/2019\/03\/2019-01-17-1.png\" alt=\"\" width=\"150\" height=\"150\" \/><\/div><\/div><\/div>\n<\/div>\n<div class=\"three_fourth last_column\">\n<h4 style=\"margin-top: 0px\">PhD, Hab. Associate Professor Mark J. Hunt<\/h4>\n<h6>Head of Quality Assurance<\/h6>\n<p><i class=\"fa fa-check-square-o\" style=\"color: #e20602\"><!-- icon --><\/i> PhD from Trinity College, University of Cambridge<br \/>\n<i class=\"fa fa-check-square-o\" style=\"color: #e20602\"><!-- icon --><\/i> Associate\u00a0Professor\u00a0at the Nencki Institute, Warsaw<br \/>\n<i class=\"fa fa-check-square-o\" style=\"color: #e20602\"><!-- icon --><\/i> Member of the evaluation committee, Doctoral School of Exact and Natural Sciences, UW<br \/>\n<i class=\"fa fa-check-square-o\" style=\"color: #e20602\"><!-- icon --><\/i> Author of over 25 scientific publications and reviewer for international journals<br \/>\n<\/div>\n<div class=\"divider top-of-page\"><a href=\"#top\" title=\"Top of Page\">Back to Top<\/a><\/div>[\/vc_column_text][vc_column_text]<div class=\"one_fourth\">\n<div class=\"custom-frame-wrapper alignleft\"><div class=\"custom-frame-inner-wrapper\"><div class=\"custom-frame-padding\"><img decoding=\"async\" title=\"photo\" src=\"http:\/\/md-online.pl\/wp-content\/uploads\/sites\/2\/2019\/03\/Ochma\u0144ska-Magdalena.jpg\" alt=\"\" width=\"150\" height=\"150\" \/><\/div><\/div><\/div>\n<\/div>\n<div class=\"three_fourth last_column\">\n<h4 style=\"margin-top: 0px\">Dr Magdalena Ochma\u0144ska<\/h4>\n<h6>Head of Translations<\/h6>\n<p><i class=\"fa fa-check-square-o\" style=\"color: #e20602\"><!-- icon --><\/i> PhD, her interdisciplinary dissertation regarded media-specific translation problems, University of Warmia and Mazury<br \/>\n<i class=\"fa fa-check-square-o\" style=\"color: #e20602\"><!-- icon --><\/i> MA in English, University of Warmia and Mazury<br \/>\n<i class=\"fa fa-check-square-o\" style=\"color: #e20602\"><!-- icon --><\/i> Author of over 10 papers on translation issues and co-editor of two monographs<br \/>\n<i class=\"fa fa-check-square-o\" style=\"color: #e20602\"><!-- icon --><\/i> Organises CAT workshops for translators at MD Online<br \/>\n<\/div>\n<div class=\"divider top-of-page\"><a href=\"#top\" title=\"Top of Page\">Back to Top<\/a><\/div>[\/vc_column_text][vc_column_text]<div class=\"one_fourth\">\n<div class=\"custom-frame-wrapper alignleft\"><div class=\"custom-frame-inner-wrapper\"><div class=\"custom-frame-padding\"><img decoding=\"async\" title=\"photo\" src=\"https:\/\/md-online.pl\/wp-content\/uploads\/sites\/2\/2022\/10\/Patrycja-Krajewska.jpg\" alt=\"Patrycja Krajewska\" width=\"150\" height=\"150\" \/><\/div><\/div><\/div>\n<\/div>\n<div class=\"three_fourth last_column\">\n<h4 style=\"margin-top: 0px\">Patrycja Krajewska<\/h4>\n<h6>Translation Quality Specialist<\/h6>\n<p><i class=\"fa fa-check-square-o\" style=\"color: #e20602\"><!-- icon --><\/i> MA studies in Applied Linguistics (English and German), Jan Kochanowski University of Kielce (in process)<br \/>\n<i class=\"fa fa-check-square-o\" style=\"color: #e20602\"><!-- icon --><\/i> BA in Applied Linguistics (English and German), Jan Kochanowski University of Kielce<br \/>\n<\/div>\n<div class=\"divider top-of-page\"><a href=\"#top\" title=\"Top of Page\">Back to Top<\/a><\/div>[\/vc_column_text][vc_column_text]<div class=\"one_fourth\">\n<div class=\"custom-frame-wrapper alignleft\"><div class=\"custom-frame-inner-wrapper\"><div class=\"custom-frame-padding\"><img decoding=\"async\" title=\"photo\" src=\"http:\/\/md-online.pl\/wp-content\/uploads\/sites\/2\/2019\/04\/Milena-Olborska.jpg\" alt=\"\" width=\"150\" height=\"150\" \/><\/div><\/div><\/div>\n<\/div>\n<div class=\"three_fourth last_column\">\n<h4 style=\"margin-top: 0px\">Milena Olborska<\/h4>\n<h6>Vendor Manager<\/h6>\n<p><i class=\"fa fa-check-square-o\" style=\"color: #e20602\"><!-- icon --><\/i> MA in English, University of Warsaw<br \/>\n<i class=\"fa fa-check-square-o\" style=\"color: #e20602\"><!-- icon --><\/i> Graduate of the SWPS postgraduate studies for certified translators<br \/>\n<i class=\"fa fa-check-square-o\" style=\"color: #e20602\"><!-- icon --><\/i> CAT, translation memory and postediting internal training sessions<br \/>\n<i class=\"fa fa-check-square-o\" style=\"color: #e20602\"><!-- icon --><\/i> Manages over 250 translators worldwide<br \/>\n<\/div>\n<div class=\"divider top-of-page\"><a href=\"#top\" title=\"Top of Page\">Back to Top<\/a><\/div>[\/vc_column_text][vc_column_text]<div class=\"one_fourth\">\n<div class=\"custom-frame-wrapper alignleft\"><div class=\"custom-frame-inner-wrapper\"><div class=\"custom-frame-padding\"><img decoding=\"async\" title=\"photo\" src=\"http:\/\/md-online.pl\/wp-content\/uploads\/sites\/2\/2019\/03\/agata.jpg\" alt=\"\" width=\"150\" height=\"150\" \/><\/div><\/div><\/div>\n<\/div>\n<div class=\"three_fourth last_column\">\n<h4 style=\"margin-top: 0px\">Agata Sibilska-Wo\u017aniacka<\/h4>\n<h6>Special Projects Manager<\/h6>\n<p><i class=\"fa fa-check-square-o\" style=\"color: #e20602\"><!-- icon --><\/i> MA in Russian Linguistic, Jagiellonian University<br \/>\n<i class=\"fa fa-check-square-o\" style=\"color: #e20602\"><!-- icon --><\/i> Project manager for transcription, subtitling and other language tasks<br \/>\n<i class=\"fa fa-check-square-o\" style=\"color: #e20602\"><!-- icon --><\/i> B2 certificate in Belarusian<br \/>\n<\/div>\n<div class=\"divider top-of-page\"><a href=\"#top\" title=\"Top of Page\">Back to Top<\/a><\/div>[\/vc_column_text][\/vc_column][\/vc_row][vc_row full_width=&#8221;stretch_row&#8221; css=&#8221;.vc_custom_1554912206964{margin-top: -35px !important;margin-bottom: -20px !important;}&#8221;][vc_column]\t\t<style type=\"text\/css\">\r\n\t\t    #content-block-background-1991 { background-image: url(); background-position: center top; background-repeat: no-repeat; background-color: #e20602; background-attachment: fixed; background-size: auto; }\r\n\t\t    #content-block-body-1991 { padding: 40px 0; color: #ffffff; }\r\n\t\t    .content-block-body { margin-left: auto; margin-right: auto; position: relative; }\r\n\t\t<\/style>\r\n\t\t\t\t\t<style type=\"text\/css\">\r\n\t\t\t\t#wrapper-1 { overflow-x: hidden; }\r\n\t\t\t\t#content-block-background-1991 { margin: 0 -10000px; padding: 0 10000px; }\r\n\t\t\t<\/style>\r\n\t\t\r\n\t\t\r\n\t\t<div class=\"clear\"><\/div>\r\n\t\t<div id=\"content-block-background-1991\" class=\"content-block-background \">\r\n\t\t\t<div id=\"content-block-body-1991\" class=\"content-block-body\">\r\n\t\t\t\t<div class=\"clear\"><\/div>\r\n\t\t\t\t\n<h3 style=\"margin: 10px 0px;color: #ffffff;font-size: 20px !important;text-align: center\">Our PMs manage the network of over 1000 experienced linguists and translators.<\/h3>\n<h3 style=\"margin: 10px 0px;color: #ffffff;font-size: 20px !important;text-align: center\">If you would like to join our team, please <span style=\"color: #1e90ff\"><a style=\"color: #1e90ff\" href=\"mailto:info@md-online.pl\">send us your resume<\/a><\/span>.<\/h3>\n\t\t\t\t<div class=\"clear\"><\/div>\r\n\t\t\t<\/div>\r\n\t\t<\/div>\r\n\t\t<div class=\"clear\"><\/div>\r\n\t[\/vc_column][\/vc_row]\n","protected":false},"excerpt":{"rendered":"<p>[vc_row css=&#8221;.vc_custom_1518471930491{margin-top: -50px !important;}&#8221;][vc_column][\/vc_column][\/vc_row][vc_row css=&#8221;.vc_custom_1552426835769{margin-top: 40px !important;}&#8221;][vc_column][vc_column_text] [\/vc_column_text][vc_column_text] [\/vc_column_text][vc_column_text] [\/vc_column_text][vc_column_text] [\/vc_column_text][vc_column_text] [\/vc_column_text][vc_column_text] [\/vc_column_text][\/vc_column][\/vc_row][vc_row full_width=&#8221;stretch_row&#8221; css=&#8221;.vc_custom_1554912206964{margin-top: -35px !important;margin-bottom: -20px !important;}&#8221;][vc_column][\/vc_column][\/vc_row]<\/p>\n","protected":false},"author":1,"featured_media":0,"parent":0,"menu_order":0,"comment_status":"open","ping_status":"closed","template":"page-FullWidth.php","meta":{"_monsterinsights_skip_tracking":false,"_monsterinsights_sitenote_active":false,"_monsterinsights_sitenote_note":"","_monsterinsights_sitenote_category":0,"footnotes":""},"class_list":["post-5801","page","type-page","status-publish","hentry"],"yoast_head":"<!-- This site is optimized with the Yoast SEO plugin v21.0 - https:\/\/yoast.com\/wordpress\/plugins\/seo\/ -->\n<title>About Us - Our Team - MD Online<\/title>\n<meta name=\"robots\" content=\"index, follow, max-snippet:-1, max-image-preview:large, max-video-preview:-1\" \/>\n<link rel=\"canonical\" href=\"https:\/\/md-online.pl\/en\/about-us-our-team\/\" \/>\n<meta property=\"og:locale\" content=\"en_US\" \/>\n<meta property=\"og:type\" content=\"article\" \/>\n<meta property=\"og:title\" content=\"About Us - Our Team - MD Online\" \/>\n<meta property=\"og:description\" content=\"[vc_row css=&#8221;.vc_custom_1518471930491{margin-top: -50px !important;}&#8221;][vc_column][\/vc_column][\/vc_row][vc_row css=&#8221;.vc_custom_1552426835769{margin-top: 40px !important;}&#8221;][vc_column][vc_column_text] [\/vc_column_text][vc_column_text] [\/vc_column_text][vc_column_text] [\/vc_column_text][vc_column_text] [\/vc_column_text][vc_column_text] [\/vc_column_text][vc_column_text] [\/vc_column_text][\/vc_column][\/vc_row][vc_row full_width=&#8221;stretch_row&#8221; css=&#8221;.vc_custom_1554912206964{margin-top: -35px !important;margin-bottom: -20px !important;}&#8221;][vc_column][\/vc_column][\/vc_row]\" \/>\n<meta property=\"og:url\" content=\"https:\/\/md-online.pl\/en\/about-us-our-team\/\" \/>\n<meta property=\"og:site_name\" content=\"MD Online\" \/>\n<meta property=\"article:modified_time\" content=\"2023-11-06T11:06:52+00:00\" \/>\n<meta property=\"og:image\" content=\"https:\/\/md-online.pl\/wp-content\/uploads\/sites\/2\/2021\/12\/Dorota-Sakowska-Hunt-ceo.png\" \/>\n<meta name=\"twitter:card\" content=\"summary_large_image\" \/>\n<meta name=\"twitter:label1\" content=\"Est. reading time\" \/>\n\t<meta name=\"twitter:data1\" content=\"4 minutes\" \/>\n<script type=\"application\/ld+json\" class=\"yoast-schema-graph\">{\"@context\":\"https:\/\/schema.org\",\"@graph\":[{\"@type\":\"WebPage\",\"@id\":\"https:\/\/md-online.pl\/en\/about-us-our-team\/\",\"url\":\"https:\/\/md-online.pl\/en\/about-us-our-team\/\",\"name\":\"About Us - Our Team - MD Online\",\"isPartOf\":{\"@id\":\"https:\/\/md-online.pl\/en\/#website\"},\"datePublished\":\"2011-05-29T05:02:42+00:00\",\"dateModified\":\"2023-11-06T11:06:52+00:00\",\"breadcrumb\":{\"@id\":\"https:\/\/md-online.pl\/en\/about-us-our-team\/#breadcrumb\"},\"inLanguage\":\"en-US\",\"potentialAction\":[{\"@type\":\"ReadAction\",\"target\":[\"https:\/\/md-online.pl\/en\/about-us-our-team\/\"]}]},{\"@type\":\"BreadcrumbList\",\"@id\":\"https:\/\/md-online.pl\/en\/about-us-our-team\/#breadcrumb\",\"itemListElement\":[{\"@type\":\"ListItem\",\"position\":1,\"name\":\"Strona g\u0142\u00f3wna\",\"item\":\"https:\/\/md-online.pl\/en\/\"},{\"@type\":\"ListItem\",\"position\":2,\"name\":\"About Us &#8211; Our Team\"}]},{\"@type\":\"WebSite\",\"@id\":\"https:\/\/md-online.pl\/en\/#website\",\"url\":\"https:\/\/md-online.pl\/en\/\",\"name\":\"MD Online\",\"description\":\"Expert Translation Support\",\"potentialAction\":[{\"@type\":\"SearchAction\",\"target\":{\"@type\":\"EntryPoint\",\"urlTemplate\":\"https:\/\/md-online.pl\/en\/?s={search_term_string}\"},\"query-input\":\"required name=search_term_string\"}],\"inLanguage\":\"en-US\"}]}<\/script>\n<!-- \/ Yoast SEO plugin. -->","yoast_head_json":{"title":"About Us - Our Team - MD Online","robots":{"index":"index","follow":"follow","max-snippet":"max-snippet:-1","max-image-preview":"max-image-preview:large","max-video-preview":"max-video-preview:-1"},"canonical":"https:\/\/md-online.pl\/en\/about-us-our-team\/","og_locale":"en_US","og_type":"article","og_title":"About Us - Our Team - MD Online","og_description":"[vc_row css=&#8221;.vc_custom_1518471930491{margin-top: -50px !important;}&#8221;][vc_column][\/vc_column][\/vc_row][vc_row css=&#8221;.vc_custom_1552426835769{margin-top: 40px !important;}&#8221;][vc_column][vc_column_text] [\/vc_column_text][vc_column_text] [\/vc_column_text][vc_column_text] [\/vc_column_text][vc_column_text] [\/vc_column_text][vc_column_text] [\/vc_column_text][vc_column_text] [\/vc_column_text][\/vc_column][\/vc_row][vc_row full_width=&#8221;stretch_row&#8221; css=&#8221;.vc_custom_1554912206964{margin-top: -35px !important;margin-bottom: -20px !important;}&#8221;][vc_column][\/vc_column][\/vc_row]","og_url":"https:\/\/md-online.pl\/en\/about-us-our-team\/","og_site_name":"MD Online","article_modified_time":"2023-11-06T11:06:52+00:00","og_image":[{"url":"https:\/\/md-online.pl\/wp-content\/uploads\/sites\/2\/2021\/12\/Dorota-Sakowska-Hunt-ceo.png"}],"twitter_card":"summary_large_image","twitter_misc":{"Est. reading time":"4 minutes"},"schema":{"@context":"https:\/\/schema.org","@graph":[{"@type":"WebPage","@id":"https:\/\/md-online.pl\/en\/about-us-our-team\/","url":"https:\/\/md-online.pl\/en\/about-us-our-team\/","name":"About Us - Our Team - MD Online","isPartOf":{"@id":"https:\/\/md-online.pl\/en\/#website"},"datePublished":"2011-05-29T05:02:42+00:00","dateModified":"2023-11-06T11:06:52+00:00","breadcrumb":{"@id":"https:\/\/md-online.pl\/en\/about-us-our-team\/#breadcrumb"},"inLanguage":"en-US","potentialAction":[{"@type":"ReadAction","target":["https:\/\/md-online.pl\/en\/about-us-our-team\/"]}]},{"@type":"BreadcrumbList","@id":"https:\/\/md-online.pl\/en\/about-us-our-team\/#breadcrumb","itemListElement":[{"@type":"ListItem","position":1,"name":"Strona g\u0142\u00f3wna","item":"https:\/\/md-online.pl\/en\/"},{"@type":"ListItem","position":2,"name":"About Us &#8211; Our Team"}]},{"@type":"WebSite","@id":"https:\/\/md-online.pl\/en\/#website","url":"https:\/\/md-online.pl\/en\/","name":"MD Online","description":"Expert Translation Support","potentialAction":[{"@type":"SearchAction","target":{"@type":"EntryPoint","urlTemplate":"https:\/\/md-online.pl\/en\/?s={search_term_string}"},"query-input":"required name=search_term_string"}],"inLanguage":"en-US"}]}},"_links":{"self":[{"href":"https:\/\/md-online.pl\/en\/wp-json\/wp\/v2\/pages\/5801","targetHints":{"allow":["GET"]}}],"collection":[{"href":"https:\/\/md-online.pl\/en\/wp-json\/wp\/v2\/pages"}],"about":[{"href":"https:\/\/md-online.pl\/en\/wp-json\/wp\/v2\/types\/page"}],"author":[{"embeddable":true,"href":"https:\/\/md-online.pl\/en\/wp-json\/wp\/v2\/users\/1"}],"replies":[{"embeddable":true,"href":"https:\/\/md-online.pl\/en\/wp-json\/wp\/v2\/comments?post=5801"}],"version-history":[{"count":1,"href":"https:\/\/md-online.pl\/en\/wp-json\/wp\/v2\/pages\/5801\/revisions"}],"predecessor-version":[{"id":16129,"href":"https:\/\/md-online.pl\/en\/wp-json\/wp\/v2\/pages\/5801\/revisions\/16129"}],"wp:attachment":[{"href":"https:\/\/md-online.pl\/en\/wp-json\/wp\/v2\/media?parent=5801"}],"curies":[{"name":"wp","href":"https:\/\/api.w.org\/{rel}","templated":true}]}}