{"id":5570,"date":"2019-02-21T21:23:24","date_gmt":"2019-02-21T20:23:24","guid":{"rendered":"http:\/\/md-online.pl\/translations-lodz\/"},"modified":"2023-01-26T17:57:31","modified_gmt":"2023-01-26T16:57:31","slug":"business-translations","status":"publish","type":"page","link":"https:\/\/md-online.pl\/en\/business-translations\/","title":{"rendered":"Business translations"},"content":{"rendered":"[vc_row full_width=&#8221;stretch_row&#8221; css=&#8221;.vc_custom_1580383054448{background-image: url(http:\/\/md-online.pl\/wp-content\/uploads\/sites\/2\/2019\/02\/page-1_slide01.jpg?id=5533) !important;}&#8221;][vc_column][vc_column_text][vc_row full_width=&#8221;stretch_row&#8221; css=&#8221;.vc_custom_1554827044097{margin-top: -30px !important;background-image: url(http:\/\/md-online.pl\/wp-content\/uploads\/sites\/2\/2019\/02\/page-1_slide01.jpg) !important;}&#8221;][vc_column][vc_column_text]\n<h3 style=\"margin-bottom: 35px; font-size: 26px; color: #ffffff; line-height: 1.7; text-align: center;\">Business <span style=\"color: #e20602;\"> translations <\/span><\/h3>\n<h3 style=\"margin-bottom: 35px; font-size: 18px; color: #ffffff; line-height: 1.7; text-align: center;\">MD Online cooperates with numerous businesses on a daily basis. We help them grow and expand by delivering top-quality texts in the requested foreign languages. The scope of our services exceeds translating and proofreading texts into all European and other major languages &#8211; we can also prepare CAT files, subtitles, transcriptions, language valuation, and many more.<\/h3>\n[\/vc_column_text][vc_separator color=&#8221;white&#8221; border_width=&#8221;3&#8243; el_width=&#8221;80&#8243;][vc_column_text]<div class=\"align-btn-center\"><a class=\"flat-custom-button\" href=\"mailto:info@md-online.pl\" title=\"Contact us for more information\"><span style=\"padding:15px 25px; background-color:#e20602; border:1px solid #e20602; color:#FFFFFF; font-size:16px;\">Contact us for more information<\/span><\/a><\/div>\n<div style=\"text-align: center; margin-top: 40px;\"><a href=\"#more-features\"><i class=\"fa fa-angle-down circle-wrap\" style=\"color: #aaaaaa; font-size: 1.5em;\"><!-- icon --><\/i><\/a><\/div>\n[\/vc_column_text][\/vc_column][\/vc_row][vc_row gap=&#8221;20&#8243; css=&#8221;.vc_custom_1518473291718{border-bottom-width: 40px !important;padding-top: 50px !important;}&#8221;][vc_column][vc_row_inner][vc_column_inner][vc_column_text]\n<div id=\"more-features\"><\/div>\n<div style=\"text-align: center;\">\n<h4><span style=\"font-size: 26px; color: #444444;\">MD Online provides native speaker translation and proofreading services.<\/span><\/h4>\n<h5><span style=\"font-size: 16px; color: #555555; line-height: 1.7;\">The company works successfully with language service providers and businesses. We use CAT tools to ensure the terms are consistently translated across different files and orders. This also has the added benefit of reducing costs for returning clients.<\/span><\/h5>\n<\/div>\n[\/vc_column_text][\/vc_column_inner][\/vc_row_inner][vc_row_inner gap=&#8221;20&#8243;][vc_column_inner width=&#8221;1\/3&#8243;][vc_column_text]\n<div style=\"text-align: center;\">\n<div style=\"text-align: center;\"><i class=\"fa fa-handshake-o circle-wrap\" style=\"color: #e20602; font-size: 2em;\"><!-- icon --><\/i><\/div>\n<\/div>\n<div style=\"text-align: center;\">\n<h4><span style=\"color: #e20602;\"><a style=\"color: #e20602;\" title=\"A variety of language combinations \" rel=\"noopener\">A variety of language combinations <\/a><\/span><\/h4>\n<\/div>\n<div style=\"text-align: center;\">We assist companies and individuals by delivering top-quality language services in the most convenient way. Thanks to our wide net of contacts you can get your text quickly and cost-efficiently, no matter the language combination and content.<\/div>\n[\/vc_column_text][\/vc_column_inner][vc_column_inner width=&#8221;1\/3&#8243;][vc_column_text]\n<div style=\"text-align: center;\"><i class=\"fa fa-address-book circle-wrap\" style=\"color: #e20602; font-size: 2em;\"><!-- icon --><\/i><\/div>\n<div style=\"text-align: center;\">\n<h4><span style=\"color: #e20602;\"><a style=\"color: #e20602;\" title=\"Your experts in the field\" rel=\"noopener\">Your experts in the field<\/a><\/span><\/h4>\n<\/div>\n<div style=\"text-align: center;\">All major institutions within the industry advocate that the services of native speakers ensure that the content perfectly fits the source and carries the intended meaning. Our linguists are trained professionals who keep up to date with the live language and deliver top-notch final texts.<\/div>\n[\/vc_column_text][\/vc_column_inner][vc_column_inner width=&#8221;1\/3&#8243;][vc_column_text]\n<div style=\"text-align: center;\"><i class=\"fa fa-user-plus circle-wrap\" style=\"color: #e20602; font-size: 2em;\"><!-- icon --><\/i><\/div>\n<div style=\"text-align: center;\">\n<h4><span style=\"color: #e20602;\"><a style=\"color: #e20602;\" title=\"Technology to the rescue\" rel=\"noopener\">Technology to the rescue<\/a><\/span><\/h4>\n<\/div>\n<div style=\"text-align: center;\">As your activity gains momentum, you may need more texts and within shorter deadlines. We are ready for such a challenge! MD Online implements CAT tools into daily projects, making sure that the vocabulary and style is uniform throughout your assignments. We set up in-house translation memories and expand them with every text sent our way. MD Online is also open to using Connected Translation tools that speed up the entire process.<\/div>\n[\/vc_column_text][\/vc_column_inner][\/vc_row_inner][\/vc_column][\/vc_row][vc_row full_width=&#8221;stretch_row&#8221;][vc_column]\t\t<style type=\"text\/css\">\r\n\t\t    #content-block-background-1063 { background-image: url(https:\/\/md-online.pl\/wp-content\/uploads\/sites\/2\/2019\/02\/main_header.jpg); background-position: center center; background-repeat: repeat-x; background-color: #293037; background-attachment: scroll; background-size: auto; }\r\n\t\t    #content-block-body-1063 { padding: 100px 0 80px; color: #ffffff; }\r\n\t\t    .content-block-body { margin-left: auto; margin-right: auto; position: relative; }\r\n\t\t<\/style>\r\n\t\t\t\t\t<style type=\"text\/css\">\r\n\t\t\t\t#wrapper-1 { overflow-x: hidden; }\r\n\t\t\t\t#content-block-background-1063 { margin: 0 -10000px; padding: 0 10000px; }\r\n\t\t\t<\/style>\r\n\t\t\r\n\t\t\r\n\t\t<div class=\"clear\"><\/div>\r\n\t\t<div id=\"content-block-background-1063\" class=\"content-block-background \">\r\n\t\t\t<div id=\"content-block-body-1063\" class=\"content-block-body\">\r\n\t\t\t\t<div class=\"clear\"><\/div>\r\n\t\t\t\t\n<h4 style=\"margin-bottom: 25px; text-align: center;\"><span style=\"font-size: 30px; color: #fff;\">Fast turnaround and highly competitive prices <i class=\"fa fa-globe\" style=\"color: #e20602; font-size: 1em;\"><\/i> <\/span><\/h4>\n<div style=\"margin-bottom: 20px; text-align: center;\"><span style=\"font-size: 16px; color: #ffffff;\">You will get a non-binding quote within the hour &#8211; it will include pricing details and an estimated deadline. We know your time is precious!<\/span><\/div>\n\t\t\t\t<div class=\"clear\"><\/div>\r\n\t\t\t<\/div>\r\n\t\t<\/div>\r\n\t\t<div class=\"clear\"><\/div>\r\n\t[\/vc_column][\/vc_row][vc_row full_width=&#8221;stretch_row&#8221; gap=&#8221;20&#8243; css=&#8221;.vc_custom_1518228749897{padding-top: 50px !important;padding-bottom: 50px !important;background-color: #f9f9f9 !important;}&#8221;][vc_column][vc_row_inner][vc_column_inner offset=&#8221;vc_col-lg-6 vc_col-md-6 vc_col-xs-12&#8243;][vc_single_image image=&#8221;5854&#8243; img_size=&#8221;full&#8221; alignment=&#8221;center&#8221; css_animation=&#8221;fadeInUp&#8221;][\/vc_column_inner][vc_column_inner offset=&#8221;vc_col-lg-6 vc_col-md-6 vc_col-xs-12&#8243;][vc_column_text css_animation=&#8221;zoomIn&#8221;]\n<h3>Why order a native speaker&#8217;s service<\/h3>\n<p>For all projects, from marketing to science, from .DOCX to .FLAC, we collaborate with native speakers of the target languages. They are all qualified linguists with a perfect command of their mother tongue. This skill allows them to render the meaning of the source text in the most natural and flawless manner, so your texts in a foreign language read as if written by a national. In this way, your message will get across uninterrupted, whether it is a video with multi-language subtitling option, a legal agreement, technical documentation or academic paper.[\/vc_column_text][\/vc_column_inner][\/vc_row_inner][\/vc_column][\/vc_row][vc_row css=&#8221;.vc_custom_1552241135057{margin-top: -50px !important;}&#8221;][vc_column]\t\t<style type=\"text\/css\">\r\n\t\t    #content-block-background-1707 { background-image: url(https:\/\/md-online.pl\/wp-content\/uploads\/sites\/2\/2019\/03\/ecorrector-on-mobile-phone.jpg); background-position: center top; background-repeat: repeat-x; background-color: #7a7a7a; background-attachment: scroll; background-size: auto; }\r\n\t\t    #content-block-body-1707 { padding: 100px 0; color: #5e5e5e; }\r\n\t\t    .content-block-body { margin-left: auto; margin-right: auto; position: relative; }\r\n\t\t<\/style>\r\n\t\t\t\t\t<style type=\"text\/css\">\r\n\t\t\t\t#wrapper-1 { overflow-x: hidden; }\r\n\t\t\t\t#content-block-background-1707 { margin: 0 -10000px; padding: 0 10000px; }\r\n\t\t\t<\/style>\r\n\t\t\r\n\t\t\r\n\t\t<div class=\"clear\"><\/div>\r\n\t\t<div id=\"content-block-background-1707\" class=\"content-block-background \">\r\n\t\t\t<div id=\"content-block-body-1707\" class=\"content-block-body\">\r\n\t\t\t\t<div class=\"clear\"><\/div>\r\n\t\t\t\t\n<h4 style=\"margin-bottom: 25px;\"><span style=\"font-size: 30px; color: #000;\">Our media-oriented <span style=\"color: #e20602;\">media-oriented <\/span>services <\/span><\/h4>\n<div class=\"one_half\">\n<div style=\"margin-bottom: 10px;\">\n<p style=\"text-align: justify;\">The market for online media is constantly growing, so it the need for translation and proofreading of such content. Our native speakers frequently specialise in preparing transcripts in a quick and efficient manner. They are also well-versed in preparing time-coded subtitles and texts for voice-over. Rest assured, our output is always 100% human and perfectly localised to appeal to your target audience. We also deliver recordings prepared by native speakers of the target languages in whichever format you prefer.<\/p>\n<p style=\"text-align: justify;\">Our new branch, <a href=\"http:\/\/www.mediaonlinesupport.com\" target=\"_blank\" rel=\"noopener noreferrer\">Media Online Support<\/a>, is prepared to handle any media translation service you require. If you wish to discuss the service in person, we invite you to our office in Warsaw and \u0141\u00f3d\u017a.<\/p>\n<\/div>\n<p style=\"text-align: left;\"><a class=\"flat-custom-button align-btn-left\" href=\"www.mediaonlinesupport.com\" title=\"Media Online Support\"><span style=\"padding:10px 20px; background-color:#E20602; border:1px solid #E20602; color:#FFFFFF; font-size:13px;\">Media Online Support<\/span><\/a>\n<\/div>\n\t\t\t\t<div class=\"clear\"><\/div>\r\n\t\t\t<\/div>\r\n\t\t<\/div>\r\n\t\t<div class=\"clear\"><\/div>\r\n\t[\/vc_column][\/vc_row][vc_row full_width=&#8221;stretch_row&#8221; content_placement=&#8221;middle&#8221; parallax=&#8221;content-moving&#8221; parallax_image=&#8221;6144&#8243; parallax_speed_bg=&#8221;2&#8243; css=&#8221;.vc_custom_1552427594445{padding-top: 20px !important;padding-bottom: 20px !important;background: #293037 url(http:\/\/md-online.pl\/wp-content\/uploads\/sites\/2\/2019\/03\/backgroun-native-speaker.jpg?id=6144);background-position:center;background-repeat: no-repeat !important;background-size: cover !important;}&#8221;][vc_column][vc_column_text css_animation=&#8221;none&#8221;]\n<h3 style=\"color: #ffffff !important; text-align: center;\"><strong>Quality Assurance<\/strong><\/h3>\n[\/vc_column_text][vc_column_text css_animation=&#8221;none&#8221; css=&#8221;.vc_custom_1579552095295{margin-bottom: 25px !important;}&#8221;]\n<p style=\"color: #f1f1f1;\"><strong>Delivering high quality is important to MD Online. We understand that each text we handle is a direct reflection of your policy. As we care deeply about quality, we have introduced several quality assurance procedures to ensure that the end-product of this service is not at risk. We constantly monitor the performance of our linguists so you receive a professionally prepared target content.<\/strong><\/p>\n[\/vc_column_text][\/vc_column][\/vc_row][vc_row full_width=&#8221;stretch_row&#8221; css=&#8221;.vc_custom_1579553038685{margin-top: -10px !important;margin-bottom: -20px !important;}&#8221;][vc_column]\t\t<style type=\"text\/css\">\r\n\t\t    #content-block-background-1851 { background-image: url(); background-position: center top; background-repeat: no-repeat; background-color: #e20602; background-attachment: fixed; background-size: auto; }\r\n\t\t    #content-block-body-1851 { padding: 40px 0; color: #ffffff; }\r\n\t\t    .content-block-body { margin-left: auto; margin-right: auto; position: relative; }\r\n\t\t<\/style>\r\n\t\t\t\t\t<style type=\"text\/css\">\r\n\t\t\t\t#wrapper-1 { overflow-x: hidden; }\r\n\t\t\t\t#content-block-background-1851 { margin: 0 -10000px; padding: 0 10000px; }\r\n\t\t\t<\/style>\r\n\t\t\r\n\t\t\r\n\t\t<div class=\"clear\"><\/div>\r\n\t\t<div id=\"content-block-background-1851\" class=\"content-block-background \">\r\n\t\t\t<div id=\"content-block-body-1851\" class=\"content-block-body\">\r\n\t\t\t\t<div class=\"clear\"><\/div>\r\n\t\t\t\t\n<h3 style=\"float: left; margin: 10px 0; font-size: 20px !important; color: #fff;\">Send text for a free evaluation!<\/h3>\n<a class=\"flat-custom-button align-btn-right\" href=\"http:\/\/md-online.pl\/en\/send-text-for-free-evaluation\/\" title=\"send text\" target=\"_blank\"><span style=\"padding:15px 20px; background-color:transparent; border:2px solid #FFFFFF; color:#FFFFFF; font-size:14px;\">send text<\/span><\/a>\t\t\t\t<div class=\"clear\"><\/div>\r\n\t\t\t<\/div>\r\n\t\t<\/div>\r\n\t\t<div class=\"clear\"><\/div>\r\n\t[\/vc_column][\/vc_row]\n","protected":false},"excerpt":{"rendered":"<p>[vc_row full_width=&#8221;stretch_row&#8221; css=&#8221;.vc_custom_1580383054448{background-image: url(http:\/\/md-online.pl\/wp-content\/uploads\/sites\/2\/2019\/02\/page-1_slide01.jpg?id=5533) !important;}&#8221;][vc_column][vc_column_text][vc_row full_width=&#8221;stretch_row&#8221; css=&#8221;.vc_custom_1554827044097{margin-top: -30px !important;background-image: url(http:\/\/md-online.pl\/wp-content\/uploads\/sites\/2\/2019\/02\/page-1_slide01.jpg) !important;}&#8221;][vc_column][vc_column_text] Business translations MD Online cooperates with numerous businesses on a daily basis. We help them grow and expand by delivering top-quality texts in the requested foreign languages. The scope of our services exceeds translating and proofreading texts into all European and other major languages &#8211; we can also prepare CAT files, subtitles, transcriptions, language valuation, and many more. [\/vc_column_text][vc_separator color=&#8221;white&#8221; border_width=&#8221;3&#8243; el_width=&#8221;80&#8243;][vc_column_text] [\/vc_column_text][\/vc_column][\/vc_row][vc_row gap=&#8221;20&#8243; css=&#8221;.vc_custom_1518473291718{border-bottom-width: 40px !important;padding-top: 50px !important;}&#8221;][vc_column][vc_row_inner][vc_column_inner][vc_column_text] MD Online provides native speaker translation and proofreading services. The company works successfully with language service providers and businesses. We use CAT tools to ensure the terms are consistently translated across different files and orders. This also has the added benefit of reducing costs for returning clients. [\/vc_column_text][\/vc_column_inner][\/vc_row_inner][vc_row_inner gap=&#8221;20&#8243;][vc_column_inner width=&#8221;1\/3&#8243;][vc_column_text] A variety of language combinations We assist companies and individuals by delivering top-quality language services in the most convenient way.<\/p>\n","protected":false},"author":1,"featured_media":0,"parent":0,"menu_order":0,"comment_status":"closed","ping_status":"closed","template":"page-FullWidth.php","meta":{"_monsterinsights_skip_tracking":false,"_monsterinsights_sitenote_active":false,"_monsterinsights_sitenote_note":"","_monsterinsights_sitenote_category":0,"footnotes":""},"class_list":["post-5570","page","type-page","status-publish","hentry"],"yoast_head":"<!-- This site is optimized with the Yoast SEO plugin v21.0 - https:\/\/yoast.com\/wordpress\/plugins\/seo\/ -->\n<title>Business translations - MD Online<\/title>\n<meta name=\"robots\" content=\"index, follow, max-snippet:-1, max-image-preview:large, max-video-preview:-1\" \/>\n<link rel=\"canonical\" href=\"https:\/\/md-online.pl\/en\/business-translations\/\" \/>\n<meta property=\"og:locale\" content=\"en_US\" \/>\n<meta property=\"og:type\" content=\"article\" \/>\n<meta property=\"og:title\" content=\"Business translations - MD Online\" \/>\n<meta property=\"og:description\" content=\"[vc_row full_width=&#8221;stretch_row&#8221; css=&#8221;.vc_custom_1580383054448{background-image: url(http:\/\/md-online.pl\/wp-content\/uploads\/sites\/2\/2019\/02\/page-1_slide01.jpg?id=5533) !important;}&#8221;][vc_column][vc_column_text][vc_row full_width=&#8221;stretch_row&#8221; css=&#8221;.vc_custom_1554827044097{margin-top: -30px !important;background-image: url(http:\/\/md-online.pl\/wp-content\/uploads\/sites\/2\/2019\/02\/page-1_slide01.jpg) !important;}&#8221;][vc_column][vc_column_text] Business translations MD Online cooperates with numerous businesses on a daily basis. We help them grow and expand by delivering top-quality texts in the requested foreign languages. The scope of our services exceeds translating and proofreading texts into all European and other major languages &#8211; we can also prepare CAT files, subtitles, transcriptions, language valuation, and many more. [\/vc_column_text][vc_separator color=&#8221;white&#8221; border_width=&#8221;3&#8243; el_width=&#8221;80&#8243;][vc_column_text] [\/vc_column_text][\/vc_column][\/vc_row][vc_row gap=&#8221;20&#8243; css=&#8221;.vc_custom_1518473291718{border-bottom-width: 40px !important;padding-top: 50px !important;}&#8221;][vc_column][vc_row_inner][vc_column_inner][vc_column_text] MD Online provides native speaker translation and proofreading services. The company works successfully with language service providers and businesses. We use CAT tools to ensure the terms are consistently translated across different files and orders. This also has the added benefit of reducing costs for returning clients. [\/vc_column_text][\/vc_column_inner][\/vc_row_inner][vc_row_inner gap=&#8221;20&#8243;][vc_column_inner width=&#8221;1\/3&#8243;][vc_column_text] A variety of language combinations We assist companies and individuals by delivering top-quality language services in the most convenient way.\" \/>\n<meta property=\"og:url\" content=\"https:\/\/md-online.pl\/en\/business-translations\/\" \/>\n<meta property=\"og:site_name\" content=\"MD Online\" \/>\n<meta property=\"article:modified_time\" content=\"2023-01-26T16:57:31+00:00\" \/>\n<meta name=\"twitter:card\" content=\"summary_large_image\" \/>\n<meta name=\"twitter:label1\" content=\"Est. reading time\" \/>\n\t<meta name=\"twitter:data1\" content=\"6 minutes\" \/>\n<script type=\"application\/ld+json\" class=\"yoast-schema-graph\">{\"@context\":\"https:\/\/schema.org\",\"@graph\":[{\"@type\":\"WebPage\",\"@id\":\"https:\/\/md-online.pl\/en\/business-translations\/\",\"url\":\"https:\/\/md-online.pl\/en\/business-translations\/\",\"name\":\"Business translations - MD Online\",\"isPartOf\":{\"@id\":\"https:\/\/md-online.pl\/en\/#website\"},\"datePublished\":\"2019-02-21T20:23:24+00:00\",\"dateModified\":\"2023-01-26T16:57:31+00:00\",\"breadcrumb\":{\"@id\":\"https:\/\/md-online.pl\/en\/business-translations\/#breadcrumb\"},\"inLanguage\":\"en-US\",\"potentialAction\":[{\"@type\":\"ReadAction\",\"target\":[\"https:\/\/md-online.pl\/en\/business-translations\/\"]}]},{\"@type\":\"BreadcrumbList\",\"@id\":\"https:\/\/md-online.pl\/en\/business-translations\/#breadcrumb\",\"itemListElement\":[{\"@type\":\"ListItem\",\"position\":1,\"name\":\"Strona g\u0142\u00f3wna\",\"item\":\"https:\/\/md-online.pl\/en\/\"},{\"@type\":\"ListItem\",\"position\":2,\"name\":\"Business translations\"}]},{\"@type\":\"WebSite\",\"@id\":\"https:\/\/md-online.pl\/en\/#website\",\"url\":\"https:\/\/md-online.pl\/en\/\",\"name\":\"MD Online\",\"description\":\"Expert Translation Support\",\"potentialAction\":[{\"@type\":\"SearchAction\",\"target\":{\"@type\":\"EntryPoint\",\"urlTemplate\":\"https:\/\/md-online.pl\/en\/?s={search_term_string}\"},\"query-input\":\"required name=search_term_string\"}],\"inLanguage\":\"en-US\"}]}<\/script>\n<!-- \/ Yoast SEO plugin. -->","yoast_head_json":{"title":"Business translations - MD Online","robots":{"index":"index","follow":"follow","max-snippet":"max-snippet:-1","max-image-preview":"max-image-preview:large","max-video-preview":"max-video-preview:-1"},"canonical":"https:\/\/md-online.pl\/en\/business-translations\/","og_locale":"en_US","og_type":"article","og_title":"Business translations - MD Online","og_description":"[vc_row full_width=&#8221;stretch_row&#8221; css=&#8221;.vc_custom_1580383054448{background-image: url(http:\/\/md-online.pl\/wp-content\/uploads\/sites\/2\/2019\/02\/page-1_slide01.jpg?id=5533) !important;}&#8221;][vc_column][vc_column_text][vc_row full_width=&#8221;stretch_row&#8221; css=&#8221;.vc_custom_1554827044097{margin-top: -30px !important;background-image: url(http:\/\/md-online.pl\/wp-content\/uploads\/sites\/2\/2019\/02\/page-1_slide01.jpg) !important;}&#8221;][vc_column][vc_column_text] Business translations MD Online cooperates with numerous businesses on a daily basis. We help them grow and expand by delivering top-quality texts in the requested foreign languages. The scope of our services exceeds translating and proofreading texts into all European and other major languages &#8211; we can also prepare CAT files, subtitles, transcriptions, language valuation, and many more. [\/vc_column_text][vc_separator color=&#8221;white&#8221; border_width=&#8221;3&#8243; el_width=&#8221;80&#8243;][vc_column_text] [\/vc_column_text][\/vc_column][\/vc_row][vc_row gap=&#8221;20&#8243; css=&#8221;.vc_custom_1518473291718{border-bottom-width: 40px !important;padding-top: 50px !important;}&#8221;][vc_column][vc_row_inner][vc_column_inner][vc_column_text] MD Online provides native speaker translation and proofreading services. The company works successfully with language service providers and businesses. We use CAT tools to ensure the terms are consistently translated across different files and orders. This also has the added benefit of reducing costs for returning clients. [\/vc_column_text][\/vc_column_inner][\/vc_row_inner][vc_row_inner gap=&#8221;20&#8243;][vc_column_inner width=&#8221;1\/3&#8243;][vc_column_text] A variety of language combinations We assist companies and individuals by delivering top-quality language services in the most convenient way.","og_url":"https:\/\/md-online.pl\/en\/business-translations\/","og_site_name":"MD Online","article_modified_time":"2023-01-26T16:57:31+00:00","twitter_card":"summary_large_image","twitter_misc":{"Est. reading time":"6 minutes"},"schema":{"@context":"https:\/\/schema.org","@graph":[{"@type":"WebPage","@id":"https:\/\/md-online.pl\/en\/business-translations\/","url":"https:\/\/md-online.pl\/en\/business-translations\/","name":"Business translations - MD Online","isPartOf":{"@id":"https:\/\/md-online.pl\/en\/#website"},"datePublished":"2019-02-21T20:23:24+00:00","dateModified":"2023-01-26T16:57:31+00:00","breadcrumb":{"@id":"https:\/\/md-online.pl\/en\/business-translations\/#breadcrumb"},"inLanguage":"en-US","potentialAction":[{"@type":"ReadAction","target":["https:\/\/md-online.pl\/en\/business-translations\/"]}]},{"@type":"BreadcrumbList","@id":"https:\/\/md-online.pl\/en\/business-translations\/#breadcrumb","itemListElement":[{"@type":"ListItem","position":1,"name":"Strona g\u0142\u00f3wna","item":"https:\/\/md-online.pl\/en\/"},{"@type":"ListItem","position":2,"name":"Business translations"}]},{"@type":"WebSite","@id":"https:\/\/md-online.pl\/en\/#website","url":"https:\/\/md-online.pl\/en\/","name":"MD Online","description":"Expert Translation Support","potentialAction":[{"@type":"SearchAction","target":{"@type":"EntryPoint","urlTemplate":"https:\/\/md-online.pl\/en\/?s={search_term_string}"},"query-input":"required name=search_term_string"}],"inLanguage":"en-US"}]}},"_links":{"self":[{"href":"https:\/\/md-online.pl\/en\/wp-json\/wp\/v2\/pages\/5570","targetHints":{"allow":["GET"]}}],"collection":[{"href":"https:\/\/md-online.pl\/en\/wp-json\/wp\/v2\/pages"}],"about":[{"href":"https:\/\/md-online.pl\/en\/wp-json\/wp\/v2\/types\/page"}],"author":[{"embeddable":true,"href":"https:\/\/md-online.pl\/en\/wp-json\/wp\/v2\/users\/1"}],"replies":[{"embeddable":true,"href":"https:\/\/md-online.pl\/en\/wp-json\/wp\/v2\/comments?post=5570"}],"version-history":[{"count":0,"href":"https:\/\/md-online.pl\/en\/wp-json\/wp\/v2\/pages\/5570\/revisions"}],"wp:attachment":[{"href":"https:\/\/md-online.pl\/en\/wp-json\/wp\/v2\/media?parent=5570"}],"curies":[{"name":"wp","href":"https:\/\/api.w.org\/{rel}","templated":true}]}}