{"id":5567,"date":"2019-02-21T21:22:13","date_gmt":"2019-02-21T20:22:13","guid":{"rendered":"http:\/\/md-online.pl\/translations-warsaw\/"},"modified":"2023-01-26T18:11:34","modified_gmt":"2023-01-26T17:11:34","slug":"sworn-translations","status":"publish","type":"page","link":"https:\/\/md-online.pl\/en\/sworn-translations\/","title":{"rendered":"Sworn translations"},"content":{"rendered":"[vc_row full_width=&#8221;stretch_row&#8221; css=&#8221;.vc_custom_1579554103087{background-image: url(http:\/\/md-online.pl\/wp-content\/uploads\/sites\/2\/2019\/02\/page-1_slide01.jpg?id=5533) !important;}&#8221;][vc_column][vc_column_text][vc_row full_width=&#8221;stretch_row&#8221; css=&#8221;.vc_custom_1554827044097{margin-top: -30px !important;background-image: url(http:\/\/md-online.pl\/wp-content\/uploads\/sites\/2\/2019\/02\/page-1_slide01.jpg?id=5533) !important;}&#8221;][vc_column][vc_column_text]\n<h3 style=\"margin-bottom: 35px; font-size: 26px; color: #ffffff; line-height: 1.7; text-align: center;\">Sworn<span style=\"color: #e20602;\"> translations <\/span><\/h3>\n<h3 style=\"margin-bottom: 35px; font-size: 18px; color: #ffffff; line-height: 1.7; text-align: center;\">MD Online is a translation agency that adjusts to your needs &#8211; if you need an official confirmation that translation is true to the source text, we offer our sworn translation services. It usually regards official correspondence, such as administrative and court letters, birth, marriage or death certificates, foreign employment records, etc. Whatever the reason, rest assured that our translations are 100% human and completed in accordance with the art of sworn translation.<\/h3>\n[\/vc_column_text][vc_separator color=&#8221;white&#8221; border_width=&#8221;3&#8243; el_width=&#8221;80&#8243;][vc_column_text]<div class=\"align-btn-center\"><a class=\"flat-custom-button\" href=\"mailto:info@md-online.pl\" title=\"Contact us for more information\"><span style=\"padding:15px 25px; background-color:#e20602; border:1px solid #e20602; color:#FFFFFF; font-size:16px;\">Contact us for more information<\/span><\/a><\/div>\n<div style=\"text-align: center; margin-top: 40px;\"><a href=\"#more-features\"><i class=\"fa fa-angle-down circle-wrap\" style=\"color: #aaaaaa; font-size: 1.5em;\"><!-- icon --><\/i><\/a><\/div>\n[\/vc_column_text][\/vc_column][\/vc_row][vc_row gap=&#8221;20&#8243; css=&#8221;.vc_custom_1518473291718{border-bottom-width: 40px !important;padding-top: 50px !important;}&#8221;][vc_column][vc_row_inner][vc_column_inner][vc_column_text]\n<div id=\"more-features\"><\/div>\n<div style=\"text-align: center;\">\n<h5><span style=\"font-size: 16px; color: #555555; line-height: 1.7;\">MD Online provides native speaker translation and proofreading services. Many of our translations are carried out using CAT tools, which helps to ensure consistency throughout the entire document. Additionally, it allows us to reduce costs in the long-term for our returning customers.<\/span><\/h5>\n<\/div>\n[\/vc_column_text][\/vc_column_inner][\/vc_row_inner][vc_row_inner gap=&#8221;20&#8243;][vc_column_inner width=&#8221;1\/3&#8243;][vc_column_text]\n<div style=\"text-align: center;\">\n<div style=\"text-align: center;\"><i class=\"fa fa-handshake-o circle-wrap\" style=\"color: #e20602; font-size: 2em;\"><!-- icon --><\/i><\/div>\n<\/div>\n<div style=\"text-align: center;\">\n<h4><span style=\"color: #e20602;\"><a style=\"color: #e20602;\" title=\"A variety of language combinations \" rel=\"noopener\">A variety of language combinations <\/a><\/span><\/h4>\n<\/div>\n<div style=\"text-align: center;\">We are able to assists companies and individuals by delivering top-quality sworn translations from and into Polish. Thanks to our wide net of contacts you can get your sworn translation quickly and cost-efficiently.<\/div>\n[\/vc_column_text][\/vc_column_inner][vc_column_inner width=&#8221;1\/3&#8243;][vc_column_text]\n<div style=\"text-align: center;\"><i class=\"fa fa-address-book circle-wrap\" style=\"color: #e20602; font-size: 2em;\"><!-- icon --><\/i><\/div>\n<div style=\"text-align: center;\">\n<h4><span style=\"color: #e20602;\"><a style=\"color: #e20602;\" title=\"Your experts in the field\" rel=\"noopener\">Your experts in the field<\/a><\/span><\/h4>\n<\/div>\n<div style=\"text-align: center;\">It is believed that gaining the title of a sworn translator is a great prestige. We completely agree &#8211; the examination may be passed only by those with high language skills and broad knowledge. They ensure that the content perfectly fits the source and carries the intended meaning. Our linguists are trained professionals who keep up to date with the industry requirements and deliver top-notch final texts.<\/div>\n[\/vc_column_text][\/vc_column_inner][vc_column_inner width=&#8221;1\/3&#8243;][vc_column_text]\n<div style=\"text-align: center;\"><i class=\"fa fa-user-plus circle-wrap\" style=\"color: #e20602; font-size: 2em;\"><!-- icon --><\/i><\/div>\n<div style=\"text-align: center;\">\n<h4><span style=\"color: #e20602;\"><a style=\"color: #e20602;\" title=\"Sworn translation of both paper and electronic documents\" rel=\"noopener\">Sworn translation of both paper and electronic documents<\/a><\/span><\/h4>\n<\/div>\n<div style=\"text-align: center;\">A sworn translator can translate documents in electronic version and certify them with a qualified electronic signature. Electronic document affixed with such signature has equal legal validity as a written translation affixed with a seal and signature of a sworn translator. Sworn translation is always printed out and stamped &#8211; it is the binding and proper form.<\/div>\n[\/vc_column_text][\/vc_column_inner][\/vc_row_inner][\/vc_column][\/vc_row][vc_row full_width=&#8221;stretch_row&#8221;][vc_column]\t\t<style type=\"text\/css\">\r\n\t\t    #content-block-background-1535 { background-image: url(https:\/\/md-online.pl\/wp-content\/uploads\/sites\/2\/2019\/02\/main_header.jpg); background-position: center center; background-repeat: repeat-x; background-color: #293037; background-attachment: scroll; background-size: auto; }\r\n\t\t    #content-block-body-1535 { padding: 100px 0 80px; color: #ffffff; }\r\n\t\t    .content-block-body { margin-left: auto; margin-right: auto; position: relative; }\r\n\t\t<\/style>\r\n\t\t\t\t\t<style type=\"text\/css\">\r\n\t\t\t\t#wrapper-1 { overflow-x: hidden; }\r\n\t\t\t\t#content-block-background-1535 { margin: 0 -10000px; padding: 0 10000px; }\r\n\t\t\t<\/style>\r\n\t\t\r\n\t\t\r\n\t\t<div class=\"clear\"><\/div>\r\n\t\t<div id=\"content-block-background-1535\" class=\"content-block-background \">\r\n\t\t\t<div id=\"content-block-body-1535\" class=\"content-block-body\">\r\n\t\t\t\t<div class=\"clear\"><\/div>\r\n\t\t\t\t\n<h4 style=\"margin-bottom: 25px; text-align: center;\"><span style=\"font-size: 30px; color: #fff;\">Fast turnaround and highly competitive prices <i class=\"fa fa-globe\" style=\"color: #e20602; font-size: 1em;\"><\/i> <\/span><\/h4>\n<div style=\"margin-bottom: 20px; text-align: center;\"><span style=\"font-size: 16px; color: #ffffff;\">You will get a non-binding quote within the hour &#8211; it will include pricing details and an estimated deadline. We know your time is precious!<\/span><\/div>\n\t\t\t\t<div class=\"clear\"><\/div>\r\n\t\t\t<\/div>\r\n\t\t<\/div>\r\n\t\t<div class=\"clear\"><\/div>\r\n\t[\/vc_column][\/vc_row][vc_row full_width=&#8221;stretch_row&#8221; gap=&#8221;20&#8243; css=&#8221;.vc_custom_1518228749897{padding-top: 50px !important;padding-bottom: 50px !important;background-color: #f9f9f9 !important;}&#8221;][vc_column][vc_row_inner][vc_column_inner offset=&#8221;vc_col-lg-6 vc_col-md-6 vc_col-xs-12&#8243;][vc_single_image image=&#8221;5854&#8243; img_size=&#8221;full&#8221; alignment=&#8221;center&#8221; css_animation=&#8221;fadeInUp&#8221;][\/vc_column_inner][vc_column_inner offset=&#8221;vc_col-lg-6 vc_col-md-6 vc_col-xs-12&#8243;][vc_column_text css_animation=&#8221;zoomIn&#8221;]\n<h3>Why order a sworn translation service<\/h3>\n<p>Sworn translation retains its legal relevance; in simple terms, it is seen as an equally important counterpart. For this reason, it is usually needed in case of judicial and official documents, such as diplomas, attestations, personal documents (passports, driving licences, ID cards), birth certificates, marriage certificates, death certificates, last will and testaments, notary acts, invoices, financial statements, banking documentation, medical documentation (also test results and medical opinions), procedural documents, minutes, reports, testimonies, powers of attorney, court rulings, motions, petitions, appeals, registration documents, entries in land and mortgage register. Whenever you need a translation that is legally binding, a sworn translation is the service you need.[\/vc_column_text][\/vc_column_inner][\/vc_row_inner][\/vc_column][\/vc_row][vc_row css=&#8221;.vc_custom_1552241135057{margin-top: -50px !important;}&#8221;][vc_column]\t\t<style type=\"text\/css\">\r\n\t\t    #content-block-background-1237 { background-image: url(https:\/\/md-online.pl\/wp-content\/uploads\/sites\/2\/2019\/03\/ecorrector-on-mobile-phone.jpg); background-position: center top; background-repeat: repeat-x; background-color: #7a7a7a; background-attachment: scroll; background-size: auto; }\r\n\t\t    #content-block-body-1237 { padding: 100px 0; color: #5e5e5e; }\r\n\t\t    .content-block-body { margin-left: auto; margin-right: auto; position: relative; }\r\n\t\t<\/style>\r\n\t\t\t\t\t<style type=\"text\/css\">\r\n\t\t\t\t#wrapper-1 { overflow-x: hidden; }\r\n\t\t\t\t#content-block-background-1237 { margin: 0 -10000px; padding: 0 10000px; }\r\n\t\t\t<\/style>\r\n\t\t\r\n\t\t\r\n\t\t<div class=\"clear\"><\/div>\r\n\t\t<div id=\"content-block-background-1237\" class=\"content-block-background \">\r\n\t\t\t<div id=\"content-block-body-1237\" class=\"content-block-body\">\r\n\t\t\t\t<div class=\"clear\"><\/div>\r\n\t\t\t\t\n<h4 style=\"margin-bottom: 25px;\"><span style=\"font-size: 30px; color: #000;\">The scope of the <span style=\"color: #e20602;\">sworn translation <\/span>services <\/span><\/h4>\n<div class=\"one_half\">\n<div style=\"margin-bottom: 10px;\">\n<p style=\"text-align: justify;\">According to Polish law, all translations needed for legal transactions must be done by a sworn translator who has obtained the right to practise the profession in Poland. One sworn translation page usually consists of 1125 characters, including spaces. All visible print characters (letters, punctuation marks, hyphens, numbers, and spaces) are included in the number of characters. Every started translation page is treated as a full page.<\/p>\n<p style=\"text-align: justify;\">If you wish to discuss the service in person or collect your sworn translation, we invite you to our office in Warsaw and \u0141\u00f3d\u017a. We can arrange a meeting that will shed light on whatever doubts you have regarding sworn translations.<\/p>\n<\/div>\n<\/div>\n\t\t\t\t<div class=\"clear\"><\/div>\r\n\t\t\t<\/div>\r\n\t\t<\/div>\r\n\t\t<div class=\"clear\"><\/div>\r\n\t[\/vc_column][\/vc_row][vc_row full_width=&#8221;stretch_row&#8221; content_placement=&#8221;middle&#8221; parallax=&#8221;content-moving&#8221; parallax_image=&#8221;6144&#8243; parallax_speed_bg=&#8221;2&#8243; css=&#8221;.vc_custom_1552427594445{padding-top: 20px !important;padding-bottom: 20px !important;background: #293037 url(http:\/\/md-online.pl\/wp-content\/uploads\/sites\/2\/2019\/03\/backgroun-native-speaker.jpg?id=6144);background-position:center;background-repeat: no-repeat !important;background-size: cover !important;}&#8221;][vc_column][vc_column_text css_animation=&#8221;none&#8221;]\n<h3 style=\"color: #ffffff !important; text-align: center;\"><strong>Quality Assurance<\/strong><\/h3>\n[\/vc_column_text][vc_column_text css_animation=&#8221;none&#8221; css=&#8221;.vc_custom_1579552837709{margin-bottom: 25px !important;}&#8221;]\n<p style=\"color: #f1f1f1;\"><strong>Delivering high quality is important to MD Online. We understand that sworn translation is more than a simple text, its value is equal to that of the official document. As we care deeply about quality, we have introduced several quality assurance procedures to ensure that the product of this service is not at risk. We constantly monitor the performance of our sworn translators so you receive a professionally prepared sworn translation.<\/strong><\/p>\n[\/vc_column_text][\/vc_column][\/vc_row][vc_row full_width=&#8221;stretch_row&#8221; css=&#8221;.vc_custom_1552241067262{margin-bottom: -20px !important;}&#8221;][vc_column]\t\t<style type=\"text\/css\">\r\n\t\t    #content-block-background-1935 { background-image: url(); background-position: center top; background-repeat: no-repeat; background-color: #e20602; background-attachment: fixed; background-size: auto; }\r\n\t\t    #content-block-body-1935 { padding: 40px 0; color: #ffffff; }\r\n\t\t    .content-block-body { margin-left: auto; margin-right: auto; position: relative; }\r\n\t\t<\/style>\r\n\t\t\t\t\t<style type=\"text\/css\">\r\n\t\t\t\t#wrapper-1 { overflow-x: hidden; }\r\n\t\t\t\t#content-block-background-1935 { margin: 0 -10000px; padding: 0 10000px; }\r\n\t\t\t<\/style>\r\n\t\t\r\n\t\t\r\n\t\t<div class=\"clear\"><\/div>\r\n\t\t<div id=\"content-block-background-1935\" class=\"content-block-background \">\r\n\t\t\t<div id=\"content-block-body-1935\" class=\"content-block-body\">\r\n\t\t\t\t<div class=\"clear\"><\/div>\r\n\t\t\t\t\n<h3 style=\"float: left; margin: 10px 0; font-size: 20px !important; color: #fff;\">Send text for a free evaluation!<\/h3>\n<a class=\"flat-custom-button align-btn-right\" href=\"http:\/\/md-online.pl\/en\/send-text-for-free-evaluation\/\" title=\"send text\" target=\"_blank\"><span style=\"padding:15px 20px; background-color:transparent; border:2px solid #FFFFFF; color:#FFFFFF; font-size:14px;\">send text<\/span><\/a>\t\t\t\t<div class=\"clear\"><\/div>\r\n\t\t\t<\/div>\r\n\t\t<\/div>\r\n\t\t<div class=\"clear\"><\/div>\r\n\t[\/vc_column][\/vc_row]\n","protected":false},"excerpt":{"rendered":"<p>[vc_row full_width=&#8221;stretch_row&#8221; css=&#8221;.vc_custom_1579554103087{background-image: url(http:\/\/md-online.pl\/wp-content\/uploads\/sites\/2\/2019\/02\/page-1_slide01.jpg?id=5533) !important;}&#8221;][vc_column][vc_column_text][vc_row full_width=&#8221;stretch_row&#8221; css=&#8221;.vc_custom_1554827044097{margin-top: -30px !important;background-image: url(http:\/\/md-online.pl\/wp-content\/uploads\/sites\/2\/2019\/02\/page-1_slide01.jpg?id=5533) !important;}&#8221;][vc_column][vc_column_text] Sworn translations MD Online is a translation agency that adjusts to your needs &#8211; if you need an official confirmation that translation is true to the source text, we offer our sworn translation services. It usually regards official correspondence, such as administrative and court letters, birth, marriage or death certificates, foreign employment records, etc. Whatever the reason, rest assured that our translations are 100% human and completed in accordance with the art of sworn translation. [\/vc_column_text][vc_separator color=&#8221;white&#8221; border_width=&#8221;3&#8243; el_width=&#8221;80&#8243;][vc_column_text] [\/vc_column_text][\/vc_column][\/vc_row][vc_row gap=&#8221;20&#8243; css=&#8221;.vc_custom_1518473291718{border-bottom-width: 40px !important;padding-top: 50px !important;}&#8221;][vc_column][vc_row_inner][vc_column_inner][vc_column_text] MD Online provides native speaker translation and proofreading services. Many of our translations are carried out using CAT tools, which helps to ensure consistency throughout the entire document. Additionally, it allows us to reduce costs in the long-term for our returning customers. [\/vc_column_text][\/vc_column_inner][\/vc_row_inner][vc_row_inner gap=&#8221;20&#8243;][vc_column_inner width=&#8221;1\/3&#8243;][vc_column_text] A variety of language combinations We are able<\/p>\n","protected":false},"author":1,"featured_media":0,"parent":0,"menu_order":0,"comment_status":"closed","ping_status":"closed","template":"page-FullWidth.php","meta":{"_monsterinsights_skip_tracking":false,"_monsterinsights_sitenote_active":false,"_monsterinsights_sitenote_note":"","_monsterinsights_sitenote_category":0,"footnotes":""},"class_list":["post-5567","page","type-page","status-publish","hentry"],"yoast_head":"<!-- This site is optimized with the Yoast SEO plugin v21.0 - https:\/\/yoast.com\/wordpress\/plugins\/seo\/ -->\n<title>Sworn translations - MD Online<\/title>\n<meta name=\"robots\" content=\"index, follow, max-snippet:-1, max-image-preview:large, max-video-preview:-1\" \/>\n<link rel=\"canonical\" href=\"https:\/\/md-online.pl\/en\/sworn-translations\/\" \/>\n<meta property=\"og:locale\" content=\"en_US\" \/>\n<meta property=\"og:type\" content=\"article\" \/>\n<meta property=\"og:title\" content=\"Sworn translations - MD Online\" \/>\n<meta property=\"og:description\" content=\"[vc_row full_width=&#8221;stretch_row&#8221; css=&#8221;.vc_custom_1579554103087{background-image: url(http:\/\/md-online.pl\/wp-content\/uploads\/sites\/2\/2019\/02\/page-1_slide01.jpg?id=5533) !important;}&#8221;][vc_column][vc_column_text][vc_row full_width=&#8221;stretch_row&#8221; css=&#8221;.vc_custom_1554827044097{margin-top: -30px !important;background-image: url(http:\/\/md-online.pl\/wp-content\/uploads\/sites\/2\/2019\/02\/page-1_slide01.jpg?id=5533) !important;}&#8221;][vc_column][vc_column_text] Sworn translations MD Online is a translation agency that adjusts to your needs &#8211; if you need an official confirmation that translation is true to the source text, we offer our sworn translation services. It usually regards official correspondence, such as administrative and court letters, birth, marriage or death certificates, foreign employment records, etc. Whatever the reason, rest assured that our translations are 100% human and completed in accordance with the art of sworn translation. [\/vc_column_text][vc_separator color=&#8221;white&#8221; border_width=&#8221;3&#8243; el_width=&#8221;80&#8243;][vc_column_text] [\/vc_column_text][\/vc_column][\/vc_row][vc_row gap=&#8221;20&#8243; css=&#8221;.vc_custom_1518473291718{border-bottom-width: 40px !important;padding-top: 50px !important;}&#8221;][vc_column][vc_row_inner][vc_column_inner][vc_column_text] MD Online provides native speaker translation and proofreading services. Many of our translations are carried out using CAT tools, which helps to ensure consistency throughout the entire document. Additionally, it allows us to reduce costs in the long-term for our returning customers. [\/vc_column_text][\/vc_column_inner][\/vc_row_inner][vc_row_inner gap=&#8221;20&#8243;][vc_column_inner width=&#8221;1\/3&#8243;][vc_column_text] A variety of language combinations We are able\" \/>\n<meta property=\"og:url\" content=\"https:\/\/md-online.pl\/en\/sworn-translations\/\" \/>\n<meta property=\"og:site_name\" content=\"MD Online\" \/>\n<meta property=\"article:modified_time\" content=\"2023-01-26T17:11:34+00:00\" \/>\n<meta name=\"twitter:card\" content=\"summary_large_image\" \/>\n<meta name=\"twitter:label1\" content=\"Est. reading time\" \/>\n\t<meta name=\"twitter:data1\" content=\"6 minutes\" \/>\n<script type=\"application\/ld+json\" class=\"yoast-schema-graph\">{\"@context\":\"https:\/\/schema.org\",\"@graph\":[{\"@type\":\"WebPage\",\"@id\":\"https:\/\/md-online.pl\/en\/sworn-translations\/\",\"url\":\"https:\/\/md-online.pl\/en\/sworn-translations\/\",\"name\":\"Sworn translations - MD Online\",\"isPartOf\":{\"@id\":\"https:\/\/md-online.pl\/en\/#website\"},\"datePublished\":\"2019-02-21T20:22:13+00:00\",\"dateModified\":\"2023-01-26T17:11:34+00:00\",\"breadcrumb\":{\"@id\":\"https:\/\/md-online.pl\/en\/sworn-translations\/#breadcrumb\"},\"inLanguage\":\"en-US\",\"potentialAction\":[{\"@type\":\"ReadAction\",\"target\":[\"https:\/\/md-online.pl\/en\/sworn-translations\/\"]}]},{\"@type\":\"BreadcrumbList\",\"@id\":\"https:\/\/md-online.pl\/en\/sworn-translations\/#breadcrumb\",\"itemListElement\":[{\"@type\":\"ListItem\",\"position\":1,\"name\":\"Strona g\u0142\u00f3wna\",\"item\":\"https:\/\/md-online.pl\/en\/\"},{\"@type\":\"ListItem\",\"position\":2,\"name\":\"Sworn translations\"}]},{\"@type\":\"WebSite\",\"@id\":\"https:\/\/md-online.pl\/en\/#website\",\"url\":\"https:\/\/md-online.pl\/en\/\",\"name\":\"MD Online\",\"description\":\"Expert Translation Support\",\"potentialAction\":[{\"@type\":\"SearchAction\",\"target\":{\"@type\":\"EntryPoint\",\"urlTemplate\":\"https:\/\/md-online.pl\/en\/?s={search_term_string}\"},\"query-input\":\"required name=search_term_string\"}],\"inLanguage\":\"en-US\"}]}<\/script>\n<!-- \/ Yoast SEO plugin. -->","yoast_head_json":{"title":"Sworn translations - MD Online","robots":{"index":"index","follow":"follow","max-snippet":"max-snippet:-1","max-image-preview":"max-image-preview:large","max-video-preview":"max-video-preview:-1"},"canonical":"https:\/\/md-online.pl\/en\/sworn-translations\/","og_locale":"en_US","og_type":"article","og_title":"Sworn translations - MD Online","og_description":"[vc_row full_width=&#8221;stretch_row&#8221; css=&#8221;.vc_custom_1579554103087{background-image: url(http:\/\/md-online.pl\/wp-content\/uploads\/sites\/2\/2019\/02\/page-1_slide01.jpg?id=5533) !important;}&#8221;][vc_column][vc_column_text][vc_row full_width=&#8221;stretch_row&#8221; css=&#8221;.vc_custom_1554827044097{margin-top: -30px !important;background-image: url(http:\/\/md-online.pl\/wp-content\/uploads\/sites\/2\/2019\/02\/page-1_slide01.jpg?id=5533) !important;}&#8221;][vc_column][vc_column_text] Sworn translations MD Online is a translation agency that adjusts to your needs &#8211; if you need an official confirmation that translation is true to the source text, we offer our sworn translation services. It usually regards official correspondence, such as administrative and court letters, birth, marriage or death certificates, foreign employment records, etc. Whatever the reason, rest assured that our translations are 100% human and completed in accordance with the art of sworn translation. [\/vc_column_text][vc_separator color=&#8221;white&#8221; border_width=&#8221;3&#8243; el_width=&#8221;80&#8243;][vc_column_text] [\/vc_column_text][\/vc_column][\/vc_row][vc_row gap=&#8221;20&#8243; css=&#8221;.vc_custom_1518473291718{border-bottom-width: 40px !important;padding-top: 50px !important;}&#8221;][vc_column][vc_row_inner][vc_column_inner][vc_column_text] MD Online provides native speaker translation and proofreading services. Many of our translations are carried out using CAT tools, which helps to ensure consistency throughout the entire document. Additionally, it allows us to reduce costs in the long-term for our returning customers. [\/vc_column_text][\/vc_column_inner][\/vc_row_inner][vc_row_inner gap=&#8221;20&#8243;][vc_column_inner width=&#8221;1\/3&#8243;][vc_column_text] A variety of language combinations We are able","og_url":"https:\/\/md-online.pl\/en\/sworn-translations\/","og_site_name":"MD Online","article_modified_time":"2023-01-26T17:11:34+00:00","twitter_card":"summary_large_image","twitter_misc":{"Est. reading time":"6 minutes"},"schema":{"@context":"https:\/\/schema.org","@graph":[{"@type":"WebPage","@id":"https:\/\/md-online.pl\/en\/sworn-translations\/","url":"https:\/\/md-online.pl\/en\/sworn-translations\/","name":"Sworn translations - MD Online","isPartOf":{"@id":"https:\/\/md-online.pl\/en\/#website"},"datePublished":"2019-02-21T20:22:13+00:00","dateModified":"2023-01-26T17:11:34+00:00","breadcrumb":{"@id":"https:\/\/md-online.pl\/en\/sworn-translations\/#breadcrumb"},"inLanguage":"en-US","potentialAction":[{"@type":"ReadAction","target":["https:\/\/md-online.pl\/en\/sworn-translations\/"]}]},{"@type":"BreadcrumbList","@id":"https:\/\/md-online.pl\/en\/sworn-translations\/#breadcrumb","itemListElement":[{"@type":"ListItem","position":1,"name":"Strona g\u0142\u00f3wna","item":"https:\/\/md-online.pl\/en\/"},{"@type":"ListItem","position":2,"name":"Sworn translations"}]},{"@type":"WebSite","@id":"https:\/\/md-online.pl\/en\/#website","url":"https:\/\/md-online.pl\/en\/","name":"MD Online","description":"Expert Translation Support","potentialAction":[{"@type":"SearchAction","target":{"@type":"EntryPoint","urlTemplate":"https:\/\/md-online.pl\/en\/?s={search_term_string}"},"query-input":"required name=search_term_string"}],"inLanguage":"en-US"}]}},"_links":{"self":[{"href":"https:\/\/md-online.pl\/en\/wp-json\/wp\/v2\/pages\/5567","targetHints":{"allow":["GET"]}}],"collection":[{"href":"https:\/\/md-online.pl\/en\/wp-json\/wp\/v2\/pages"}],"about":[{"href":"https:\/\/md-online.pl\/en\/wp-json\/wp\/v2\/types\/page"}],"author":[{"embeddable":true,"href":"https:\/\/md-online.pl\/en\/wp-json\/wp\/v2\/users\/1"}],"replies":[{"embeddable":true,"href":"https:\/\/md-online.pl\/en\/wp-json\/wp\/v2\/comments?post=5567"}],"version-history":[{"count":0,"href":"https:\/\/md-online.pl\/en\/wp-json\/wp\/v2\/pages\/5567\/revisions"}],"wp:attachment":[{"href":"https:\/\/md-online.pl\/en\/wp-json\/wp\/v2\/media?parent=5567"}],"curies":[{"name":"wp","href":"https:\/\/api.w.org\/{rel}","templated":true}]}}